{"id":59083,"date":"2024-10-03T21:13:27","date_gmt":"2024-10-03T19:13:27","guid":{"rendered":"https:\/\/de-prime.com\/?p=59083"},"modified":"2024-10-03T21:37:48","modified_gmt":"2024-10-03T19:37:48","slug":"ridder-zahnputzbecher-220-ml-zementgrau","status":"publish","type":"product","link":"https:\/\/de-prime.com\/index.php\/product\/ridder-zahnputzbecher-220-ml-zementgrau\/","title":{"rendered":"RIDDER Zahnputzbecher 220 ml Zementgrau"},"content":{"rendered":"<p>Verleihe deinem Badezimmer einen industriellen und zugleich warmen Look, indem du es mit diesem sch\u00f6nen Zahnputzbecher in Zement-Optik von RIDDER ausstattest. Aus Zement, Polyresin und einem Hauch von Bambus gefertigt, eignet sich dieser stilvolle 220-ml-Becher nicht nur perfekt zur Aufbewahrung von Zahnb\u00fcrsten, Make-up und anderen Accessoires, sondern verleiht dem Bad gleichzeitig auch eine warme Atmosph\u00e4re. Dar\u00fcber hinaus bestehen die RIDDER Badaccessoires in Zement-Optik aus praktischen und trendigen Artikeln f\u00fcr den t\u00e4glichen Gebrauch \u2013 mit UV-best\u00e4ndigen Farben und einer langen Lebensdauer.<\/p>\n<ul>\n<li>Farbe: Zementgrau<\/li>\n<li>Material: Zement; Polyresin<\/li>\n<li>Abmessungen: 7,6 x 7,6 x 9,4 cm (L x B x H)<\/li>\n<li>Fassungsverm\u00f6gen: ca. 220 ml<\/li>\n<li>UV-best\u00e4ndig<\/li>\n<li>Nicht sp\u00fclmaschinenfest<\/li>\n<\/ul>\n","protected":false},"excerpt":{"rendered":"<ul>\n<li>Farbe: Zementgrau<\/li>\n<li>Material: Zement; Polyresin<\/li>\n<li>Abmessungen: 7,6 x 7,6 x 9,4 cm (L x B x H)<\/li>\n<li>Fassungsverm\u00f6gen: ca. 220 ml<\/li>\n<li>UV-best\u00e4ndig<\/li>\n<li>Nicht sp\u00fclmaschinenfest<\/li>\n<\/ul>\n","protected":false},"featured_media":10000059083,"comment_status":"closed","ping_status":"closed","template":"","meta":[],"product_brand":[],"product_cat":[7057,7048,7129],"product_tag":[],"class_list":{"0":"post-59083","1":"product","2":"type-product","3":"status-publish","4":"has-post-thumbnail","6":"product_cat-badzubehoer","7":"product_cat-heim-garten","8":"product_cat-zahnbuerstenhalter","10":"first","11":"instock","12":"taxable","13":"shipping-taxable","14":"purchasable","15":"product-type-simple","16":"add-to-wishlist-after_add_to_cart"},"jetpack_sharing_enabled":true,"_links":{"self":[{"href":"https:\/\/de-prime.com\/index.php\/wp-json\/wp\/v2\/product\/59083","targetHints":{"allow":["GET"]}}],"collection":[{"href":"https:\/\/de-prime.com\/index.php\/wp-json\/wp\/v2\/product"}],"about":[{"href":"https:\/\/de-prime.com\/index.php\/wp-json\/wp\/v2\/types\/product"}],"replies":[{"embeddable":true,"href":"https:\/\/de-prime.com\/index.php\/wp-json\/wp\/v2\/comments?post=59083"}],"wp:featuredmedia":[{"embeddable":true,"href":"https:\/\/de-prime.com\/index.php\/wp-json\/"}],"wp:attachment":[{"href":"https:\/\/de-prime.com\/index.php\/wp-json\/wp\/v2\/media?parent=59083"}],"wp:term":[{"taxonomy":"product_brand","embeddable":true,"href":"https:\/\/de-prime.com\/index.php\/wp-json\/wp\/v2\/product_brand?post=59083"},{"taxonomy":"product_cat","embeddable":true,"href":"https:\/\/de-prime.com\/index.php\/wp-json\/wp\/v2\/product_cat?post=59083"},{"taxonomy":"product_tag","embeddable":true,"href":"https:\/\/de-prime.com\/index.php\/wp-json\/wp\/v2\/product_tag?post=59083"}],"curies":[{"name":"wp","href":"https:\/\/api.w.org\/{rel}","templated":true}]}}