{"id":59034,"date":"2024-10-04T11:23:49","date_gmt":"2024-10-04T09:23:49","guid":{"rendered":"https:\/\/de-prime.com\/?p=59034"},"modified":"2024-10-04T11:23:49","modified_gmt":"2024-10-04T09:23:49","slug":"kleine-wolke-duschkorb-rocco-dreieckig-aluminium","status":"publish","type":"product","link":"https:\/\/de-prime.com\/index.php\/product\/kleine-wolke-duschkorb-rocco-dreieckig-aluminium\/","title":{"rendered":"Kleine Wolke Duschkorb Rocco Dreieckig Aluminium"},"content":{"rendered":"<p>M\u00f6chten Sie Ihre Dusch- und Badeartikel beim Duschen griffbereit halten, ohne dabei Ihre Badezimmerw\u00e4nde mit L\u00f6chern zu ruinieren? Dann bietet dieser dreieckige Rocco Alu-Duschkorb von Kleine Wolke dank seiner einzigartigen Halterung die perfekte L\u00f6sung! Durch dieses selbstklebende, statische System lassen sich die F!X + REMOVE Produkte von Kleine Wolke problemlos auf allen Badezimmeroberfl\u00e4chen immer wieder anwenden! Der Duschkorb l\u00e4sst sich dadurch einfach, schnell und sauber montieren und kann auch ein Gewicht von bis zu 3 kg tragen. Die Rocco Duschablage ist aus Aluminium gefertigt, einem leichten und robusten Material, das nicht nur korrosionsbest\u00e4ndig, sondern auch nachhaltig und zu 100 % recycelbar ist. Dieser Duschkorb besteht aus einer praktischen Ablage in dreieckiger Form. Was k\u00f6nnte mehr Spa\u00df machen, als Ihren Badezimmerbereich mit diesen formsch\u00f6nen Duschablagen von Kleine Wolke zu dekorieren, um Ihrem Badezimmer einen einzigartigen Look zu verleihen!<\/p>\n<ul>\n<li>Farbe: Silber<\/li>\n<li>Material: Aluminium<\/li>\n<li>Abmessungen: 25,4 x 13,5 x 4,5 cm (B x T x H)<\/li>\n<li>Tragf\u00e4higkeit: Max. 3 kg<\/li>\n<li>Selbstklebend mit statischer Aufladung<\/li>\n<li>Einfache, schnelle und saubere Montage: F!X + REMOVE<\/li>\n<li>R\u00fcckstandsfrei abl\u00f6sbar<\/li>\n<li>Hohe Belastbarkeit<\/li>\n<li>Auf vielen Oberfl\u00e4chen anwendbar<\/li>\n<li>Wasserdicht<\/li>\n<li>Einfach zu montieren<\/li>\n<\/ul>\n","protected":false},"excerpt":{"rendered":"<ul>\n<li>Farbe: Silber<\/li>\n<li>Material: Aluminium<\/li>\n<li>Abmessungen: 25,4 x 13,5 x 4,5 cm (B x T x H)<\/li>\n<li>Tragf\u00e4higkeit: Max. 3 kg<\/li>\n<li>Selbstklebend mit statischer Aufladung<\/li>\n<li>Einfache, schnelle und saubere Montage: F!X + REMOVE<\/li>\n<li>R\u00fcckstandsfrei abl\u00f6sbar<\/li>\n<li>Hohe Belastbarkeit<\/li>\n<li>Auf vielen Oberfl\u00e4chen anwendbar<\/li>\n<li>Wasserdicht<\/li>\n<li>Einfach zu montieren<\/li>\n<\/ul>\n","protected":false},"featured_media":10000059034,"comment_status":"closed","ping_status":"closed","template":"","meta":[],"product_brand":[],"product_cat":[7057,7048,7119],"product_tag":[],"class_list":{"0":"post-59034","1":"product","2":"type-product","3":"status-publish","4":"has-post-thumbnail","6":"product_cat-badzubehoer","7":"product_cat-heim-garten","8":"product_cat-seifenschalen-halter","10":"first","11":"outofstock","12":"taxable","13":"shipping-taxable","14":"purchasable","15":"product-type-simple","16":"add-to-wishlist-after_add_to_cart"},"jetpack_sharing_enabled":true,"_links":{"self":[{"href":"https:\/\/de-prime.com\/index.php\/wp-json\/wp\/v2\/product\/59034","targetHints":{"allow":["GET"]}}],"collection":[{"href":"https:\/\/de-prime.com\/index.php\/wp-json\/wp\/v2\/product"}],"about":[{"href":"https:\/\/de-prime.com\/index.php\/wp-json\/wp\/v2\/types\/product"}],"replies":[{"embeddable":true,"href":"https:\/\/de-prime.com\/index.php\/wp-json\/wp\/v2\/comments?post=59034"}],"wp:featuredmedia":[{"embeddable":true,"href":"https:\/\/de-prime.com\/index.php\/wp-json\/"}],"wp:attachment":[{"href":"https:\/\/de-prime.com\/index.php\/wp-json\/wp\/v2\/media?parent=59034"}],"wp:term":[{"taxonomy":"product_brand","embeddable":true,"href":"https:\/\/de-prime.com\/index.php\/wp-json\/wp\/v2\/product_brand?post=59034"},{"taxonomy":"product_cat","embeddable":true,"href":"https:\/\/de-prime.com\/index.php\/wp-json\/wp\/v2\/product_cat?post=59034"},{"taxonomy":"product_tag","embeddable":true,"href":"https:\/\/de-prime.com\/index.php\/wp-json\/wp\/v2\/product_tag?post=59034"}],"curies":[{"name":"wp","href":"https:\/\/api.w.org\/{rel}","templated":true}]}}