{"id":59025,"date":"2024-10-03T21:14:10","date_gmt":"2024-10-03T19:14:10","guid":{"rendered":"https:\/\/de-prime.com\/?p=59025"},"modified":"2024-10-03T21:37:15","modified_gmt":"2024-10-03T19:37:15","slug":"hi-sensor-seifenspender-330-ml-weiss","status":"publish","type":"product","link":"https:\/\/de-prime.com\/index.php\/product\/hi-sensor-seifenspender-330-ml-weiss\/","title":{"rendered":"HI Sensor-Seifenspender 330 ml Wei\u00df"},"content":{"rendered":"<p>Dieser Sensor-Seifenspender von HI ist eine ausgezeichnete Wahl, wenn Hygiene im Haus oder B\u00fcro h\u00f6chste Priorit\u00e4t genie\u00dft. Dank des Sensors muss der Spender \u00fcberhaupt nicht ber\u00fchrt werden. Praktisches Design: Wenn du deine Hand direkt unter den Sensor h\u00e4ltst, wird eine kleine Menge Seife ausgegeben, sodass du den Spender nicht einmal ber\u00fchren musst und die perfekte Menge Seife erh\u00e4ltst!Breite Anwendung: Der Seifenspender l\u00e4sst sich in deinem Zuhause oder B\u00fcro als Waschmittelspender mit Sensor und als Sensor-Seifenspender im Badezimmer verwenden. Er ist auch f\u00fcr Shampoo, Haarsp\u00fclung, Duschgel usw. geeignet.Modernes Design: Der Spender weist ein funktionelles, modernes Design auf, das zu jeder Einrichtung passt und deinen G\u00e4sten einen bleibenden Eindruck hinterl\u00e4sst. Die Reinigung erfolgt m\u00fchelos und der Spender l\u00e4sst sich einfach und schnell nachf\u00fcllen.<\/p>\n<ul>\n<li>Farbe: Wei\u00df<\/li>\n<li>Material: Kunststoff<\/li>\n<li>Abmessungen: 8 x 12,5 x 19,5 cm (L x B x H)<\/li>\n<li>Fassungsverm\u00f6gen: Ca. 330 ml<\/li>\n<li>Geeignet f\u00fcr Seife und Desinfektion<\/li>\n<li>Erforderliche Batterien: 4 x AAA 1,5 V (nicht im Lieferumfang enthalten)<\/li>\n<\/ul>\n","protected":false},"excerpt":{"rendered":"<ul>\n<li>Farbe: Wei\u00df<\/li>\n<li>Material: Kunststoff<\/li>\n<li>Abmessungen: 8 x 12,5 x 19,5 cm (L x B x H)<\/li>\n<li>Fassungsverm\u00f6gen: Ca. 330 ml<\/li>\n<li>Geeignet f\u00fcr Seife und Desinfektion<\/li>\n<li>Erforderliche Batterien: 4 x AAA 1,5 V (nicht im Lieferumfang enthalten)<\/li>\n<\/ul>\n","protected":false},"featured_media":10000059025,"comment_status":"closed","ping_status":"closed","template":"","meta":[],"product_brand":[],"product_cat":[7057,7048,7118],"product_tag":[],"class_list":{"0":"post-59025","1":"product","2":"type-product","3":"status-publish","4":"has-post-thumbnail","6":"product_cat-badzubehoer","7":"product_cat-heim-garten","8":"product_cat-seifen-lotionsspender","10":"first","11":"instock","12":"taxable","13":"shipping-taxable","14":"purchasable","15":"product-type-simple","16":"add-to-wishlist-after_add_to_cart"},"jetpack_sharing_enabled":true,"_links":{"self":[{"href":"https:\/\/de-prime.com\/index.php\/wp-json\/wp\/v2\/product\/59025","targetHints":{"allow":["GET"]}}],"collection":[{"href":"https:\/\/de-prime.com\/index.php\/wp-json\/wp\/v2\/product"}],"about":[{"href":"https:\/\/de-prime.com\/index.php\/wp-json\/wp\/v2\/types\/product"}],"replies":[{"embeddable":true,"href":"https:\/\/de-prime.com\/index.php\/wp-json\/wp\/v2\/comments?post=59025"}],"wp:featuredmedia":[{"embeddable":true,"href":"https:\/\/de-prime.com\/index.php\/wp-json\/"}],"wp:attachment":[{"href":"https:\/\/de-prime.com\/index.php\/wp-json\/wp\/v2\/media?parent=59025"}],"wp:term":[{"taxonomy":"product_brand","embeddable":true,"href":"https:\/\/de-prime.com\/index.php\/wp-json\/wp\/v2\/product_brand?post=59025"},{"taxonomy":"product_cat","embeddable":true,"href":"https:\/\/de-prime.com\/index.php\/wp-json\/wp\/v2\/product_cat?post=59025"},{"taxonomy":"product_tag","embeddable":true,"href":"https:\/\/de-prime.com\/index.php\/wp-json\/wp\/v2\/product_tag?post=59025"}],"curies":[{"name":"wp","href":"https:\/\/api.w.org\/{rel}","templated":true}]}}