{"id":59024,"date":"2024-10-03T21:14:10","date_gmt":"2024-10-03T19:14:10","guid":{"rendered":"https:\/\/de-prime.com\/?p=59024"},"modified":"2024-10-03T21:37:15","modified_gmt":"2024-10-03T19:37:15","slug":"metaltex-seifenspender-soap-tex","status":"publish","type":"product","link":"https:\/\/de-prime.com\/index.php\/product\/metaltex-seifenspender-soap-tex\/","title":{"rendered":"Metaltex Seifenspender Soap-Tex"},"content":{"rendered":"<p>Der ingeni\u00f6se Soap-Tex Seifenspender von Metaltex ist ein praktischer Fl\u00fcssigseifenspender mit Schwammhalter. Es ist wirklich hygienisch in der Anwendung: Halte den Spender sauber, indem du mit dem Handr\u00fccken dr\u00fcckst. Er verf\u00fcgt \u00fcber einen rutschfesten Boden und einen Ringhalter. Dank des drehbaren Pumpenkopfes passt sich dieser hygienische Seifenspender leicht an verschiedene Waschbecken an.<\/p>\n<ul>\n<li>Farbe: Grau<\/li>\n<li>Material: ABS-Kunststoff<\/li>\n<li>Abmessungen: 11 x 8 x 22 cm (B x T x H)<\/li>\n<li>Fl\u00fcssigseifenspender mit Schwammhalter<\/li>\n<li>Halte den Spender durch Dr\u00fccken mit dem Handr\u00fccken sauber<\/li>\n<li>Rutschfester Boden<\/li>\n<li>Mit Ringhalter<\/li>\n<li>Drehbarer Pumpenkopf<\/li>\n<\/ul>\n","protected":false},"excerpt":{"rendered":"<ul>\n<li>Farbe: Grau<\/li>\n<li>Material: ABS-Kunststoff<\/li>\n<li>Abmessungen: 11 x 8 x 22 cm (B x T x H)<\/li>\n<li>Fl\u00fcssigseifenspender mit Schwammhalter<\/li>\n<li>Halte den Spender durch Dr\u00fccken mit dem Handr\u00fccken sauber<\/li>\n<li>Rutschfester Boden<\/li>\n<li>Mit Ringhalter<\/li>\n<li>Drehbarer Pumpenkopf<\/li>\n<\/ul>\n","protected":false},"featured_media":10000059024,"comment_status":"closed","ping_status":"closed","template":"","meta":[],"product_brand":[],"product_cat":[7057,7048,7118],"product_tag":[],"class_list":{"0":"post-59024","1":"product","2":"type-product","3":"status-publish","4":"has-post-thumbnail","6":"product_cat-badzubehoer","7":"product_cat-heim-garten","8":"product_cat-seifen-lotionsspender","10":"first","11":"outofstock","12":"taxable","13":"shipping-taxable","14":"purchasable","15":"product-type-simple","16":"add-to-wishlist-after_add_to_cart"},"jetpack_sharing_enabled":true,"_links":{"self":[{"href":"https:\/\/de-prime.com\/index.php\/wp-json\/wp\/v2\/product\/59024","targetHints":{"allow":["GET"]}}],"collection":[{"href":"https:\/\/de-prime.com\/index.php\/wp-json\/wp\/v2\/product"}],"about":[{"href":"https:\/\/de-prime.com\/index.php\/wp-json\/wp\/v2\/types\/product"}],"replies":[{"embeddable":true,"href":"https:\/\/de-prime.com\/index.php\/wp-json\/wp\/v2\/comments?post=59024"}],"wp:featuredmedia":[{"embeddable":true,"href":"https:\/\/de-prime.com\/index.php\/wp-json\/"}],"wp:attachment":[{"href":"https:\/\/de-prime.com\/index.php\/wp-json\/wp\/v2\/media?parent=59024"}],"wp:term":[{"taxonomy":"product_brand","embeddable":true,"href":"https:\/\/de-prime.com\/index.php\/wp-json\/wp\/v2\/product_brand?post=59024"},{"taxonomy":"product_cat","embeddable":true,"href":"https:\/\/de-prime.com\/index.php\/wp-json\/wp\/v2\/product_cat?post=59024"},{"taxonomy":"product_tag","embeddable":true,"href":"https:\/\/de-prime.com\/index.php\/wp-json\/wp\/v2\/product_tag?post=59024"}],"curies":[{"name":"wp","href":"https:\/\/api.w.org\/{rel}","templated":true}]}}