{"id":59023,"date":"2024-10-03T21:14:13","date_gmt":"2024-10-03T19:14:13","guid":{"rendered":"https:\/\/de-prime.com\/?p=59023"},"modified":"2024-10-03T21:37:12","modified_gmt":"2024-10-03T19:37:12","slug":"excellent-houseware-automatischer-seifenspender-mit-sensor-330-ml","status":"publish","type":"product","link":"https:\/\/de-prime.com\/index.php\/product\/excellent-houseware-automatischer-seifenspender-mit-sensor-330-ml\/","title":{"rendered":"Excellent Houseware Automatischer Seifenspender mit Sensor 330 ml"},"content":{"rendered":"<p>Dieser Seifenspender mit Sensor von Excellent Houseware ist eine unverzichtbare Erg\u00e4nzung zu Ihrem Badezimmer. Der Sensor-Seifenspender besteht aus Polypropylen und ist nur f\u00fcr Fl\u00fcssigseife geeignet. Mit dem vorgestellten modernen Sensor kann der Seifenspender Ihre H\u00e4nde erkennen und die richtige Menge Seife abgeben. Dar\u00fcber hinaus bietet dieses Produkt dank des Sensors Schutz vor Bakterien und Viren, da Sie nichts ber\u00fchren m\u00fcssen. Die Seifenpumpe ist ein zuverl\u00e4ssiger Helfer, um Ihre H\u00e4nde und Umgebung sauber zu halten. Es wird mit vier AAA-Batterien betrieben.Hinweis: Batterien sind nicht enthalten.<\/p>\n<ul>\n<li>Farbe: Wei\u00df <\/li>\n<li> Material: Polypropylen <\/li>\n<li>Gr\u00f6\u00dfe: 9,4 x 8,4 cm (Durchmesser x H) <\/li>\n<li>Gesamth\u00f6he: 19,8 cm<\/li>\n<li>Maximales Fassungsvemr\u00f6gen: 330 ml <\/li>\n<li> Nur f\u00fcr Fl\u00fcssigseife geeignet<\/li>\n<li> Gibt Fl\u00fcssigseife 2 Sekunden lang ab <\/li>\n<li>Erforderliche Batterie: 4 x AAA-Batterie (nicht im Lieferumfang enthalten)<\/li>\n<\/ul>\n","protected":false},"excerpt":{"rendered":"<ul>\n<li>Farbe: Wei\u00df <\/li>\n<li> Material: Polypropylen <\/li>\n<li>Gr\u00f6\u00dfe: 9,4 x 8,4 cm (Durchmesser x H) <\/li>\n<li>Gesamth\u00f6he: 19,8 cm<\/li>\n<li>Maximales Fassungsvemr\u00f6gen: 330 ml <\/li>\n<li> Nur f\u00fcr Fl\u00fcssigseife geeignet<\/li>\n<li> Gibt Fl\u00fcssigseife 2 Sekunden lang ab <\/li>\n<li>Erforderliche Batterie: 4 x AAA-Batterie (nicht im Lieferumfang enthalten)<\/li>\n<\/ul>\n","protected":false},"featured_media":10000059023,"comment_status":"closed","ping_status":"closed","template":"","meta":[],"product_brand":[],"product_cat":[7057,7048,7118],"product_tag":[],"class_list":{"0":"post-59023","1":"product","2":"type-product","3":"status-publish","4":"has-post-thumbnail","6":"product_cat-badzubehoer","7":"product_cat-heim-garten","8":"product_cat-seifen-lotionsspender","10":"first","11":"instock","12":"taxable","13":"shipping-taxable","14":"purchasable","15":"product-type-simple","16":"add-to-wishlist-after_add_to_cart"},"jetpack_sharing_enabled":true,"_links":{"self":[{"href":"https:\/\/de-prime.com\/index.php\/wp-json\/wp\/v2\/product\/59023","targetHints":{"allow":["GET"]}}],"collection":[{"href":"https:\/\/de-prime.com\/index.php\/wp-json\/wp\/v2\/product"}],"about":[{"href":"https:\/\/de-prime.com\/index.php\/wp-json\/wp\/v2\/types\/product"}],"replies":[{"embeddable":true,"href":"https:\/\/de-prime.com\/index.php\/wp-json\/wp\/v2\/comments?post=59023"}],"wp:featuredmedia":[{"embeddable":true,"href":"https:\/\/de-prime.com\/index.php\/wp-json\/"}],"wp:attachment":[{"href":"https:\/\/de-prime.com\/index.php\/wp-json\/wp\/v2\/media?parent=59023"}],"wp:term":[{"taxonomy":"product_brand","embeddable":true,"href":"https:\/\/de-prime.com\/index.php\/wp-json\/wp\/v2\/product_brand?post=59023"},{"taxonomy":"product_cat","embeddable":true,"href":"https:\/\/de-prime.com\/index.php\/wp-json\/wp\/v2\/product_cat?post=59023"},{"taxonomy":"product_tag","embeddable":true,"href":"https:\/\/de-prime.com\/index.php\/wp-json\/wp\/v2\/product_tag?post=59023"}],"curies":[{"name":"wp","href":"https:\/\/api.w.org\/{rel}","templated":true}]}}