{"id":59022,"date":"2024-10-03T21:14:13","date_gmt":"2024-10-03T19:14:13","guid":{"rendered":"https:\/\/de-prime.com\/?p=59022"},"modified":"2024-10-03T21:37:12","modified_gmt":"2024-10-03T19:37:12","slug":"ridder-seifenspender-brick-antik","status":"publish","type":"product","link":"https:\/\/de-prime.com\/index.php\/product\/ridder-seifenspender-brick-antik\/","title":{"rendered":"RIDDER Seifenspender Brick Antik"},"content":{"rendered":"<p>Dieser sch\u00f6ne Brick Seifenspender von RIDDER ist das perfekte Accessoire, um Ihrem Bad eine warme Vintage-Note zu verleihen. Dieser Seifenspender besteht aus Polyresin und Edelstahl und bewahrt Sie davor, herumliegende Seifen zu verlieren! Der stilvolle und hygienische Seifenspender dosiert die Seife m\u00fchelos und verleiht Ihrem Badezimmer, Ihrer K\u00fcche oder Ihrem Toilettenbereich eine angenehme Atmosph\u00e4re. Dar\u00fcber hinaus k\u00f6nnen Sie diesen Artikel mit weiterem Badzubeh\u00f6r aus der RIDDER Kollektion kombinieren, worunter Sie praktische und trendige Produkte f\u00fcr den t\u00e4glichen Gebrauch mit UV-best\u00e4ndigen Farben und langer Lebensdauer finden.<\/p>\n<ul>\n<li>Farbe: Antikes Braun<\/li>\n<li>Material: Polyresin, Edelstahl<\/li>\n<li>Abmessungen: 8 x 8 x 16 cm (B x T x H)<\/li>\n<li>Fassungsverm\u00f6gen: Ca. 430 ml<\/li>\n<li>UV-best\u00e4ndig<\/li>\n<li>Mit handels\u00fcblichen Reinigungs- und Desinfektionsmitteln reinigen<\/li>\n<li>Nicht geeignet f\u00fcr die Sp\u00fclmaschine<\/li>\n<li>Einzelner Seifenspender im Lieferumfang enthalten<\/li>\n<\/ul>\n","protected":false},"excerpt":{"rendered":"<ul>\n<li>Farbe: Antikes Braun<\/li>\n<li>Material: Polyresin, Edelstahl<\/li>\n<li>Abmessungen: 8 x 8 x 16 cm (B x T x H)<\/li>\n<li>Fassungsverm\u00f6gen: Ca. 430 ml<\/li>\n<li>UV-best\u00e4ndig<\/li>\n<li>Mit handels\u00fcblichen Reinigungs- und Desinfektionsmitteln reinigen<\/li>\n<li>Nicht geeignet f\u00fcr die Sp\u00fclmaschine<\/li>\n<li>Einzelner Seifenspender im Lieferumfang enthalten<\/li>\n<\/ul>\n","protected":false},"featured_media":10000059022,"comment_status":"closed","ping_status":"closed","template":"","meta":[],"product_brand":[],"product_cat":[7057,7048,7118],"product_tag":[],"class_list":{"0":"post-59022","1":"product","2":"type-product","3":"status-publish","4":"has-post-thumbnail","6":"product_cat-badzubehoer","7":"product_cat-heim-garten","8":"product_cat-seifen-lotionsspender","10":"first","11":"outofstock","12":"taxable","13":"shipping-taxable","14":"purchasable","15":"product-type-simple","16":"add-to-wishlist-after_add_to_cart"},"jetpack_sharing_enabled":true,"_links":{"self":[{"href":"https:\/\/de-prime.com\/index.php\/wp-json\/wp\/v2\/product\/59022","targetHints":{"allow":["GET"]}}],"collection":[{"href":"https:\/\/de-prime.com\/index.php\/wp-json\/wp\/v2\/product"}],"about":[{"href":"https:\/\/de-prime.com\/index.php\/wp-json\/wp\/v2\/types\/product"}],"replies":[{"embeddable":true,"href":"https:\/\/de-prime.com\/index.php\/wp-json\/wp\/v2\/comments?post=59022"}],"wp:featuredmedia":[{"embeddable":true,"href":"https:\/\/de-prime.com\/index.php\/wp-json\/"}],"wp:attachment":[{"href":"https:\/\/de-prime.com\/index.php\/wp-json\/wp\/v2\/media?parent=59022"}],"wp:term":[{"taxonomy":"product_brand","embeddable":true,"href":"https:\/\/de-prime.com\/index.php\/wp-json\/wp\/v2\/product_brand?post=59022"},{"taxonomy":"product_cat","embeddable":true,"href":"https:\/\/de-prime.com\/index.php\/wp-json\/wp\/v2\/product_cat?post=59022"},{"taxonomy":"product_tag","embeddable":true,"href":"https:\/\/de-prime.com\/index.php\/wp-json\/wp\/v2\/product_tag?post=59022"}],"curies":[{"name":"wp","href":"https:\/\/api.w.org\/{rel}","templated":true}]}}