{"id":59017,"date":"2024-10-04T11:21:27","date_gmt":"2024-10-04T09:21:27","guid":{"rendered":"https:\/\/de-prime.com\/?p=59017"},"modified":"2024-10-04T11:21:27","modified_gmt":"2024-10-04T09:21:27","slug":"hi-hotelsafe-mit-2-schluesseln-23x17x17-cm-stahl-weiss","status":"publish","type":"product","link":"https:\/\/de-prime.com\/index.php\/product\/hi-hotelsafe-mit-2-schluesseln-23x17x17-cm-stahl-weiss\/","title":{"rendered":"HI Hotelsafe mit 2 Schl\u00fcsseln 23x17x17 cm Stahl Wei\u00df"},"content":{"rendered":"<p>Bewahre deine pers\u00f6nlichen Gegenst\u00e4nde, Dokumente und andere Wertsachen in diesem unverzichtbaren Hotelsafe von HI auf. Solider Stahlmaterial: Dieser Safe ist aus massivem Stahl gefertigt und mit einem Schlie\u00dfmechanismus ausgestattet. Er kann alle deine Wertsachen vor Diebstahl sch\u00fctzen.Bietet Platz f\u00fcr mehrere Dokumente: Au\u00dferdem bietet er dir einen sicheren Platz, um private Gegenst\u00e4nde wie Gesch\u00e4ftsdokumente sicher aufzubewahren. Du kannst deine Diplome, Dokumente und sogar Speichersticks in diesem Hoteltresor aufbewahren.<\/p>\n<ul>\n<li>Farbe: Wei\u00df<\/li>\n<li>Material: Stahl<\/li>\n<li>Abmessungen: 23 x 17 x 17 cm (B x T x H)<\/li>\n<li>T\u00fcr- und Wandst\u00e4rken: 3 mm und 1 mm<\/li>\n<li><strong>Lieferung umfasst<\/strong>:<\/li>\n<li>2 x Schl\u00fcssel<\/li>\n<\/ul>\n","protected":false},"excerpt":{"rendered":"<ul>\n<li>Farbe: Wei\u00df<\/li>\n<li>Material: Stahl<\/li>\n<li>Abmessungen: 23 x 17 x 17 cm (B x T x H)<\/li>\n<li>T\u00fcr- und Wandst\u00e4rken: 3 mm und 1 mm<\/li>\n<li><strong>Lieferung umfasst<\/strong>:<\/li>\n<li>2 x Schl\u00fcssel<\/li>\n<\/ul>\n","protected":false},"featured_media":10000059017,"comment_status":"closed","ping_status":"closed","template":"","meta":[],"product_brand":[],"product_cat":[7065,7048,7116],"product_tag":[],"class_list":{"0":"post-59017","1":"product","2":"type-product","3":"status-publish","4":"has-post-thumbnail","6":"product_cat-buero-haussicherheit","7":"product_cat-heim-garten","8":"product_cat-safes-tresore","10":"first","11":"instock","12":"taxable","13":"shipping-taxable","14":"purchasable","15":"product-type-simple","16":"add-to-wishlist-after_add_to_cart"},"jetpack_sharing_enabled":true,"_links":{"self":[{"href":"https:\/\/de-prime.com\/index.php\/wp-json\/wp\/v2\/product\/59017","targetHints":{"allow":["GET"]}}],"collection":[{"href":"https:\/\/de-prime.com\/index.php\/wp-json\/wp\/v2\/product"}],"about":[{"href":"https:\/\/de-prime.com\/index.php\/wp-json\/wp\/v2\/types\/product"}],"replies":[{"embeddable":true,"href":"https:\/\/de-prime.com\/index.php\/wp-json\/wp\/v2\/comments?post=59017"}],"wp:featuredmedia":[{"embeddable":true,"href":"https:\/\/de-prime.com\/index.php\/wp-json\/"}],"wp:attachment":[{"href":"https:\/\/de-prime.com\/index.php\/wp-json\/wp\/v2\/media?parent=59017"}],"wp:term":[{"taxonomy":"product_brand","embeddable":true,"href":"https:\/\/de-prime.com\/index.php\/wp-json\/wp\/v2\/product_brand?post=59017"},{"taxonomy":"product_cat","embeddable":true,"href":"https:\/\/de-prime.com\/index.php\/wp-json\/wp\/v2\/product_cat?post=59017"},{"taxonomy":"product_tag","embeddable":true,"href":"https:\/\/de-prime.com\/index.php\/wp-json\/wp\/v2\/product_tag?post=59017"}],"curies":[{"name":"wp","href":"https:\/\/api.w.org\/{rel}","templated":true}]}}