{"id":59014,"date":"2024-10-04T11:21:56","date_gmt":"2024-10-04T09:21:56","guid":{"rendered":"https:\/\/de-prime.com\/?p=59014"},"modified":"2024-10-04T11:21:56","modified_gmt":"2024-10-04T09:21:56","slug":"proplus-stahlkassette-mit-halterung-225x165x85-mm","status":"publish","type":"product","link":"https:\/\/de-prime.com\/index.php\/product\/proplus-stahlkassette-mit-halterung-225x165x85-mm\/","title":{"rendered":"ProPlus Stahlkassette mit Halterung 225x165x85 mm"},"content":{"rendered":"<p>Dieser robuste Stahlsafe sch\u00fctzt Ihre wertvollen Sachen. Er ist kompakt, sodass Sie ihn zum Camping, auf Reisen, Gesch\u00e4ftsreisen mitnehmen oder einfach in Ihrem Auto, Boot, B\u00fcro oder zu Hause halten k\u00f6nnen. Er bietet einen starken Verschluss mittels Schrauben, sodass Sie sicher sein k\u00f6nnen, dass Ihre Wertsachen darin sicher aufbewahrt werden. Der Tresor misst 225 x 165 x 85 mm (L x B x H). Im Lieferumfang sind auch zwei Schl\u00fcssel enthalten.<\/p>\n<ul>\n<li>Abmessungen: 225 x 165 x 85 mm (L x B x H).<\/li>\n<li>Verschlie\u00dfbar (2 Schl\u00fcssel enthalten)<\/li>\n<\/ul>\n","protected":false},"excerpt":{"rendered":"<ul>\n<li>Abmessungen: 225 x 165 x 85 mm (L x B x H).<\/li>\n<li>Verschlie\u00dfbar (2 Schl\u00fcssel enthalten)<\/li>\n<\/ul>\n","protected":false},"featured_media":10000059014,"comment_status":"closed","ping_status":"closed","template":"","meta":[],"product_brand":[],"product_cat":[7065,7048,7116],"product_tag":[],"class_list":{"0":"post-59014","1":"product","2":"type-product","3":"status-publish","4":"has-post-thumbnail","6":"product_cat-buero-haussicherheit","7":"product_cat-heim-garten","8":"product_cat-safes-tresore","10":"first","11":"instock","12":"taxable","13":"shipping-taxable","14":"purchasable","15":"product-type-simple","16":"add-to-wishlist-after_add_to_cart"},"jetpack_sharing_enabled":true,"_links":{"self":[{"href":"https:\/\/de-prime.com\/index.php\/wp-json\/wp\/v2\/product\/59014","targetHints":{"allow":["GET"]}}],"collection":[{"href":"https:\/\/de-prime.com\/index.php\/wp-json\/wp\/v2\/product"}],"about":[{"href":"https:\/\/de-prime.com\/index.php\/wp-json\/wp\/v2\/types\/product"}],"replies":[{"embeddable":true,"href":"https:\/\/de-prime.com\/index.php\/wp-json\/wp\/v2\/comments?post=59014"}],"wp:featuredmedia":[{"embeddable":true,"href":"https:\/\/de-prime.com\/index.php\/wp-json\/"}],"wp:attachment":[{"href":"https:\/\/de-prime.com\/index.php\/wp-json\/wp\/v2\/media?parent=59014"}],"wp:term":[{"taxonomy":"product_brand","embeddable":true,"href":"https:\/\/de-prime.com\/index.php\/wp-json\/wp\/v2\/product_brand?post=59014"},{"taxonomy":"product_cat","embeddable":true,"href":"https:\/\/de-prime.com\/index.php\/wp-json\/wp\/v2\/product_cat?post=59014"},{"taxonomy":"product_tag","embeddable":true,"href":"https:\/\/de-prime.com\/index.php\/wp-json\/wp\/v2\/product_tag?post=59014"}],"curies":[{"name":"wp","href":"https:\/\/api.w.org\/{rel}","templated":true}]}}