{"id":59013,"date":"2024-10-04T11:21:54","date_gmt":"2024-10-04T09:21:54","guid":{"rendered":"https:\/\/de-prime.com\/?p=59013"},"modified":"2024-10-04T11:21:54","modified_gmt":"2024-10-04T09:21:54","slug":"schluesselkasten-mit-magnettafel-schwarz-30x20x4-cm-2","status":"publish","type":"product","link":"https:\/\/de-prime.com\/index.php\/product\/schluesselkasten-mit-magnettafel-schwarz-30x20x4-cm-2\/","title":{"rendered":"Schl\u00fcsselkasten mit Magnettafel Schwarz 30x20x4 cm"},"content":{"rendered":"<p>Dieser Schl\u00fcsselkasten verf\u00fcgt \u00fcber eine magnetische Vordert\u00fcr und eignet sich f\u00fcr Ihr Zuhause und B\u00fcro. Der Schl\u00fcsselschrank besteht aus stark pulverbeschichtetem Stahl. Die 9 Schl\u00fcsselhaken werden Ihre Schl\u00fcssel sicher und stilvoll aufbewahren. Die magnetische Vordert\u00fcr besteht aus geh\u00e4rtetem Glas und ist ideal zum Anbringen von Notizen, Fotos und anderen wichtigen Gegenst\u00e4nden. Papier werden mit einem der 6 Magnete am Schrank festgehalten. Au\u00dferdem k\u00f6nnen Sie mit dem Stift sogar auf die Magnettafel schreiben. Diese ist mit dem mitgelieferten Scheibenwischer leicht zu reinigen. Die Schl\u00fcsselbox bietet eine elegante L\u00f6sung, um Ihre Schl\u00fcssel im Auge zu behalten und Ihr Zuhause zu organisieren.<\/p>\n<ul>\n<li>Farbe: Schwarz<\/li>\n<li>Material: Geh\u00e4rtetes Glas mit grober Schleifoberfl\u00e4che, Stahl mit Pulverbeschichtung<\/li>\n<li>Abmessungen: 30 x 20 x 4 cm (B x T x H)<\/li>\n<li>Glasst\u00e4rke: 4 mm<\/li>\n<li>Zusammenbau erforderlich: Nein<\/li>\n<li><strong>Lieferung umfasst:<\/strong><\/li>\n<li>1 x Schl\u00fcsselkasten<\/li>\n<li>1 x wei\u00dfer Stift<\/li>\n<li>1 x Tafelwischer<\/li>\n<li>6 x Magnet<\/li>\n<\/ul>\n","protected":false},"excerpt":{"rendered":"<ul>\n<li>Farbe: Schwarz<\/li>\n<li>Material: Geh\u00e4rtetes Glas mit grober Schleifoberfl\u00e4che, Stahl mit Pulverbeschichtung<\/li>\n<li>Abmessungen: 30 x 20 x 4 cm (B x T x H)<\/li>\n<li>Glasst\u00e4rke: 4 mm<\/li>\n<li>Zusammenbau erforderlich: Nein<\/li>\n<li><strong>Lieferung umfasst:<\/strong><\/li>\n<li>1 x Schl\u00fcsselkasten<\/li>\n<li>1 x wei\u00dfer Stift<\/li>\n<li>1 x Tafelwischer<\/li>\n<li>6 x Magnet<\/li>\n<\/ul>\n","protected":false},"featured_media":10000059013,"comment_status":"closed","ping_status":"closed","template":"","meta":[],"product_brand":[],"product_cat":[7065,7048,7116],"product_tag":[],"class_list":{"0":"post-59013","1":"product","2":"type-product","3":"status-publish","4":"has-post-thumbnail","6":"product_cat-buero-haussicherheit","7":"product_cat-heim-garten","8":"product_cat-safes-tresore","10":"first","11":"outofstock","12":"taxable","13":"shipping-taxable","14":"purchasable","15":"product-type-simple","16":"add-to-wishlist-after_add_to_cart"},"jetpack_sharing_enabled":true,"_links":{"self":[{"href":"https:\/\/de-prime.com\/index.php\/wp-json\/wp\/v2\/product\/59013","targetHints":{"allow":["GET"]}}],"collection":[{"href":"https:\/\/de-prime.com\/index.php\/wp-json\/wp\/v2\/product"}],"about":[{"href":"https:\/\/de-prime.com\/index.php\/wp-json\/wp\/v2\/types\/product"}],"replies":[{"embeddable":true,"href":"https:\/\/de-prime.com\/index.php\/wp-json\/wp\/v2\/comments?post=59013"}],"wp:featuredmedia":[{"embeddable":true,"href":"https:\/\/de-prime.com\/index.php\/wp-json\/"}],"wp:attachment":[{"href":"https:\/\/de-prime.com\/index.php\/wp-json\/wp\/v2\/media?parent=59013"}],"wp:term":[{"taxonomy":"product_brand","embeddable":true,"href":"https:\/\/de-prime.com\/index.php\/wp-json\/wp\/v2\/product_brand?post=59013"},{"taxonomy":"product_cat","embeddable":true,"href":"https:\/\/de-prime.com\/index.php\/wp-json\/wp\/v2\/product_cat?post=59013"},{"taxonomy":"product_tag","embeddable":true,"href":"https:\/\/de-prime.com\/index.php\/wp-json\/wp\/v2\/product_tag?post=59013"}],"curies":[{"name":"wp","href":"https:\/\/api.w.org\/{rel}","templated":true}]}}