{"id":59008,"date":"2024-10-04T11:22:27","date_gmt":"2024-10-04T09:22:27","guid":{"rendered":"https:\/\/de-prime.com\/?p=59008"},"modified":"2024-10-04T11:22:27","modified_gmt":"2024-10-04T09:22:27","slug":"tresor-schwarz-38x325x165-cm","status":"publish","type":"product","link":"https:\/\/de-prime.com\/index.php\/product\/tresor-schwarz-38x325x165-cm\/","title":{"rendered":"Tresor Schwarz 38&#215;32,5&#215;16,5 cm"},"content":{"rendered":"<p>Der feuerfeste und wasserdichte Tresor eignet sich perfekt, um wichtige Dokumente und Wertgegenst\u00e4nde wie P\u00e4sse, Urkunden, Bargeld, Schmuck usw. sicher aufzubewahren. Feuerfest: Die feuerfeste Box und sch\u00fctzt die wichtigsten Dokumente und Wertgegenst\u00e4nde vor Feuersch\u00e4den bis zu 30 Minuten bei 177 \u00b0C (350 \u00b0F).Wasserdicht: Die wasserdichte Box ist SGS-gepr\u00fcft und sch\u00fctzt deine wertvollen Gegenst\u00e4nde vor Hochwassersch\u00e4den bis zu 24 Stunden lang beim Eintauchen.Sicherheit: Der Tresor ist mit einem Schl\u00fcsselschloss ausgestattet, das f\u00fcr zus\u00e4tzliche Sicherheit sorgt und verhindert, dass sich der Deckel im Falle eines Brandes, einer \u00dcberschwemmung oder unerw\u00fcnschter Besucher \u00f6ffnet.Langlebiges Material: Der Tresor ist aus Polypropylen gefertigt. Er ist daher leicht, robust und sto\u00dffest.Einfacher Transport: Der Safe ist mit einem praktischen Tragegriff versehen und l\u00e4sst sich daher einfach transportieren und \u00fcberall mitnehmen.<\/p>\n<ul>\n<li>Farbe: Schwarz<\/li>\n<li>Gesamtabmessungen: 38 x 32,5 x 16,5 cm (B x T x H)<\/li>\n<li>Innenma\u00dfe: 29 x 18,5 x 9,5 cm (B x T x H)<\/li>\n<li><strong>Lieferung umfasst:<\/strong><\/li>\n<li>1 x Tresor<\/li>\n<li>2 x Schl\u00fcssel<\/li>\n<\/ul>\n","protected":false},"excerpt":{"rendered":"<ul>\n<li>Farbe: Schwarz<\/li>\n<li>Gesamtabmessungen: 38 x 32,5 x 16,5 cm (B x T x H)<\/li>\n<li>Innenma\u00dfe: 29 x 18,5 x 9,5 cm (B x T x H)<\/li>\n<li><strong>Lieferung umfasst:<\/strong><\/li>\n<li>1 x Tresor<\/li>\n<li>2 x Schl\u00fcssel<\/li>\n<\/ul>\n","protected":false},"featured_media":10000059008,"comment_status":"closed","ping_status":"closed","template":"","meta":[],"product_brand":[],"product_cat":[7065,7048,7116],"product_tag":[],"class_list":{"0":"post-59008","1":"product","2":"type-product","3":"status-publish","4":"has-post-thumbnail","6":"product_cat-buero-haussicherheit","7":"product_cat-heim-garten","8":"product_cat-safes-tresore","10":"first","11":"instock","12":"taxable","13":"shipping-taxable","14":"purchasable","15":"product-type-simple","16":"add-to-wishlist-after_add_to_cart"},"jetpack_sharing_enabled":true,"_links":{"self":[{"href":"https:\/\/de-prime.com\/index.php\/wp-json\/wp\/v2\/product\/59008","targetHints":{"allow":["GET"]}}],"collection":[{"href":"https:\/\/de-prime.com\/index.php\/wp-json\/wp\/v2\/product"}],"about":[{"href":"https:\/\/de-prime.com\/index.php\/wp-json\/wp\/v2\/types\/product"}],"replies":[{"embeddable":true,"href":"https:\/\/de-prime.com\/index.php\/wp-json\/wp\/v2\/comments?post=59008"}],"wp:featuredmedia":[{"embeddable":true,"href":"https:\/\/de-prime.com\/index.php\/wp-json\/"}],"wp:attachment":[{"href":"https:\/\/de-prime.com\/index.php\/wp-json\/wp\/v2\/media?parent=59008"}],"wp:term":[{"taxonomy":"product_brand","embeddable":true,"href":"https:\/\/de-prime.com\/index.php\/wp-json\/wp\/v2\/product_brand?post=59008"},{"taxonomy":"product_cat","embeddable":true,"href":"https:\/\/de-prime.com\/index.php\/wp-json\/wp\/v2\/product_cat?post=59008"},{"taxonomy":"product_tag","embeddable":true,"href":"https:\/\/de-prime.com\/index.php\/wp-json\/wp\/v2\/product_tag?post=59008"}],"curies":[{"name":"wp","href":"https:\/\/api.w.org\/{rel}","templated":true}]}}