{"id":59004,"date":"2024-10-04T11:24:46","date_gmt":"2024-10-04T09:24:46","guid":{"rendered":"https:\/\/de-prime.com\/?p=59004"},"modified":"2024-10-04T11:24:46","modified_gmt":"2024-10-04T09:24:46","slug":"garten-holzkohle-pizzaofen-mit-schamottstein","status":"publish","type":"product","link":"https:\/\/de-prime.com\/index.php\/product\/garten-holzkohle-pizzaofen-mit-schamottstein\/","title":{"rendered":"Garten-Holzkohle-Pizzaofen mit Schamottstein"},"content":{"rendered":"<p>Ob f\u00fcr Pizza, Brot, Kuchen oder Torten &#8211; genie\u00dfen Sie den unnachahmlichen Rauchgeschmack traditioneller Holzkohle\u00f6fen! In Ihrem eigenen Garten k\u00f6nnen Sie authentisch schmeckende Pizzen backen und neidische Blicke von Ihren Nachbarn ernten. Dieser Ofen ist aus hochwertigem, pulverbeschichtetem Stahl gefertigt und \u00e4u\u00dferst robust und langlebig. Die Feuerschale ist abnehmbar und erm\u00f6glicht eine schnelle und einfache Reinigung. Das praktische Fach darunter bietet Platz f\u00fcr die Aufbewahrung von Ofenhandschuhen oder anderem Zubeh\u00f6r. Dieser Ofen verf\u00fcgt auch \u00fcber ein eingebautes Thermometer, das die Kochtemperatur im Inneren anzeigt. Dank der zwei Rollen ist der Smoker leicht zu bewegen. Ein Pizzastein ist ebenfalls im Lieferumfang enthalten.<\/p>\n<ul>\n<li>Farbe: Schwarz <\/li>\n<li>Material: pulverbeschichteter Stahl<\/li>\n<li>Gesamtabmessungen: 65 x 50 x 157 cm (B x T x H)<\/li>\n<li>Gr\u00f6\u00dfe der Bratfl\u00e4che: 50 x 36,5 cm (L x B)<\/li>\n<li>Eingebautes Thermometer<\/li>\n<li>Mit 2 R\u00e4dern f\u00fcr einfache Mobilit\u00e4t<\/li>\n<li>Herausnehmbare Feuer\/Aschenauffangbeh\u00e4lter<\/li>\n<li>Pizzastein ist im Lieferumfang enthalten<\/li>\n<\/ul>\n","protected":false},"excerpt":{"rendered":"<ul>\n<li>Farbe: Schwarz <\/li>\n<li>Material: pulverbeschichteter Stahl<\/li>\n<li>Gesamtabmessungen: 65 x 50 x 157 cm (B x T x H)<\/li>\n<li>Gr\u00f6\u00dfe der Bratfl\u00e4che: 50 x 36,5 cm (L x B)<\/li>\n<li>Eingebautes Thermometer<\/li>\n<li>Mit 2 R\u00e4dern f\u00fcr einfache Mobilit\u00e4t<\/li>\n<li>Herausnehmbare Feuer\/Aschenauffangbeh\u00e4lter<\/li>\n<li>Pizzastein ist im Lieferumfang enthalten<\/li>\n<\/ul>\n","protected":false},"featured_media":10000059004,"comment_status":"closed","ping_status":"closed","template":"","meta":[],"product_brand":[],"product_cat":[7048,7051,7052,7114,7113],"product_tag":[],"class_list":{"0":"post-59004","1":"product","2":"type-product","3":"status-publish","4":"has-post-thumbnail","6":"product_cat-heim-garten","7":"product_cat-kueche-esszimmer","8":"product_cat-kuechengeraete","9":"product_cat-pizzaoefen","10":"product_cat-toaster-grills","12":"first","13":"instock","14":"taxable","15":"shipping-taxable","16":"purchasable","17":"product-type-simple","18":"add-to-wishlist-after_add_to_cart"},"jetpack_sharing_enabled":true,"_links":{"self":[{"href":"https:\/\/de-prime.com\/index.php\/wp-json\/wp\/v2\/product\/59004","targetHints":{"allow":["GET"]}}],"collection":[{"href":"https:\/\/de-prime.com\/index.php\/wp-json\/wp\/v2\/product"}],"about":[{"href":"https:\/\/de-prime.com\/index.php\/wp-json\/wp\/v2\/types\/product"}],"replies":[{"embeddable":true,"href":"https:\/\/de-prime.com\/index.php\/wp-json\/wp\/v2\/comments?post=59004"}],"wp:featuredmedia":[{"embeddable":true,"href":"https:\/\/de-prime.com\/index.php\/wp-json\/"}],"wp:attachment":[{"href":"https:\/\/de-prime.com\/index.php\/wp-json\/wp\/v2\/media?parent=59004"}],"wp:term":[{"taxonomy":"product_brand","embeddable":true,"href":"https:\/\/de-prime.com\/index.php\/wp-json\/wp\/v2\/product_brand?post=59004"},{"taxonomy":"product_cat","embeddable":true,"href":"https:\/\/de-prime.com\/index.php\/wp-json\/wp\/v2\/product_cat?post=59004"},{"taxonomy":"product_tag","embeddable":true,"href":"https:\/\/de-prime.com\/index.php\/wp-json\/wp\/v2\/product_tag?post=59004"}],"curies":[{"name":"wp","href":"https:\/\/api.w.org\/{rel}","templated":true}]}}