{"id":59002,"date":"2024-10-04T11:24:49","date_gmt":"2024-10-04T09:24:49","guid":{"rendered":"https:\/\/de-prime.com\/?p=59002"},"modified":"2024-10-04T11:24:49","modified_gmt":"2024-10-04T09:24:49","slug":"progarden-bbq-pizzaofen-schwarz","status":"publish","type":"product","link":"https:\/\/de-prime.com\/index.php\/product\/progarden-bbq-pizzaofen-schwarz\/","title":{"rendered":"ProGarden BBQ Pizzaofen Schwarz"},"content":{"rendered":"<p>Der ProGarden BBQ Pizzaofen mit Schornstein und Steinplatte, macht mit Ihren Lieblingszutaten die leckersten Minipizzas f\u00fcr Ihre Freunde und Familie. Es ist die ideale Wahl f\u00fcr jeden Pizzaliebhaber. Mit diesem Ofen k\u00f6nnen Sie eine knusprige Pizza wie ein Pizzab\u00e4cker zubereiten. Und das ist noch nicht alles! Mit seinem regelbaren Thermostat steigt die Temperatur in wenigen Minuten auf bis zu 400\u00b0C. Das Backen mit der lebensmittelechten Steinplatte nimmt Feuchtigkeit aus dem Teig auf und verleiht der Pizza eine knusprige Kruste. Mit seinen R\u00e4dern l\u00e4sst er sich leicht in Ihrem Garten bewegen. Sie k\u00f6nnen Pizzen \u00fcberall dort zubereiten, wo immer Sie m\u00f6chten. Machen Sie in wenigen Minuten Ihre eigene Pizza und genie\u00dfen Sie sie mit Ihrer Familie und Freunden.<\/p>\n<ul>\n<li>Farbe: Schwarz <\/li>\n<li>Material: Metall<\/li>\n<li>Gesamtma\u00dfe: 49 x 37 x 103 cm (L x T x H)<\/li>\n<li>St\u00e4rke: 0,8 mm<\/li>\n<li>Grillh\u00f6he: 54-76 cm<\/li>\n<li>Grillrost: 34,5 x 24,5 cm (L x B), verchromter Stahl<\/li>\n<li>Grill: 34,5 x 24,5 cm (L x B)<\/li>\n<li>T\u00fcr (oben): 37,5 x 22 x 3,5 cm (L x B x H)<\/li>\n<li>T\u00fcr (unten): 37,5 x 19,6 x 3,5 cm (L x B x H)<\/li>\n<li>Feuerschale: 60 x 42 x 59,8 cm (L x B x H), Stahl mit Emaille<\/li>\n<li>Bodenplatte: 50,3 x 37,4 x 2 cm (L x B x H)<\/li>\n<li>Schornstein: 9,5 x 46,7 cm (L x B)<\/li>\n<li>Mit Griff und Beinen: Stahl mit Lackierung<\/li>\n<li>Leicht zu bewegen mit R\u00e4dern<\/li>\n<li>Einstellbarer Thermostat: bis zu 400 \u00b0C<\/li>\n<li>Mit Pizzastein<\/li>\n<li>Zusammenbau erforderlich: Ja<\/li>\n<\/ul>\n","protected":false},"excerpt":{"rendered":"<ul>\n<li>Farbe: Schwarz <\/li>\n<li>Material: Metall<\/li>\n<li>Gesamtma\u00dfe: 49 x 37 x 103 cm (L x T x H)<\/li>\n<li>St\u00e4rke: 0,8 mm<\/li>\n<li>Grillh\u00f6he: 54-76 cm<\/li>\n<li>Grillrost: 34,5 x 24,5 cm (L x B), verchromter Stahl<\/li>\n<li>Grill: 34,5 x 24,5 cm (L x B)<\/li>\n<li>T\u00fcr (oben): 37,5 x 22 x 3,5 cm (L x B x H)<\/li>\n<li>T\u00fcr (unten): 37,5 x 19,6 x 3,5 cm (L x B x H)<\/li>\n<li>Feuerschale: 60 x 42 x 59,8 cm (L x B x H), Stahl mit Emaille<\/li>\n<li>Bodenplatte: 50,3 x 37,4 x 2 cm (L x B x H)<\/li>\n<li>Schornstein: 9,5 x 46,7 cm (L x B)<\/li>\n<li>Mit Griff und Beinen: Stahl mit Lackierung<\/li>\n<li>Leicht zu bewegen mit R\u00e4dern<\/li>\n<li>Einstellbarer Thermostat: bis zu 400 \u00b0C<\/li>\n<li>Mit Pizzastein<\/li>\n<li>Zusammenbau erforderlich: Ja<\/li>\n<\/ul>\n","protected":false},"featured_media":10000059002,"comment_status":"closed","ping_status":"closed","template":"","meta":[],"product_brand":[],"product_cat":[7048,7051,7052,7114,7113],"product_tag":[],"class_list":{"0":"post-59002","1":"product","2":"type-product","3":"status-publish","4":"has-post-thumbnail","6":"product_cat-heim-garten","7":"product_cat-kueche-esszimmer","8":"product_cat-kuechengeraete","9":"product_cat-pizzaoefen","10":"product_cat-toaster-grills","12":"first","13":"outofstock","14":"taxable","15":"shipping-taxable","16":"purchasable","17":"product-type-simple","18":"add-to-wishlist-after_add_to_cart"},"jetpack_sharing_enabled":true,"_links":{"self":[{"href":"https:\/\/de-prime.com\/index.php\/wp-json\/wp\/v2\/product\/59002","targetHints":{"allow":["GET"]}}],"collection":[{"href":"https:\/\/de-prime.com\/index.php\/wp-json\/wp\/v2\/product"}],"about":[{"href":"https:\/\/de-prime.com\/index.php\/wp-json\/wp\/v2\/types\/product"}],"replies":[{"embeddable":true,"href":"https:\/\/de-prime.com\/index.php\/wp-json\/wp\/v2\/comments?post=59002"}],"wp:featuredmedia":[{"embeddable":true,"href":"https:\/\/de-prime.com\/index.php\/wp-json\/"}],"wp:attachment":[{"href":"https:\/\/de-prime.com\/index.php\/wp-json\/wp\/v2\/media?parent=59002"}],"wp:term":[{"taxonomy":"product_brand","embeddable":true,"href":"https:\/\/de-prime.com\/index.php\/wp-json\/wp\/v2\/product_brand?post=59002"},{"taxonomy":"product_cat","embeddable":true,"href":"https:\/\/de-prime.com\/index.php\/wp-json\/wp\/v2\/product_cat?post=59002"},{"taxonomy":"product_tag","embeddable":true,"href":"https:\/\/de-prime.com\/index.php\/wp-json\/wp\/v2\/product_tag?post=59002"}],"curies":[{"name":"wp","href":"https:\/\/api.w.org\/{rel}","templated":true}]}}