{"id":58998,"date":"2024-10-04T11:23:24","date_gmt":"2024-10-04T09:23:24","guid":{"rendered":"https:\/\/de-prime.com\/?p=58998"},"modified":"2024-10-04T11:23:24","modified_gmt":"2024-10-04T09:23:24","slug":"hi-nudelmaschine-aluminium","status":"publish","type":"product","link":"https:\/\/de-prime.com\/index.php\/product\/hi-nudelmaschine-aluminium\/","title":{"rendered":"HI Nudelmaschine Aluminium"},"content":{"rendered":"<p>Sie m\u00fcssen nicht nach Italien reisen, um k\u00f6stliche hausgemachte Nudeln zu genie\u00dfen. Verwenden Sie einfach die Nudelmaschine von HI, um frische, hausgemachte Nudeln zuzubereiten. Sie k\u00f6nnen mit verschiedenen Nudelarten und -farben experimentieren, denn mit dieser Nudelmaschine k\u00f6nnen Sie die Breite und Dicke der Nudeln nach Belieben einstellen. Die Klemme ist verstellbar, so dass das Ger\u00e4t sicher auf jedem Tisch oder jeder Arbeitsplatte befestigt werden kann. Die abnehmbaren Komponenten der Nudelmaschine sind leicht zu reinigen.<\/p>\n<ul>\n<li>Farbe: Silber<\/li>\n<li>Material: Aluminium<\/li>\n<li>Abmessungen: 20,5 x 19,3 x 15,5 cm (L x B x H)<\/li>\n<li>Einstellbare Nudelbreite 2,0 und 6,6 mm<\/li>\n<li>Einstellbare Nudeldicke von 0,5 bis 3,0 mm<\/li>\n<li>Verstellbare Tischklemme zur Montage auf Tisch oder Arbeitsplatte<\/li>\n<li>Mit Handkurbel<\/li>\n<li>Leicht zu reinigen<\/li>\n<li>Ideal f\u00fcr die Zubereitung von Tagliatelle, Spaghetti, Lasagne<\/li>\n<\/ul>\n","protected":false},"excerpt":{"rendered":"<ul>\n<li>Farbe: Silber<\/li>\n<li>Material: Aluminium<\/li>\n<li>Abmessungen: 20,5 x 19,3 x 15,5 cm (L x B x H)<\/li>\n<li>Einstellbare Nudelbreite 2,0 und 6,6 mm<\/li>\n<li>Einstellbare Nudeldicke von 0,5 bis 3,0 mm<\/li>\n<li>Verstellbare Tischklemme zur Montage auf Tisch oder Arbeitsplatte<\/li>\n<li>Mit Handkurbel<\/li>\n<li>Leicht zu reinigen<\/li>\n<li>Ideal f\u00fcr die Zubereitung von Tagliatelle, Spaghetti, Lasagne<\/li>\n<\/ul>\n","protected":false},"featured_media":10000058998,"comment_status":"closed","ping_status":"closed","template":"","meta":[],"product_brand":[],"product_cat":[7048,7051,7052,7112],"product_tag":[],"class_list":{"0":"post-58998","1":"product","2":"type-product","3":"status-publish","4":"has-post-thumbnail","6":"product_cat-heim-garten","7":"product_cat-kueche-esszimmer","8":"product_cat-kuechengeraete","9":"product_cat-nudelmaschinen","11":"first","12":"outofstock","13":"taxable","14":"shipping-taxable","15":"purchasable","16":"product-type-simple","17":"add-to-wishlist-after_add_to_cart"},"jetpack_sharing_enabled":true,"_links":{"self":[{"href":"https:\/\/de-prime.com\/index.php\/wp-json\/wp\/v2\/product\/58998","targetHints":{"allow":["GET"]}}],"collection":[{"href":"https:\/\/de-prime.com\/index.php\/wp-json\/wp\/v2\/product"}],"about":[{"href":"https:\/\/de-prime.com\/index.php\/wp-json\/wp\/v2\/types\/product"}],"replies":[{"embeddable":true,"href":"https:\/\/de-prime.com\/index.php\/wp-json\/wp\/v2\/comments?post=58998"}],"wp:featuredmedia":[{"embeddable":true,"href":"https:\/\/de-prime.com\/index.php\/wp-json\/"}],"wp:attachment":[{"href":"https:\/\/de-prime.com\/index.php\/wp-json\/wp\/v2\/media?parent=58998"}],"wp:term":[{"taxonomy":"product_brand","embeddable":true,"href":"https:\/\/de-prime.com\/index.php\/wp-json\/wp\/v2\/product_brand?post=58998"},{"taxonomy":"product_cat","embeddable":true,"href":"https:\/\/de-prime.com\/index.php\/wp-json\/wp\/v2\/product_cat?post=58998"},{"taxonomy":"product_tag","embeddable":true,"href":"https:\/\/de-prime.com\/index.php\/wp-json\/wp\/v2\/product_tag?post=58998"}],"curies":[{"name":"wp","href":"https:\/\/api.w.org\/{rel}","templated":true}]}}