{"id":58983,"date":"2024-10-03T21:16:53","date_gmt":"2024-10-03T19:16:53","guid":{"rendered":"https:\/\/de-prime.com\/?p=58983"},"modified":"2024-10-03T21:35:16","modified_gmt":"2024-10-03T19:35:16","slug":"weihnachtsbaum-lichternetz-mit-500-leds-500-cm","status":"publish","type":"product","link":"https:\/\/de-prime.com\/index.php\/product\/weihnachtsbaum-lichternetz-mit-500-leds-500-cm\/","title":{"rendered":"Weihnachtsbaum-Lichternetz mit 500 LEDs 500 cm"},"content":{"rendered":"<p>Diese LED-Beleuchtung ist speziell f\u00fcr das Schm\u00fccken des Weihnachtsbaums bestimmt und schafft eine angenehme Atmosph\u00e4re. Das Lichternetz besteht aus 500 LEDs, die sehr energieeffizient sind und ein warmwei\u00dfes Licht abgeben. Diese sch\u00f6ne Weihnachtsdekoration ist wasserdicht und daher f\u00fcr den Innen- und Au\u00dfenbereich geeignet. Diese Weihnachtsdeko kann ganz einfach auf den Weihnachtsbaum gelegt werden und schon fallen die Lichterketten zu Boden. Die Weihnachtsbeleuchtung ist vor allem am Abend ein echter Hingucker und dient gleichzeitig als gem\u00fctliche Lichtquelle. Bei Nichtgebrauch l\u00e4sst sich die LED-Beleuchtung ganz einfach bis zum n\u00e4chsten Weihnachten aufbewahren. Mit dieser LED-Baumbeleuchtung genie\u00dft du viel Spa\u00df in der Weihnachtszeit! Bitte beachte, dass der Weihnachtsbaum und die Christbaumkugeln nicht im Lieferumfang enthalten sind. Hinweis: Das Produkt verf\u00fcgt \u00fcber einen USB-Anschluss, aber die zertifizierte 5-V-USB-Stromquelle ist nicht im Lieferumfang enthalten. Hinweis: Der mitgelieferte USB ist nicht wasserdicht, daher muss dieser Teil vor Wasser gesch\u00fctzt werden. Die Leuchte kann jedoch dank des 5 m langen Verl\u00e4ngerungskabels im Freien verwendet werden, da Kabel und Produkt wasserdicht sind. Das Produkt verf\u00fcgt \u00fcber einen USB-Anschluss, aber die zertifizierte 5-V-USB-Stromquelle ist nicht im Lieferumfang enthalten.<\/p>\n<ul>\n<li>Drahtfarbe: Dunkelgr\u00fcn<\/li>\n<li>Lichtfarbe: Warmwei\u00df<\/li>\n<li>Material: PVC<\/li>\n<li>Geeignete Baumh\u00f6he: 500 cm<\/li>\n<li>Mit 500 LEDs<\/li>\n<li>Anzahl der Lichterketten: 10<\/li>\n<li>Anzahl der LEDs pro Lichterkette: 50<\/li>\n<li>Mit 10-m-Anschlusskabel<\/li>\n<li>Wasserdicht<\/li>\n<li>Geeignet f\u00fcr den Einsatz im Innen- und Au\u00dfenbereich<\/li>\n<li>Zusammenbau erforderlich: Ja<\/li>\n<\/ul>\n","protected":false},"excerpt":{"rendered":"<ul>\n<li>Drahtfarbe: Dunkelgr\u00fcn<\/li>\n<li>Lichtfarbe: Warmwei\u00df<\/li>\n<li>Material: PVC<\/li>\n<li>Geeignete Baumh\u00f6he: 500 cm<\/li>\n<li>Mit 500 LEDs<\/li>\n<li>Anzahl der Lichterketten: 10<\/li>\n<li>Anzahl der LEDs pro Lichterkette: 50<\/li>\n<li>Mit 10-m-Anschlusskabel<\/li>\n<li>Wasserdicht<\/li>\n<li>Geeignet f\u00fcr den Einsatz im Innen- und Au\u00dfenbereich<\/li>\n<li>Zusammenbau erforderlich: Ja<\/li>\n<\/ul>\n","protected":false},"featured_media":10000058983,"comment_status":"closed","ping_status":"closed","template":"","meta":[],"product_brand":[],"product_cat":[7054,7048,7108],"product_tag":[],"class_list":{"0":"post-58983","1":"product","2":"type-product","3":"status-publish","4":"has-post-thumbnail","6":"product_cat-beleuchtung","7":"product_cat-heim-garten","8":"product_cat-lichtschlaeuche-lichterketten","10":"first","11":"instock","12":"taxable","13":"shipping-taxable","14":"purchasable","15":"product-type-simple","16":"add-to-wishlist-after_add_to_cart"},"jetpack_sharing_enabled":true,"_links":{"self":[{"href":"https:\/\/de-prime.com\/index.php\/wp-json\/wp\/v2\/product\/58983","targetHints":{"allow":["GET"]}}],"collection":[{"href":"https:\/\/de-prime.com\/index.php\/wp-json\/wp\/v2\/product"}],"about":[{"href":"https:\/\/de-prime.com\/index.php\/wp-json\/wp\/v2\/types\/product"}],"replies":[{"embeddable":true,"href":"https:\/\/de-prime.com\/index.php\/wp-json\/wp\/v2\/comments?post=58983"}],"wp:featuredmedia":[{"embeddable":true,"href":"https:\/\/de-prime.com\/index.php\/wp-json\/"}],"wp:attachment":[{"href":"https:\/\/de-prime.com\/index.php\/wp-json\/wp\/v2\/media?parent=58983"}],"wp:term":[{"taxonomy":"product_brand","embeddable":true,"href":"https:\/\/de-prime.com\/index.php\/wp-json\/wp\/v2\/product_brand?post=58983"},{"taxonomy":"product_cat","embeddable":true,"href":"https:\/\/de-prime.com\/index.php\/wp-json\/wp\/v2\/product_cat?post=58983"},{"taxonomy":"product_tag","embeddable":true,"href":"https:\/\/de-prime.com\/index.php\/wp-json\/wp\/v2\/product_tag?post=58983"}],"curies":[{"name":"wp","href":"https:\/\/api.w.org\/{rel}","templated":true}]}}