{"id":58977,"date":"2024-10-03T21:17:09","date_gmt":"2024-10-03T19:17:09","guid":{"rendered":"https:\/\/de-prime.com\/?p=58977"},"modified":"2024-10-03T21:35:04","modified_gmt":"2024-10-03T19:35:04","slug":"weihnachtsbaum-lichternetz-mit-150-leds-150-cm","status":"publish","type":"product","link":"https:\/\/de-prime.com\/index.php\/product\/weihnachtsbaum-lichternetz-mit-150-leds-150-cm\/","title":{"rendered":"Weihnachtsbaum-Lichternetz mit 150 LEDs 150 cm"},"content":{"rendered":"<p>Diese LED-Beleuchtung ist speziell f\u00fcr das Schm\u00fccken des Weihnachtsbaums bestimmt und schafft eine angenehme Atmosph\u00e4re. Das Lichternetz besteht aus 150 LEDs, die sehr energieeffizient sind und ein helles Licht abgeben. Diese sch\u00f6ne Weihnachtsdekoration ist wasserfest und daher f\u00fcr den Innen- und Au\u00dfenbereich geeignet. Die Weihnachtsdeko l\u00e4sst sich ganz einfach am Oberteil des Weihnachtsbaums anbringen und schon fallen die Lichterketten zu Boden. Die Lichterketten sind vor allem am Abend ein echter Hingucker und dienen gleichzeitig als gem\u00fctliche Stimmungsbeleuchtung. Bei Nichtgebrauch l\u00e4sst sich das LED-Lichtnetz ganz einfach bis zur n\u00e4chsten Weihnachtssaison aufbewahren. Mit dieser LED-Baumbeleuchtung genie\u00dft du viel Spa\u00df in der Weihnachtszeit! Bitte beachte, dass der Weihnachtsbaum und die Christbaumkugeln nicht im Lieferumfang enthalten sind. Hinweis: Das Produkt verf\u00fcgt \u00fcber einen USB-Anschluss, aber die zertifizierte 5-V-USB-Stromquelle ist nicht im Lieferumfang enthalten. Hinweis: Der mitgelieferte USB ist nicht wasserdicht, daher muss dieser Teil vor Wasser gesch\u00fctzt werden, aber dank des 5 m langen Verl\u00e4ngerungskabels kann die Lichterkette im Freien verwendet werden, da Kabel und Produkt wasserdicht sind. Das Produkt verf\u00fcgt \u00fcber einen USB-Anschluss, aber die zertifizierte 5-V-USB-Stromquelle ist nicht im Lieferumfang enthalten.<\/p>\n<ul>\n<li>Lichtfarbe: Warmwei\u00df<\/li>\n<li>Material: PVC<\/li>\n<li>Geeignete Baumh\u00f6he: 150 cm<\/li>\n<li>Mit 150 leistungsstarken LEDs<\/li>\n<li>Innen- und Au\u00dfeneinsatz<\/li>\n<\/ul>\n","protected":false},"excerpt":{"rendered":"<ul>\n<li>Lichtfarbe: Warmwei\u00df<\/li>\n<li>Material: PVC<\/li>\n<li>Geeignete Baumh\u00f6he: 150 cm<\/li>\n<li>Mit 150 leistungsstarken LEDs<\/li>\n<li>Innen- und Au\u00dfeneinsatz<\/li>\n<\/ul>\n","protected":false},"featured_media":10000058977,"comment_status":"closed","ping_status":"closed","template":"","meta":[],"product_brand":[],"product_cat":[7054,7048,7108],"product_tag":[],"class_list":{"0":"post-58977","1":"product","2":"type-product","3":"status-publish","4":"has-post-thumbnail","6":"product_cat-beleuchtung","7":"product_cat-heim-garten","8":"product_cat-lichtschlaeuche-lichterketten","10":"first","11":"outofstock","12":"taxable","13":"shipping-taxable","14":"purchasable","15":"product-type-simple","16":"add-to-wishlist-after_add_to_cart"},"jetpack_sharing_enabled":true,"_links":{"self":[{"href":"https:\/\/de-prime.com\/index.php\/wp-json\/wp\/v2\/product\/58977","targetHints":{"allow":["GET"]}}],"collection":[{"href":"https:\/\/de-prime.com\/index.php\/wp-json\/wp\/v2\/product"}],"about":[{"href":"https:\/\/de-prime.com\/index.php\/wp-json\/wp\/v2\/types\/product"}],"replies":[{"embeddable":true,"href":"https:\/\/de-prime.com\/index.php\/wp-json\/wp\/v2\/comments?post=58977"}],"wp:featuredmedia":[{"embeddable":true,"href":"https:\/\/de-prime.com\/index.php\/wp-json\/"}],"wp:attachment":[{"href":"https:\/\/de-prime.com\/index.php\/wp-json\/wp\/v2\/media?parent=58977"}],"wp:term":[{"taxonomy":"product_brand","embeddable":true,"href":"https:\/\/de-prime.com\/index.php\/wp-json\/wp\/v2\/product_brand?post=58977"},{"taxonomy":"product_cat","embeddable":true,"href":"https:\/\/de-prime.com\/index.php\/wp-json\/wp\/v2\/product_cat?post=58977"},{"taxonomy":"product_tag","embeddable":true,"href":"https:\/\/de-prime.com\/index.php\/wp-json\/wp\/v2\/product_tag?post=58977"}],"curies":[{"name":"wp","href":"https:\/\/api.w.org\/{rel}","templated":true}]}}