{"id":58976,"date":"2024-10-03T21:17:09","date_gmt":"2024-10-03T19:17:09","guid":{"rendered":"https:\/\/de-prime.com\/?p=58976"},"modified":"2024-10-03T21:35:04","modified_gmt":"2024-10-03T19:35:04","slug":"progarden-led-party-lichterkette-20-leuchtmittel-45-v","status":"publish","type":"product","link":"https:\/\/de-prime.com\/index.php\/product\/progarden-led-party-lichterkette-20-leuchtmittel-45-v\/","title":{"rendered":"ProGarden LED-Party-Lichterkette 20 Leuchtmittel 4,5 V"},"content":{"rendered":"<p>Das ProGarden LED-Partybeleuchtung-Set umfasst 20 Gl\u00fchbirnen. Die Lichterkette wird mit 4,5 V-Adapter geliefert, ist spritzwassergesch\u00fctzt und kann im Freien verwendet werden. Sie wird eine festliche Atmosph\u00e4re in Ihrem Garten schaffen. Es gibt 20 Leuchtmittel (jedes mit 1 warmwei\u00dfen LED) in der Lichterkette, die abends helles Licht ausstrahlen. Diese Party-Lichterkette vereint Funktionalit\u00e4t mit stilvollem Design, um nachts f\u00fcr einen sch\u00f6nen Schein zu sorgen. H\u00e4ngen Sie die Lampen zwischen B\u00e4ume, an die Fassade oder auf den Balkon und schon kann die Party beginnen!<\/p>\n<ul>\n<li>Farbe: Transparent mit schwarzer Fassung<\/li>\n<li>Leuchtmittel-Material: Polypropylen<\/li>\n<li>Gl\u00fchbirnen-Gr\u00f6\u00dfe: 4 x 5,5 cm (Durchmesser x H)<\/li>\n<li>Party-Lichterkette mit 20 transparenten Gl\u00fchbirnen<\/li>\n<li>1 warmwei\u00dfe LED (pro Leuchtmittel)<\/li>\n<li>50 cm Abstand zwischen den Gl\u00fchbirnen<\/li>\n<li>3 m Stromkabel<\/li>\n<li>Kabel-Dicke: 3,8 mm<\/li>\n<li>Schutzart: IP44<\/li>\n<li>Lieferung umfasst: 1 x 4,5 V-Adapter<\/li>\n<\/ul>\n","protected":false},"excerpt":{"rendered":"<ul>\n<li>Farbe: Transparent mit schwarzer Fassung<\/li>\n<li>Leuchtmittel-Material: Polypropylen<\/li>\n<li>Gl\u00fchbirnen-Gr\u00f6\u00dfe: 4 x 5,5 cm (Durchmesser x H)<\/li>\n<li>Party-Lichterkette mit 20 transparenten Gl\u00fchbirnen<\/li>\n<li>1 warmwei\u00dfe LED (pro Leuchtmittel)<\/li>\n<li>50 cm Abstand zwischen den Gl\u00fchbirnen<\/li>\n<li>3 m Stromkabel<\/li>\n<li>Kabel-Dicke: 3,8 mm<\/li>\n<li>Schutzart: IP44<\/li>\n<li>Lieferung umfasst: 1 x 4,5 V-Adapter<\/li>\n<\/ul>\n","protected":false},"featured_media":10000058976,"comment_status":"closed","ping_status":"closed","template":"","meta":[],"product_brand":[],"product_cat":[7054,7048,7108],"product_tag":[],"class_list":{"0":"post-58976","1":"product","2":"type-product","3":"status-publish","4":"has-post-thumbnail","6":"product_cat-beleuchtung","7":"product_cat-heim-garten","8":"product_cat-lichtschlaeuche-lichterketten","10":"first","11":"outofstock","12":"taxable","13":"shipping-taxable","14":"purchasable","15":"product-type-simple","16":"add-to-wishlist-after_add_to_cart"},"jetpack_sharing_enabled":true,"_links":{"self":[{"href":"https:\/\/de-prime.com\/index.php\/wp-json\/wp\/v2\/product\/58976","targetHints":{"allow":["GET"]}}],"collection":[{"href":"https:\/\/de-prime.com\/index.php\/wp-json\/wp\/v2\/product"}],"about":[{"href":"https:\/\/de-prime.com\/index.php\/wp-json\/wp\/v2\/types\/product"}],"replies":[{"embeddable":true,"href":"https:\/\/de-prime.com\/index.php\/wp-json\/wp\/v2\/comments?post=58976"}],"wp:featuredmedia":[{"embeddable":true,"href":"https:\/\/de-prime.com\/index.php\/wp-json\/"}],"wp:attachment":[{"href":"https:\/\/de-prime.com\/index.php\/wp-json\/wp\/v2\/media?parent=58976"}],"wp:term":[{"taxonomy":"product_brand","embeddable":true,"href":"https:\/\/de-prime.com\/index.php\/wp-json\/wp\/v2\/product_brand?post=58976"},{"taxonomy":"product_cat","embeddable":true,"href":"https:\/\/de-prime.com\/index.php\/wp-json\/wp\/v2\/product_cat?post=58976"},{"taxonomy":"product_tag","embeddable":true,"href":"https:\/\/de-prime.com\/index.php\/wp-json\/wp\/v2\/product_tag?post=58976"}],"curies":[{"name":"wp","href":"https:\/\/api.w.org\/{rel}","templated":true}]}}