{"id":58975,"date":"2024-10-03T21:17:14","date_gmt":"2024-10-03T19:17:14","guid":{"rendered":"https:\/\/de-prime.com\/?p=58975"},"modified":"2024-10-03T21:35:00","modified_gmt":"2024-10-03T19:35:00","slug":"hi-led-solar-lichterkette-10-tlg-55-cm","status":"publish","type":"product","link":"https:\/\/de-prime.com\/index.php\/product\/hi-led-solar-lichterkette-10-tlg-55-cm\/","title":{"rendered":"HI LED-Solar-Lichterkette 10-tlg. 5,5 cm"},"content":{"rendered":"<p>Die LED-Solar-Lichterkette von HI ist f\u00fcr die Dekoration deines Gartens oder deiner Terrasse gedacht und schafft eine romantische Atmosph\u00e4re. Diese Lichterkette besteht aus 10 warmwei\u00dfen LED-Lampen. Die anmutigen Lampen sind gleichm\u00e4\u00dfig auf dem 3,8 m langen Draht verteilt und werden vor allem am Abend ein echter Hingucker sein. Diese Partybeleuchtung ist eine perfekte Dekoration f\u00fcr Grillpartys und Geburtstagsfeiern.<\/p>\n<ul>\n<li>Farbe: Braun<\/li>\n<li>Material: Metall<\/li>\n<li>L\u00e4nge der Lichterkette: 380 cm<\/li>\n<li>Gr\u00f6\u00dfe des Lampenk\u00e4figs: je 5,5 x 10 cm (B x T)<\/li>\n<li>10 warmwei\u00dfe LEDs<\/li>\n<li>LED-Abstand: 20 cm<\/li>\n<li>Mit amorphem Solarmodul (auf einem Erdspie\u00df)<\/li>\n<li>Funktionen: Dauerlicht und Blinken<\/li>\n<li>L\u00e4nge des Netzkabels: 2 m (vom Solarmodul bis zur ersten LED)<\/li>\n<li>Ben\u00f6tigte Batterie: 1 x AAA 300 mAh NiMh-Akku (im Lieferumfang enthalten)<\/li>\n<\/ul>\n","protected":false},"excerpt":{"rendered":"<ul>\n<li>Farbe: Braun<\/li>\n<li>Material: Metall<\/li>\n<li>L\u00e4nge der Lichterkette: 380 cm<\/li>\n<li>Gr\u00f6\u00dfe des Lampenk\u00e4figs: je 5,5 x 10 cm (B x T)<\/li>\n<li>10 warmwei\u00dfe LEDs<\/li>\n<li>LED-Abstand: 20 cm<\/li>\n<li>Mit amorphem Solarmodul (auf einem Erdspie\u00df)<\/li>\n<li>Funktionen: Dauerlicht und Blinken<\/li>\n<li>L\u00e4nge des Netzkabels: 2 m (vom Solarmodul bis zur ersten LED)<\/li>\n<li>Ben\u00f6tigte Batterie: 1 x AAA 300 mAh NiMh-Akku (im Lieferumfang enthalten)<\/li>\n<\/ul>\n","protected":false},"featured_media":10000058975,"comment_status":"closed","ping_status":"closed","template":"","meta":[],"product_brand":[],"product_cat":[7054,7048,7108],"product_tag":[],"class_list":{"0":"post-58975","1":"product","2":"type-product","3":"status-publish","4":"has-post-thumbnail","6":"product_cat-beleuchtung","7":"product_cat-heim-garten","8":"product_cat-lichtschlaeuche-lichterketten","10":"first","11":"instock","12":"taxable","13":"shipping-taxable","14":"purchasable","15":"product-type-simple","16":"add-to-wishlist-after_add_to_cart"},"jetpack_sharing_enabled":true,"_links":{"self":[{"href":"https:\/\/de-prime.com\/index.php\/wp-json\/wp\/v2\/product\/58975","targetHints":{"allow":["GET"]}}],"collection":[{"href":"https:\/\/de-prime.com\/index.php\/wp-json\/wp\/v2\/product"}],"about":[{"href":"https:\/\/de-prime.com\/index.php\/wp-json\/wp\/v2\/types\/product"}],"replies":[{"embeddable":true,"href":"https:\/\/de-prime.com\/index.php\/wp-json\/wp\/v2\/comments?post=58975"}],"wp:featuredmedia":[{"embeddable":true,"href":"https:\/\/de-prime.com\/index.php\/wp-json\/"}],"wp:attachment":[{"href":"https:\/\/de-prime.com\/index.php\/wp-json\/wp\/v2\/media?parent=58975"}],"wp:term":[{"taxonomy":"product_brand","embeddable":true,"href":"https:\/\/de-prime.com\/index.php\/wp-json\/wp\/v2\/product_brand?post=58975"},{"taxonomy":"product_cat","embeddable":true,"href":"https:\/\/de-prime.com\/index.php\/wp-json\/wp\/v2\/product_cat?post=58975"},{"taxonomy":"product_tag","embeddable":true,"href":"https:\/\/de-prime.com\/index.php\/wp-json\/wp\/v2\/product_tag?post=58975"}],"curies":[{"name":"wp","href":"https:\/\/api.w.org\/{rel}","templated":true}]}}