{"id":58974,"date":"2024-10-03T21:17:13","date_gmt":"2024-10-03T19:17:13","guid":{"rendered":"https:\/\/de-prime.com\/?p=58974"},"modified":"2024-10-03T21:35:01","modified_gmt":"2024-10-03T19:35:01","slug":"weihnachtsbaum-beleuchtung-500-leds-mehrfarbig-500-cm","status":"publish","type":"product","link":"https:\/\/de-prime.com\/index.php\/product\/weihnachtsbaum-beleuchtung-500-leds-mehrfarbig-500-cm\/","title":{"rendered":"Weihnachtsbaum-Beleuchtung 500 LEDs Mehrfarbig 500 cm"},"content":{"rendered":"<p>Diese LED-Beleuchtung ist speziell f\u00fcr das Schm\u00fccken des Weihnachtsbaums bestimmt und schafft eine angenehme Atmosph\u00e4re. Die 500 LEDs bieten 8 verschiedene Lichteffekten: eine Kombination aus allen Effekten, langsam gl\u00fchend, blinkend, wellenartig, flie\u00dfend, sequentiell, stetig an und langsam verblassend. Somit leuchten die Lichterketten wundersch\u00f6n auf und schaffen eine magische Weihnachtsstimmung. Diese sch\u00f6ne Weihnachtsdekoration ist wasserfest und daher sowohl f\u00fcr den Innen- als auch f\u00fcr den Au\u00dfenbereich geeignet. Du kannst diese Weihnachtsdeko ganz einfach am Oberteil des Weihnachtsbaums anbringen und die Lichterketten fallen auf nat\u00fcrliche Weise zu Boden. Vor allem am Abend ist die Weihnachtsbaumbeleuchtung ein echter Blickfang und dient gleichzeitig als gem\u00fctliche Lichtquelle. Bei Nichtgebrauch kann diese LED-Beleuchtung einfach bis zur n\u00e4chsten Weihnachtssaison aufbewahrt werden. Hinweis: Der mitgelieferte USB-Anschluss ist nicht wasserdicht, daher muss dieses Teil vor Wasser gesch\u00fctzt werden. Dank des 10 m langen Kabels kann der Artikel jedoch im Freien verwendet werden, da das Kabel und das Produkt wasserfest sind. Wichtiger Hinweis: Der Weihnachtsbaum und die Kugeln sind nicht im Lieferumfang enthalten. Das Produkt hat einen USB-Anschluss, aber das zertifizierte 5V USB-Netzteil ist nicht im Lieferumfang enthalten.<\/p>\n<ul>\n<li>Drahtfarbe: Dunkelgr\u00fcn<\/li>\n<li>Lichtfarbe: Mehrfarbig<\/li>\n<li>Material: PVC<\/li>\n<li>Geeignete Baumh\u00f6he: 500 cm<\/li>\n<li>Ausgangsspannung: DC 5 V<\/li>\n<li>Maximale Leistung: 6 W<\/li>\n<li>Mit 500 LEDs<\/li>\n<li>Anzahl der Lichterketten: 10<\/li>\n<li>Anzahl der LEDs pro Lichterkette: 50<\/li>\n<li>Mit 10-m-Anschlusskabel<\/li>\n<li>Wasserfest<\/li>\n<li>Geeignet f\u00fcr den Einsatz im Innen- und Au\u00dfenbereich<\/li>\n<li>Zusammenbau erforderlich: Ja<\/li>\n<\/ul>\n","protected":false},"excerpt":{"rendered":"<ul>\n<li>Drahtfarbe: Dunkelgr\u00fcn<\/li>\n<li>Lichtfarbe: Mehrfarbig<\/li>\n<li>Material: PVC<\/li>\n<li>Geeignete Baumh\u00f6he: 500 cm<\/li>\n<li>Ausgangsspannung: DC 5 V<\/li>\n<li>Maximale Leistung: 6 W<\/li>\n<li>Mit 500 LEDs<\/li>\n<li>Anzahl der Lichterketten: 10<\/li>\n<li>Anzahl der LEDs pro Lichterkette: 50<\/li>\n<li>Mit 10-m-Anschlusskabel<\/li>\n<li>Wasserfest<\/li>\n<li>Geeignet f\u00fcr den Einsatz im Innen- und Au\u00dfenbereich<\/li>\n<li>Zusammenbau erforderlich: Ja<\/li>\n<\/ul>\n","protected":false},"featured_media":10000058974,"comment_status":"closed","ping_status":"closed","template":"","meta":[],"product_brand":[],"product_cat":[7054,7048,7108],"product_tag":[],"class_list":{"0":"post-58974","1":"product","2":"type-product","3":"status-publish","4":"has-post-thumbnail","6":"product_cat-beleuchtung","7":"product_cat-heim-garten","8":"product_cat-lichtschlaeuche-lichterketten","10":"first","11":"outofstock","12":"taxable","13":"shipping-taxable","14":"purchasable","15":"product-type-simple","16":"add-to-wishlist-after_add_to_cart"},"jetpack_sharing_enabled":true,"_links":{"self":[{"href":"https:\/\/de-prime.com\/index.php\/wp-json\/wp\/v2\/product\/58974","targetHints":{"allow":["GET"]}}],"collection":[{"href":"https:\/\/de-prime.com\/index.php\/wp-json\/wp\/v2\/product"}],"about":[{"href":"https:\/\/de-prime.com\/index.php\/wp-json\/wp\/v2\/types\/product"}],"replies":[{"embeddable":true,"href":"https:\/\/de-prime.com\/index.php\/wp-json\/wp\/v2\/comments?post=58974"}],"wp:featuredmedia":[{"embeddable":true,"href":"https:\/\/de-prime.com\/index.php\/wp-json\/"}],"wp:attachment":[{"href":"https:\/\/de-prime.com\/index.php\/wp-json\/wp\/v2\/media?parent=58974"}],"wp:term":[{"taxonomy":"product_brand","embeddable":true,"href":"https:\/\/de-prime.com\/index.php\/wp-json\/wp\/v2\/product_brand?post=58974"},{"taxonomy":"product_cat","embeddable":true,"href":"https:\/\/de-prime.com\/index.php\/wp-json\/wp\/v2\/product_cat?post=58974"},{"taxonomy":"product_tag","embeddable":true,"href":"https:\/\/de-prime.com\/index.php\/wp-json\/wp\/v2\/product_tag?post=58974"}],"curies":[{"name":"wp","href":"https:\/\/api.w.org\/{rel}","templated":true}]}}