{"id":58959,"date":"2024-10-03T21:17:41","date_gmt":"2024-10-03T19:17:41","guid":{"rendered":"https:\/\/de-prime.com\/?p=58959"},"modified":"2024-10-03T21:34:42","modified_gmt":"2024-10-03T19:34:42","slug":"weihnachtsbaum-lichternetz-mit-180-leds-mehrfarbig-180-cm","status":"publish","type":"product","link":"https:\/\/de-prime.com\/index.php\/product\/weihnachtsbaum-lichternetz-mit-180-leds-mehrfarbig-180-cm\/","title":{"rendered":"Weihnachtsbaum-Lichternetz mit 180 LEDs Mehrfarbig 180 cm"},"content":{"rendered":"<p>Diese LED-Beleuchtung ist speziell f\u00fcr das Schm\u00fccken des Weihnachtsbaums bestimmt und schafft eine angenehme Atmosph\u00e4re. Die 180 Hochleistungs-LEDs sind sehr energieeffizient und strahlen ein helles Licht aus. Mit 8 verschiedenen Lichteffekten versehen &#8211; eine Kombination aus allen Effekten, langsames Gl\u00fchen, blinkend, wellenartig, flie\u00dfend, sequentiell, stetig an und langsam verblassend &#8211; leuchtet die Lichterkette wundersch\u00f6n auf und schafft eine magische Weihnachtsstimmung. Diese sch\u00f6ne Weihnachtsdekoration ist wasserfest und daher sowohl f\u00fcr den Innen- als auch f\u00fcr den Au\u00dfenbereich geeignet. Du kannst diese Weihnachtsdeko ganz einfach am Oberteil des Weihnachtsbaums anbringen und die Lichterketten fallen auf nat\u00fcrliche Weise zu Boden. Vor allem am Abend ist die Weihnachtsbaumbeleuchtung ein echter Blickfang und dient gleichzeitig als gem\u00fctliche Lichtquelle. Bei Nichtgebrauch k\u00f6nnen diese LED-Leuchten einfach bis zu der n\u00e4chsten Weihnachtssaison aufbewahrt werden. Mit dieser LED-Baumbeleuchtung hast du viel Spa\u00df in der Weihnachtszeit! Bitte beachte, dass der Weihnachtsbaum und die Kugeln nicht im Lieferumfang enthalten sind. Das mitgelieferte USB-Netzteil ist nicht wasserdicht, daher muss dieses Teil vor Wasser gesch\u00fctzt werden. Dank des 5 m langen Kabels kann der Artikel jedoch im Freien verwendet werden, da das Kabel und das Produkt wasserfest sind. Hinweis: Das Produkt verf\u00fcgt \u00fcber einen USB-Anschluss, aber die zertifizierte 5-V-USB-Stromquelle ist nicht im Lieferumfang enthalten.<\/p>\n<ul>\n<li>Lichtfarbe: Mehrfarbig<\/li>\n<li>Material: PVC<\/li>\n<li>Geeignete Baumh\u00f6he: 180 cm<\/li>\n<li>L\u00e4nge des Verl\u00e4ngerungskabels: 5 m<\/li>\n<li>Ausgangsspannung: DC 5 V<\/li>\n<li>Leistung: 5 W<\/li>\n<li>Beinhaltet einen USB-Anschluss mit 8 Funktionen<\/li>\n<li>Mit 180 leistungsstarken LEDs<\/li>\n<li>Geeignet f\u00fcr den Einsatz im Innen- und Au\u00dfenbereich<\/li>\n<\/ul>\n","protected":false},"excerpt":{"rendered":"<ul>\n<li>Lichtfarbe: Mehrfarbig<\/li>\n<li>Material: PVC<\/li>\n<li>Geeignete Baumh\u00f6he: 180 cm<\/li>\n<li>L\u00e4nge des Verl\u00e4ngerungskabels: 5 m<\/li>\n<li>Ausgangsspannung: DC 5 V<\/li>\n<li>Leistung: 5 W<\/li>\n<li>Beinhaltet einen USB-Anschluss mit 8 Funktionen<\/li>\n<li>Mit 180 leistungsstarken LEDs<\/li>\n<li>Geeignet f\u00fcr den Einsatz im Innen- und Au\u00dfenbereich<\/li>\n<\/ul>\n","protected":false},"featured_media":10000058959,"comment_status":"closed","ping_status":"closed","template":"","meta":[],"product_brand":[],"product_cat":[7054,7048,7108],"product_tag":[],"class_list":{"0":"post-58959","1":"product","2":"type-product","3":"status-publish","4":"has-post-thumbnail","6":"product_cat-beleuchtung","7":"product_cat-heim-garten","8":"product_cat-lichtschlaeuche-lichterketten","10":"first","11":"outofstock","12":"taxable","13":"shipping-taxable","14":"purchasable","15":"product-type-simple","16":"add-to-wishlist-after_add_to_cart"},"jetpack_sharing_enabled":true,"_links":{"self":[{"href":"https:\/\/de-prime.com\/index.php\/wp-json\/wp\/v2\/product\/58959","targetHints":{"allow":["GET"]}}],"collection":[{"href":"https:\/\/de-prime.com\/index.php\/wp-json\/wp\/v2\/product"}],"about":[{"href":"https:\/\/de-prime.com\/index.php\/wp-json\/wp\/v2\/types\/product"}],"replies":[{"embeddable":true,"href":"https:\/\/de-prime.com\/index.php\/wp-json\/wp\/v2\/comments?post=58959"}],"wp:featuredmedia":[{"embeddable":true,"href":"https:\/\/de-prime.com\/index.php\/wp-json\/"}],"wp:attachment":[{"href":"https:\/\/de-prime.com\/index.php\/wp-json\/wp\/v2\/media?parent=58959"}],"wp:term":[{"taxonomy":"product_brand","embeddable":true,"href":"https:\/\/de-prime.com\/index.php\/wp-json\/wp\/v2\/product_brand?post=58959"},{"taxonomy":"product_cat","embeddable":true,"href":"https:\/\/de-prime.com\/index.php\/wp-json\/wp\/v2\/product_cat?post=58959"},{"taxonomy":"product_tag","embeddable":true,"href":"https:\/\/de-prime.com\/index.php\/wp-json\/wp\/v2\/product_tag?post=58959"}],"curies":[{"name":"wp","href":"https:\/\/api.w.org\/{rel}","templated":true}]}}