{"id":58940,"date":"2024-10-04T11:08:44","date_gmt":"2024-10-04T09:08:44","guid":{"rendered":"https:\/\/de-prime.com\/?p=58940"},"modified":"2024-10-04T11:08:44","modified_gmt":"2024-10-04T09:08:44","slug":"led-wandbaum-mit-metallhaken-720-led-blau-5-m-indoor-outdoor","status":"publish","type":"product","link":"https:\/\/de-prime.com\/index.php\/product\/led-wandbaum-mit-metallhaken-720-led-blau-5-m-indoor-outdoor\/","title":{"rendered":"LED-Wandbaum mit Metallhaken 720 LED Blau 5 m Indoor Outdoor"},"content":{"rendered":"<p>Dieser LED-Wandbaum eignet sich perfekt zum Schm\u00fccken von Innen- oder Au\u00dfenbereichen, sei es f\u00fcr Weihnachten, Partys, Hochzeiten oder verschiedene andere Feierlichkeiten. Dieser Weihnachtsbaum besteht aus 720 energiesparenden LEDs, die ein helles Licht abgeben. Die LED-Lichterketten dieses Weihnachtsbaums sind zusammengebunden und stellen 8 verschiedene Effekte zur Verf\u00fcgung: eine Kombination aller Effekte, langsames Dimmen, Funkeln\/Blitzen, in Welle, flie\u00dfendes Wasser, sequentiell, ununterbrochene Beleuchtung und langsame Ausblendung. Der LED-Baum leuchtet wundersch\u00f6n auf und schafft eine magische Weihnachtsstimmung. Diese Weihnachtsdekoration ist wasserabweisend und daher sowohl f\u00fcr den Innen- als auch f\u00fcr den Au\u00dfenbereich geeignet. Das komplette Set umfasst 5 Erdspie\u00dfe, einen Haken und 15 Kabelbinder zum Aufstellen des gro\u00dfen LED-Weihnachtsbaums. Hinweis: Dank des mitgelieferten wasserbest\u00e4ndigen Adapters und des 8 Meter langen Verl\u00e4ngerungskabels l\u00e4sst sich das Produkt sowohl im Innen- als auch im Au\u00dfenbereich einsetzen.<\/p>\n<ul>\n<li>Lichtfarbe: Blau<\/li>\n<li>Material: Kunststoff<\/li>\n<li>H\u00f6he: 5 m<\/li>\n<li>L\u00e4nge des Verl\u00e4ngerungskabels: 8 m<\/li>\n<li>Spannung: 6 V<\/li>\n<li>Leistung: 6 W<\/li>\n<li>IP-Schutzart: IP44<\/li>\n<li>Mit einem 8-Funktionen-Adapter<\/li>\n<li>Enth\u00e4lt 720 energiesparende LEDs<\/li>\n<li>Mit 5 Erdspie\u00dfen und 15 Kabelbindern zum Aufstellen des Baums<\/li>\n<li>Mit 5 dicken geb\u00fcndelten LED-Lichterketten und einem Haken<\/li>\n<li>F\u00fcr den Innen- und Au\u00dfenbereich geeignet<\/li>\n<li>Zusammenbau erforderlich: Ja<\/li>\n<\/ul>\n","protected":false},"excerpt":{"rendered":"<ul>\n<li>Lichtfarbe: Blau<\/li>\n<li>Material: Kunststoff<\/li>\n<li>H\u00f6he: 5 m<\/li>\n<li>L\u00e4nge des Verl\u00e4ngerungskabels: 8 m<\/li>\n<li>Spannung: 6 V<\/li>\n<li>Leistung: 6 W<\/li>\n<li>IP-Schutzart: IP44<\/li>\n<li>Mit einem 8-Funktionen-Adapter<\/li>\n<li>Enth\u00e4lt 720 energiesparende LEDs<\/li>\n<li>Mit 5 Erdspie\u00dfen und 15 Kabelbindern zum Aufstellen des Baums<\/li>\n<li>Mit 5 dicken geb\u00fcndelten LED-Lichterketten und einem Haken<\/li>\n<li>F\u00fcr den Innen- und Au\u00dfenbereich geeignet<\/li>\n<li>Zusammenbau erforderlich: Ja<\/li>\n<\/ul>\n","protected":false},"featured_media":10000058940,"comment_status":"closed","ping_status":"closed","template":"","meta":[],"product_brand":[],"product_cat":[7054,7048,7108],"product_tag":[],"class_list":{"0":"post-58940","1":"product","2":"type-product","3":"status-publish","4":"has-post-thumbnail","6":"product_cat-beleuchtung","7":"product_cat-heim-garten","8":"product_cat-lichtschlaeuche-lichterketten","10":"first","11":"instock","12":"taxable","13":"shipping-taxable","14":"purchasable","15":"product-type-simple","16":"add-to-wishlist-after_add_to_cart"},"jetpack_sharing_enabled":true,"_links":{"self":[{"href":"https:\/\/de-prime.com\/index.php\/wp-json\/wp\/v2\/product\/58940","targetHints":{"allow":["GET"]}}],"collection":[{"href":"https:\/\/de-prime.com\/index.php\/wp-json\/wp\/v2\/product"}],"about":[{"href":"https:\/\/de-prime.com\/index.php\/wp-json\/wp\/v2\/types\/product"}],"replies":[{"embeddable":true,"href":"https:\/\/de-prime.com\/index.php\/wp-json\/wp\/v2\/comments?post=58940"}],"wp:featuredmedia":[{"embeddable":true,"href":"https:\/\/de-prime.com\/index.php\/wp-json\/"}],"wp:attachment":[{"href":"https:\/\/de-prime.com\/index.php\/wp-json\/wp\/v2\/media?parent=58940"}],"wp:term":[{"taxonomy":"product_brand","embeddable":true,"href":"https:\/\/de-prime.com\/index.php\/wp-json\/wp\/v2\/product_brand?post=58940"},{"taxonomy":"product_cat","embeddable":true,"href":"https:\/\/de-prime.com\/index.php\/wp-json\/wp\/v2\/product_cat?post=58940"},{"taxonomy":"product_tag","embeddable":true,"href":"https:\/\/de-prime.com\/index.php\/wp-json\/wp\/v2\/product_tag?post=58940"}],"curies":[{"name":"wp","href":"https:\/\/api.w.org\/{rel}","templated":true}]}}