{"id":58847,"date":"2024-10-04T11:07:35","date_gmt":"2024-10-04T09:07:35","guid":{"rendered":"https:\/\/de-prime.com\/?p=58847"},"modified":"2024-10-04T11:07:35","modified_gmt":"2024-10-04T09:07:35","slug":"pendelleuchte-24x24x137-cm-aluminium","status":"publish","type":"product","link":"https:\/\/de-prime.com\/index.php\/product\/pendelleuchte-24x24x137-cm-aluminium\/","title":{"rendered":"Pendelleuchte 24x24x137 cm Aluminium"},"content":{"rendered":"<p>Werte deinen Wohnraum mit dieser beeindruckenden Pendelleuchte auf! Haltbares Material: Die Pendellampe besteht aus Aluminium und ist daher robust und langlebig.Einzigartige Dekoration: Mit ihrer polierten Aluminium-Optik ist diese Pendelleuchte ein markanter Hingucker in jedem Raum.Verstellbar: Die Aufg\u00e4ngeh\u00f6he l\u00e4sst sich verstellen und daher an deine Bed\u00fcrfnisse anpassen.Breite Anwendung: Diese Pendelleuchte findet den idealen Platz in Wohnungen, B\u00fcros, Restaurants, Bars oder jedem anderen Raum, dem du eine industrielle Note verleihen m\u00f6chtest.<\/p>\n<ul>\n<li>Farbe: Silber und Wei\u00df<\/li>\n<li>Material: Aluminium<\/li>\n<li>Gesamtabmessungen: 24 x 24 x 137 cm (L x B x H)<\/li>\n<li>H\u00f6he des Lampenschirms: 32 cm<\/li>\n<li>Durchmesser des Sockels: 10 cm<\/li>\n<li>Lampenfassung: E27<\/li>\n<li>Maximale Leistung: 40 W<\/li>\n<li>Befestigungsmaterial inklusive<\/li>\n<li>Leuchtmittel ist nicht im Lieferumfang enthalten<\/li>\n<li>Zusammenbau erforderlich: Ja<\/li>\n<\/ul>\n","protected":false},"excerpt":{"rendered":"<ul>\n<li>Farbe: Silber und Wei\u00df<\/li>\n<li>Material: Aluminium<\/li>\n<li>Gesamtabmessungen: 24 x 24 x 137 cm (L x B x H)<\/li>\n<li>H\u00f6he des Lampenschirms: 32 cm<\/li>\n<li>Durchmesser des Sockels: 10 cm<\/li>\n<li>Lampenfassung: E27<\/li>\n<li>Maximale Leistung: 40 W<\/li>\n<li>Befestigungsmaterial inklusive<\/li>\n<li>Leuchtmittel ist nicht im Lieferumfang enthalten<\/li>\n<li>Zusammenbau erforderlich: Ja<\/li>\n<\/ul>\n","protected":false},"featured_media":10000058847,"comment_status":"closed","ping_status":"closed","template":"","meta":[],"product_brand":[],"product_cat":[7054,7048,7101],"product_tag":[],"class_list":{"0":"post-58847","1":"product","2":"type-product","3":"status-publish","4":"has-post-thumbnail","6":"product_cat-beleuchtung","7":"product_cat-heim-garten","8":"product_cat-lampen","10":"first","11":"instock","12":"taxable","13":"shipping-taxable","14":"purchasable","15":"product-type-simple","16":"add-to-wishlist-after_add_to_cart"},"jetpack_sharing_enabled":true,"_links":{"self":[{"href":"https:\/\/de-prime.com\/index.php\/wp-json\/wp\/v2\/product\/58847","targetHints":{"allow":["GET"]}}],"collection":[{"href":"https:\/\/de-prime.com\/index.php\/wp-json\/wp\/v2\/product"}],"about":[{"href":"https:\/\/de-prime.com\/index.php\/wp-json\/wp\/v2\/types\/product"}],"replies":[{"embeddable":true,"href":"https:\/\/de-prime.com\/index.php\/wp-json\/wp\/v2\/comments?post=58847"}],"wp:featuredmedia":[{"embeddable":true,"href":"https:\/\/de-prime.com\/index.php\/wp-json\/"}],"wp:attachment":[{"href":"https:\/\/de-prime.com\/index.php\/wp-json\/wp\/v2\/media?parent=58847"}],"wp:term":[{"taxonomy":"product_brand","embeddable":true,"href":"https:\/\/de-prime.com\/index.php\/wp-json\/wp\/v2\/product_brand?post=58847"},{"taxonomy":"product_cat","embeddable":true,"href":"https:\/\/de-prime.com\/index.php\/wp-json\/wp\/v2\/product_cat?post=58847"},{"taxonomy":"product_tag","embeddable":true,"href":"https:\/\/de-prime.com\/index.php\/wp-json\/wp\/v2\/product_tag?post=58847"}],"curies":[{"name":"wp","href":"https:\/\/api.w.org\/{rel}","templated":true}]}}