{"id":58826,"date":"2024-10-04T11:13:53","date_gmt":"2024-10-04T09:13:53","guid":{"rendered":"https:\/\/de-prime.com\/?p=58826"},"modified":"2024-10-04T11:13:53","modified_gmt":"2024-10-04T09:13:53","slug":"stehlampen-3-stk-messing-e27-mango-massivholz","status":"publish","type":"product","link":"https:\/\/de-prime.com\/index.php\/product\/stehlampen-3-stk-messing-e27-mango-massivholz\/","title":{"rendered":"Stehlampen 3 Stk. Messing E27 Mango Massivholz"},"content":{"rendered":"<p>Beleuchten Sie Ihren Wohnraum mit diesem Stehlampen-Set aus Holz! Diese Lampen verf\u00fcgen \u00fcber ein Vintage-Design und sind ein trendiger Blickfang in jedem Interieur. Dieses Lampen-Set kommt in 3 verschiedenen Gr\u00f6\u00dfen, um spezifischen Anforderungen gerecht zu werden. Der eiserne Lampenschirm mit Messingbeschichtung verbreitet ein warmes und atmosph\u00e4risches Licht. Das robuste Mangoholzgestell mit verwittert brauner Oberfl\u00e4che passt perfekt in ein l\u00e4ndliches oder industrielles Interieur. Der Lampenschirm verf\u00fcgt \u00fcber eine E27-Fassung f\u00fcr ein Leuchtmittel von maximal 25 W. Sie k\u00f6nnen E27-Leuchtmittel in verschiedenen hellen Farben ausw\u00e4hlen und einsetzen, um eine Atmosph\u00e4re der Entspannung und Ruhe zu schaffen. Dar\u00fcber hinaus sind Bodenschalter f\u00fcr einfaches An- und Ausschalten enthalten. Bitte beachten Sie, dass die Lieferung ohne Leuchtmittel erfolgt.<\/p>\n<ul>\n<li>Farbe: Messing und Braun<\/li>\n<li>Material: Massives Mangoholz mit verwittertem, braunem Finish, Eisen<\/li>\n<li>Abmessungen (gro\u00df): 28 x 65 x (145-150) cm (L x B x H)<\/li>\n<li>Abmessungen (mittelgro\u00df): 28 x (61-68) x (105-110) cm (L x B x H)<\/li>\n<li>Abmessungen (klein): 20 x (22-25) x (42-47) cm (L x B x H)<\/li>\n<li>Lampenfassung: E27<\/li>\n<li>Maximale Leistung: 25 W<\/li>\n<li>Mit Bodenschalter<\/li>\n<li>Niederspannungsrichtlinie<\/li>\n<li>Leuchtmittel ist nicht im Lieferumfang enthalten<\/li>\n<li><strong>Lieferung enth\u00e4lt:<\/strong><\/li>\n<li>1 x gro\u00dfe Stehlampe<\/li>\n<li>1 x mittelgro\u00dfe Stehlampe<\/li>\n<li>1 x kleine Stehlampe<\/li>\n<\/ul>\n","protected":false},"excerpt":{"rendered":"<ul>\n<li>Farbe: Messing und Braun<\/li>\n<li>Material: Massives Mangoholz mit verwittertem, braunem Finish, Eisen<\/li>\n<li>Abmessungen (gro\u00df): 28 x 65 x (145-150) cm (L x B x H)<\/li>\n<li>Abmessungen (mittelgro\u00df): 28 x (61-68) x (105-110) cm (L x B x H)<\/li>\n<li>Abmessungen (klein): 20 x (22-25) x (42-47) cm (L x B x H)<\/li>\n<li>Lampenfassung: E27<\/li>\n<li>Maximale Leistung: 25 W<\/li>\n<li>Mit Bodenschalter<\/li>\n<li>Niederspannungsrichtlinie<\/li>\n<li>Leuchtmittel ist nicht im Lieferumfang enthalten<\/li>\n<li><strong>Lieferung enth\u00e4lt:<\/strong><\/li>\n<li>1 x gro\u00dfe Stehlampe<\/li>\n<li>1 x mittelgro\u00dfe Stehlampe<\/li>\n<li>1 x kleine Stehlampe<\/li>\n<\/ul>\n","protected":false},"featured_media":10000058826,"comment_status":"closed","ping_status":"closed","template":"","meta":[],"product_brand":[],"product_cat":[7054,7048,7101],"product_tag":[],"class_list":{"0":"post-58826","1":"product","2":"type-product","3":"status-publish","4":"has-post-thumbnail","6":"product_cat-beleuchtung","7":"product_cat-heim-garten","8":"product_cat-lampen","10":"first","11":"instock","12":"taxable","13":"shipping-taxable","14":"purchasable","15":"product-type-simple","16":"add-to-wishlist-after_add_to_cart"},"jetpack_sharing_enabled":true,"_links":{"self":[{"href":"https:\/\/de-prime.com\/index.php\/wp-json\/wp\/v2\/product\/58826","targetHints":{"allow":["GET"]}}],"collection":[{"href":"https:\/\/de-prime.com\/index.php\/wp-json\/wp\/v2\/product"}],"about":[{"href":"https:\/\/de-prime.com\/index.php\/wp-json\/wp\/v2\/types\/product"}],"replies":[{"embeddable":true,"href":"https:\/\/de-prime.com\/index.php\/wp-json\/wp\/v2\/comments?post=58826"}],"wp:featuredmedia":[{"embeddable":true,"href":"https:\/\/de-prime.com\/index.php\/wp-json\/"}],"wp:attachment":[{"href":"https:\/\/de-prime.com\/index.php\/wp-json\/wp\/v2\/media?parent=58826"}],"wp:term":[{"taxonomy":"product_brand","embeddable":true,"href":"https:\/\/de-prime.com\/index.php\/wp-json\/wp\/v2\/product_brand?post=58826"},{"taxonomy":"product_cat","embeddable":true,"href":"https:\/\/de-prime.com\/index.php\/wp-json\/wp\/v2\/product_cat?post=58826"},{"taxonomy":"product_tag","embeddable":true,"href":"https:\/\/de-prime.com\/index.php\/wp-json\/wp\/v2\/product_tag?post=58826"}],"curies":[{"name":"wp","href":"https:\/\/api.w.org\/{rel}","templated":true}]}}