{"id":58801,"date":"2024-10-04T11:18:24","date_gmt":"2024-10-04T09:18:24","guid":{"rendered":"https:\/\/de-prime.com\/?p=58801"},"modified":"2024-10-04T11:18:24","modified_gmt":"2024-10-04T09:18:24","slug":"haengelampe-industriestil-25-w-silbern-rund-42-cm-e27","status":"publish","type":"product","link":"https:\/\/de-prime.com\/index.php\/product\/haengelampe-industriestil-25-w-silbern-rund-42-cm-e27\/","title":{"rendered":"H\u00e4ngelampe Industriestil 25 W Silbern Rund 42 cm E27"},"content":{"rendered":"<p>Mit einer Gesamtl\u00e4nge von 154 cm und einem Lampenschirm-Durchmesser von 42 cm ist diese H\u00e4ngelampe ein echter Hingucker im Wohnzimmer, Esszimmer oder B\u00fcro. Der Lampenschirm aus Eisen mit Silberbeschichtung passt perfekt zu jedem Interieur im Landhaus- oder Industriestil. Die Deckenleuchte verf\u00fcgt \u00fcber eine E27-Fassung f\u00fcr ein Leuchtmittel von maximal 25 Watt. Sie k\u00f6nnen E27-Leuchtmittel mit verschiedenen Lichtfarben ausw\u00e4hlen und einsetzen, um eine Atmosph\u00e4re der Entspannung und Ruhe zu schaffen. Die Lieferung umfasst auch das Montagematerial. Bitte beachten: Diese Lampe im Industriestil weist Unvollkommenheiten am Lampenschirm auf, was der Lampe ihre eigene Identit\u00e4t verleiht und sie durch ihre raue Optik einzigartig macht. Die Leuchtmittel sind nicht im Lieferumfang enthalten.<\/p>\n<ul>\n<li>Farbe: Silber<\/li>\n<li>Material: Eisen mit Silberbeschichtung<\/li>\n<li>Lampenschirm-Ma\u00dfe: 42 x 52 cm (Durchmesser x H)<\/li>\n<li>Gesamth\u00f6he mit Kette: 154 cm<\/li>\n<li>Plattendurchmesser: 10 cm<\/li>\n<li>Lampenfassung: E27<\/li>\n<li>Maximale Leistung: 25 W<\/li>\n<li>Niederspannungsrichtlinie<\/li>\n<li>Leuchtmittel ist nicht im Lieferumfang enthalten<\/li>\n<\/ul>\n","protected":false},"excerpt":{"rendered":"<ul>\n<li>Farbe: Silber<\/li>\n<li>Material: Eisen mit Silberbeschichtung<\/li>\n<li>Lampenschirm-Ma\u00dfe: 42 x 52 cm (Durchmesser x H)<\/li>\n<li>Gesamth\u00f6he mit Kette: 154 cm<\/li>\n<li>Plattendurchmesser: 10 cm<\/li>\n<li>Lampenfassung: E27<\/li>\n<li>Maximale Leistung: 25 W<\/li>\n<li>Niederspannungsrichtlinie<\/li>\n<li>Leuchtmittel ist nicht im Lieferumfang enthalten<\/li>\n<\/ul>\n","protected":false},"featured_media":10000058801,"comment_status":"closed","ping_status":"closed","template":"","meta":[],"product_brand":[],"product_cat":[7054,7048,7101],"product_tag":[],"class_list":{"0":"post-58801","1":"product","2":"type-product","3":"status-publish","4":"has-post-thumbnail","6":"product_cat-beleuchtung","7":"product_cat-heim-garten","8":"product_cat-lampen","10":"first","11":"instock","12":"taxable","13":"shipping-taxable","14":"purchasable","15":"product-type-simple","16":"add-to-wishlist-after_add_to_cart"},"jetpack_sharing_enabled":true,"_links":{"self":[{"href":"https:\/\/de-prime.com\/index.php\/wp-json\/wp\/v2\/product\/58801","targetHints":{"allow":["GET"]}}],"collection":[{"href":"https:\/\/de-prime.com\/index.php\/wp-json\/wp\/v2\/product"}],"about":[{"href":"https:\/\/de-prime.com\/index.php\/wp-json\/wp\/v2\/types\/product"}],"replies":[{"embeddable":true,"href":"https:\/\/de-prime.com\/index.php\/wp-json\/wp\/v2\/comments?post=58801"}],"wp:featuredmedia":[{"embeddable":true,"href":"https:\/\/de-prime.com\/index.php\/wp-json\/"}],"wp:attachment":[{"href":"https:\/\/de-prime.com\/index.php\/wp-json\/wp\/v2\/media?parent=58801"}],"wp:term":[{"taxonomy":"product_brand","embeddable":true,"href":"https:\/\/de-prime.com\/index.php\/wp-json\/wp\/v2\/product_brand?post=58801"},{"taxonomy":"product_cat","embeddable":true,"href":"https:\/\/de-prime.com\/index.php\/wp-json\/wp\/v2\/product_cat?post=58801"},{"taxonomy":"product_tag","embeddable":true,"href":"https:\/\/de-prime.com\/index.php\/wp-json\/wp\/v2\/product_tag?post=58801"}],"curies":[{"name":"wp","href":"https:\/\/api.w.org\/{rel}","templated":true}]}}