{"id":58770,"date":"2024-10-04T11:22:26","date_gmt":"2024-10-04T09:22:26","guid":{"rendered":"https:\/\/de-prime.com\/?p=58770"},"modified":"2024-10-04T11:22:26","modified_gmt":"2024-10-04T09:22:26","slug":"deckenlampe-industriestil-schwarz-e27-mangoholz","status":"publish","type":"product","link":"https:\/\/de-prime.com\/index.php\/product\/deckenlampe-industriestil-schwarz-e27-mangoholz\/","title":{"rendered":"Deckenlampe Industriestil Schwarz E27 Mangoholz"},"content":{"rendered":"<p>Diese Deckenleuchte mit einem Schirmdurchmesser von 17 cm ist mit Sicherheit ein Highlight im Wohnzimmer, Esszimmer, in der K\u00fcche und mehr. Die Lampenschirme aus Eisen mit schwarzer Beschichtung und massivem Mangoholz mit verwittertem braunem Finish passen perfekt zu jedem Interieur im Landhaus- oder Industriestil. Die Deckenleuchte mit 4 Lampenschirmen verf\u00fcgt \u00fcber eine E27-Fassung f\u00fcr eine Gl\u00fchlampe mit maximal 25 Watt. Sie k\u00f6nnen E27-Leuchtmittel mit verschiedenen Lichtfarben ausw\u00e4hlen und einsetzen, um eine Atmosph\u00e4re der Entspannung und Ruhe zu schaffen. Bitte beachten Sie, dass die Leuchtmittel nicht im Lieferumfang enthalten sind.<\/p>\n<ul>\n<li>Farbe: Schwarz und Braun<\/li>\n<li>Material: Eisen mit schwarzer Beschichtung, massives Mangoholz mit verwittertem braunem Finish<\/li>\n<li>Gesamtabmessungen: 90 x 17 x 25 cm (L x B x H)<\/li>\n<li>Eisenschirmdurchmesser: 17 cm<\/li>\n<li>Maximale Leistung: 25 W<\/li>\n<li>Mit 4 Lampenschirmen<\/li>\n<li>Niederspannungsrichtlinie<\/li>\n<li>Leuchtmittel ist nicht im Lieferumfang enthalten<\/li>\n<\/ul>\n","protected":false},"excerpt":{"rendered":"<ul>\n<li>Farbe: Schwarz und Braun<\/li>\n<li>Material: Eisen mit schwarzer Beschichtung, massives Mangoholz mit verwittertem braunem Finish<\/li>\n<li>Gesamtabmessungen: 90 x 17 x 25 cm (L x B x H)<\/li>\n<li>Eisenschirmdurchmesser: 17 cm<\/li>\n<li>Maximale Leistung: 25 W<\/li>\n<li>Mit 4 Lampenschirmen<\/li>\n<li>Niederspannungsrichtlinie<\/li>\n<li>Leuchtmittel ist nicht im Lieferumfang enthalten<\/li>\n<\/ul>\n","protected":false},"featured_media":10000058770,"comment_status":"closed","ping_status":"closed","template":"","meta":[],"product_brand":[],"product_cat":[7054,7048,7101],"product_tag":[],"class_list":{"0":"post-58770","1":"product","2":"type-product","3":"status-publish","4":"has-post-thumbnail","6":"product_cat-beleuchtung","7":"product_cat-heim-garten","8":"product_cat-lampen","10":"first","11":"outofstock","12":"taxable","13":"shipping-taxable","14":"purchasable","15":"product-type-simple","16":"add-to-wishlist-after_add_to_cart"},"jetpack_sharing_enabled":true,"_links":{"self":[{"href":"https:\/\/de-prime.com\/index.php\/wp-json\/wp\/v2\/product\/58770","targetHints":{"allow":["GET"]}}],"collection":[{"href":"https:\/\/de-prime.com\/index.php\/wp-json\/wp\/v2\/product"}],"about":[{"href":"https:\/\/de-prime.com\/index.php\/wp-json\/wp\/v2\/types\/product"}],"replies":[{"embeddable":true,"href":"https:\/\/de-prime.com\/index.php\/wp-json\/wp\/v2\/comments?post=58770"}],"wp:featuredmedia":[{"embeddable":true,"href":"https:\/\/de-prime.com\/index.php\/wp-json\/"}],"wp:attachment":[{"href":"https:\/\/de-prime.com\/index.php\/wp-json\/wp\/v2\/media?parent=58770"}],"wp:term":[{"taxonomy":"product_brand","embeddable":true,"href":"https:\/\/de-prime.com\/index.php\/wp-json\/wp\/v2\/product_brand?post=58770"},{"taxonomy":"product_cat","embeddable":true,"href":"https:\/\/de-prime.com\/index.php\/wp-json\/wp\/v2\/product_cat?post=58770"},{"taxonomy":"product_tag","embeddable":true,"href":"https:\/\/de-prime.com\/index.php\/wp-json\/wp\/v2\/product_tag?post=58770"}],"curies":[{"name":"wp","href":"https:\/\/api.w.org\/{rel}","templated":true}]}}