{"id":58750,"date":"2024-10-04T11:23:22","date_gmt":"2024-10-04T09:23:22","guid":{"rendered":"https:\/\/de-prime.com\/?p=58750"},"modified":"2024-10-04T11:23:22","modified_gmt":"2024-10-04T09:23:22","slug":"tischlampen-2-stk-touch-sensor-weiss-e14-3","status":"publish","type":"product","link":"https:\/\/de-prime.com\/index.php\/product\/tischlampen-2-stk-touch-sensor-weiss-e14-3\/","title":{"rendered":"Tischlampen 2 Stk. Touch-Sensor Wei\u00df E14"},"content":{"rendered":"<p>Verleihen Sie Ihrer Inneneinrichtung eine moderne Note mit dieser eleganten Tischleuchte! Dieses Set aus 2 Tischleuchten mit Touch-Button ist eine funktionale und dekorative Erg\u00e4nzung f\u00fcr Ihren Wohnraum. Das moderne Design passt mit Sicherheit zu jeder Inneneinrichtung und verleiht ihr Stil und Eleganz. Ausgestattet mit einem Touch-Button ist die Nachttischlampe einfach zu bedienen. Durch einfaches Ber\u00fchren des Lampensockels k\u00f6nnen Sie den Ein- oder Ausschaltmodus w\u00e4hlen. Dank des langen Kabels von ca. 120 cm k\u00f6nnen Sie die Tischlampe an vielen Stellen im Raum platzieren. Sie k\u00f6nnen Gl\u00fchbirnen mit E14-Fassung mit verschiedenen Leuchtfarben ausw\u00e4hlen und installieren und so eine Atmosph\u00e4re der Entspannung und Ruhe schaffen. Bitte beachten Sie, dass die Leuchtmittel nicht enthalten sind. Die Lampe ist leicht zu montieren. Die Lieferung umfasst 2 Lampen.<\/p>\n<ul>\n<li>Farbe: Wei\u00df (Lampenschirm) + Silbern (St\u00e4nder)<\/li>\n<li>Gesamtma\u00dfe: 16 x 32 cm (Durchmesser x H)<\/li>\n<li>Lampenschirm-Ma\u00dfe: 16 x 15,8 cm (Durchmesser x H)<\/li>\n<li>Lampensockeldurchmesser: 8 \/ 11,5 cm<\/li>\n<li>Material: Metall mit ED-Beschichtung (St\u00e4nder und Sockel) + Stoff (Lampenschirm)<\/li>\n<li>Lampenfassung: E14<\/li>\n<li>Mit Touch-Sensor<\/li>\n<li>Wassertropfenf\u00f6rmiger Lampenfu\u00df<\/li>\n<li>Mit 1,2 Meter Kabel<\/li>\n<li>Leuchtmittel sind nicht im Lieferumfang enthalten<\/li>\n<li>Lieferung umfasst 2 Lampen<\/li>\n<\/ul>\n","protected":false},"excerpt":{"rendered":"<ul>\n<li>Farbe: Wei\u00df (Lampenschirm) + Silbern (St\u00e4nder)<\/li>\n<li>Gesamtma\u00dfe: 16 x 32 cm (Durchmesser x H)<\/li>\n<li>Lampenschirm-Ma\u00dfe: 16 x 15,8 cm (Durchmesser x H)<\/li>\n<li>Lampensockeldurchmesser: 8 \/ 11,5 cm<\/li>\n<li>Material: Metall mit ED-Beschichtung (St\u00e4nder und Sockel) + Stoff (Lampenschirm)<\/li>\n<li>Lampenfassung: E14<\/li>\n<li>Mit Touch-Sensor<\/li>\n<li>Wassertropfenf\u00f6rmiger Lampenfu\u00df<\/li>\n<li>Mit 1,2 Meter Kabel<\/li>\n<li>Leuchtmittel sind nicht im Lieferumfang enthalten<\/li>\n<li>Lieferung umfasst 2 Lampen<\/li>\n<\/ul>\n","protected":false},"featured_media":10000058750,"comment_status":"closed","ping_status":"closed","template":"","meta":[],"product_brand":[],"product_cat":[7054,7048,7101],"product_tag":[],"class_list":{"0":"post-58750","1":"product","2":"type-product","3":"status-publish","4":"has-post-thumbnail","6":"product_cat-beleuchtung","7":"product_cat-heim-garten","8":"product_cat-lampen","10":"first","11":"instock","12":"taxable","13":"shipping-taxable","14":"purchasable","15":"product-type-simple","16":"add-to-wishlist-after_add_to_cart"},"jetpack_sharing_enabled":true,"_links":{"self":[{"href":"https:\/\/de-prime.com\/index.php\/wp-json\/wp\/v2\/product\/58750","targetHints":{"allow":["GET"]}}],"collection":[{"href":"https:\/\/de-prime.com\/index.php\/wp-json\/wp\/v2\/product"}],"about":[{"href":"https:\/\/de-prime.com\/index.php\/wp-json\/wp\/v2\/types\/product"}],"replies":[{"embeddable":true,"href":"https:\/\/de-prime.com\/index.php\/wp-json\/wp\/v2\/comments?post=58750"}],"wp:featuredmedia":[{"embeddable":true,"href":"https:\/\/de-prime.com\/index.php\/wp-json\/"}],"wp:attachment":[{"href":"https:\/\/de-prime.com\/index.php\/wp-json\/wp\/v2\/media?parent=58750"}],"wp:term":[{"taxonomy":"product_brand","embeddable":true,"href":"https:\/\/de-prime.com\/index.php\/wp-json\/wp\/v2\/product_brand?post=58750"},{"taxonomy":"product_cat","embeddable":true,"href":"https:\/\/de-prime.com\/index.php\/wp-json\/wp\/v2\/product_cat?post=58750"},{"taxonomy":"product_tag","embeddable":true,"href":"https:\/\/de-prime.com\/index.php\/wp-json\/wp\/v2\/product_tag?post=58750"}],"curies":[{"name":"wp","href":"https:\/\/api.w.org\/{rel}","templated":true}]}}