{"id":58739,"date":"2024-10-04T11:25:12","date_gmt":"2024-10-04T09:25:12","guid":{"rendered":"https:\/\/de-prime.com\/?p=58739"},"modified":"2024-10-04T11:25:13","modified_gmt":"2024-10-04T09:25:13","slug":"stativlampe-honigbraun-und-schwarz-teak-massivholz-141-cm","status":"publish","type":"product","link":"https:\/\/de-prime.com\/index.php\/product\/stativlampe-honigbraun-und-schwarz-teak-massivholz-141-cm\/","title":{"rendered":"Stativlampe Honigbraun und Schwarz Teak Massivholz 141 cm"},"content":{"rendered":"<p>Beleuchten Sie Ihren Wohnraum mit dieser Stativ-Stehlampe im Retro-Stil! Diese Holzlampe im Vintage-Design ist ein trendiger Hingucker in jedem Interieur. Die Lampe wird von einem Stativfu\u00df getragen, auf dem der Lampenschirm sitzt. Die Beine sind aus massivem Teakholz gefertigt, was einen sicheren und robusten Stand gew\u00e4hrleistet. Sie k\u00f6nnen die H\u00f6he von 100 cm bis 141 cm Ihren Bed\u00fcrfnissen entsprechend anpassen. Es hat einen Ein\/Aus-Schalter am Kabel f\u00fcr eine einfache Bedienung. Die freistehende Lampe verf\u00fcgt \u00fcber eine E27-Fassung f\u00fcr eine Gl\u00fchlampe von maximal 25 Watt. Sie k\u00f6nnen E27-Leuchtmittel in verschiedenen hellen Farben ausw\u00e4hlen. Hinweis: Die Gl\u00fchbirnen sind nicht enthalten.<\/p>\n<ul>\n<li>St\u00e4nderfarbe: Honigbraun<\/li>\n<li>Lampenschirm-Farbe: Schwarz<\/li>\n<li>Material: Teak-Massivholz, Metall<\/li>\n<li>Abmessungen: 64 x 59 x (100-141) cm (L x B x H)<\/li>\n<li>Lampenschirm-Durchmesser: 26 cm \/ 44 cm<\/li>\n<li>Kabell\u00e4nge: 180 cm<\/li>\n<li>Stromversorgung: 220-240 V~, 50 Hz<\/li>\n<li>Leistung (max): 25 W<\/li>\n<li>Lampenfassung: E27<\/li>\n<li>Mit Fu\u00dfschalter<\/li>\n<li>H\u00f6henverstellbar<\/li>\n<li>Leuchtmittel nicht im Lieferumfang enthalten<\/li>\n<li>Zusammenbau erforderlich: Ja<\/li>\n<\/ul>\n","protected":false},"excerpt":{"rendered":"<ul>\n<li>St\u00e4nderfarbe: Honigbraun<\/li>\n<li>Lampenschirm-Farbe: Schwarz<\/li>\n<li>Material: Teak-Massivholz, Metall<\/li>\n<li>Abmessungen: 64 x 59 x (100-141) cm (L x B x H)<\/li>\n<li>Lampenschirm-Durchmesser: 26 cm \/ 44 cm<\/li>\n<li>Kabell\u00e4nge: 180 cm<\/li>\n<li>Stromversorgung: 220-240 V~, 50 Hz<\/li>\n<li>Leistung (max): 25 W<\/li>\n<li>Lampenfassung: E27<\/li>\n<li>Mit Fu\u00dfschalter<\/li>\n<li>H\u00f6henverstellbar<\/li>\n<li>Leuchtmittel nicht im Lieferumfang enthalten<\/li>\n<li>Zusammenbau erforderlich: Ja<\/li>\n<\/ul>\n","protected":false},"featured_media":10000058739,"comment_status":"closed","ping_status":"closed","template":"","meta":[],"product_brand":[],"product_cat":[7054,7048,7101],"product_tag":[],"class_list":{"0":"post-58739","1":"product","2":"type-product","3":"status-publish","4":"has-post-thumbnail","6":"product_cat-beleuchtung","7":"product_cat-heim-garten","8":"product_cat-lampen","10":"first","11":"instock","12":"taxable","13":"shipping-taxable","14":"purchasable","15":"product-type-simple","16":"add-to-wishlist-after_add_to_cart"},"jetpack_sharing_enabled":true,"_links":{"self":[{"href":"https:\/\/de-prime.com\/index.php\/wp-json\/wp\/v2\/product\/58739","targetHints":{"allow":["GET"]}}],"collection":[{"href":"https:\/\/de-prime.com\/index.php\/wp-json\/wp\/v2\/product"}],"about":[{"href":"https:\/\/de-prime.com\/index.php\/wp-json\/wp\/v2\/types\/product"}],"replies":[{"embeddable":true,"href":"https:\/\/de-prime.com\/index.php\/wp-json\/wp\/v2\/comments?post=58739"}],"wp:featuredmedia":[{"embeddable":true,"href":"https:\/\/de-prime.com\/index.php\/wp-json\/"}],"wp:attachment":[{"href":"https:\/\/de-prime.com\/index.php\/wp-json\/wp\/v2\/media?parent=58739"}],"wp:term":[{"taxonomy":"product_brand","embeddable":true,"href":"https:\/\/de-prime.com\/index.php\/wp-json\/wp\/v2\/product_brand?post=58739"},{"taxonomy":"product_cat","embeddable":true,"href":"https:\/\/de-prime.com\/index.php\/wp-json\/wp\/v2\/product_cat?post=58739"},{"taxonomy":"product_tag","embeddable":true,"href":"https:\/\/de-prime.com\/index.php\/wp-json\/wp\/v2\/product_tag?post=58739"}],"curies":[{"name":"wp","href":"https:\/\/api.w.org\/{rel}","templated":true}]}}