{"id":58728,"date":"2024-10-04T11:24:47","date_gmt":"2024-10-04T09:24:47","guid":{"rendered":"https:\/\/de-prime.com\/?p=58728"},"modified":"2024-10-04T11:24:47","modified_gmt":"2024-10-04T09:24:47","slug":"smartwares-led-gewaechslampe-9w-weiss","status":"publish","type":"product","link":"https:\/\/de-prime.com\/index.php\/product\/smartwares-led-gewaechslampe-9w-weiss\/","title":{"rendered":"Smartwares LED-Gew\u00e4chslampe 9W Wei\u00df"},"content":{"rendered":"<p>Du m\u00f6chtest gern frisches Basilikum auf deinen Caprese-Salat geben, hast aber vergessen, es im Supermarkt zu kaufen? Mit dieser stilvollen 9 W LED-Gew\u00e4chslampe von Smartwares kannst du jetzt selbst Gem\u00fcse und Kr\u00e4uter in deiner K\u00fcche z\u00fcchten. PVC mit sch\u00f6ner Holzoptik: Die elegante PVC-Lampe mit Holzoptik bietet Platz f\u00fcr mehrere T\u00f6pfe und l\u00e4sst sich leicht zusammenbauen. Die PVC-Teile lassen sich einfach zusammenstecken. Stimuliert den Prozess der Photosynthese: Die Lampe bringt die Sonne ins Haus, wenn die Tage k\u00fcrzer werden und Pflanzen und Kr\u00e4uter nicht mehr genug Sonnenlicht bekommen. Sie regt die nat\u00fcrliche Photosynthese an, sodass die Pflanzen und Kr\u00e4uter schneller und besser wachsen k\u00f6nnen. Mit Tag-\/Nacht-Rhythmus: Diese Gew\u00e4chsstation wird mit einem speziellen Timer geliefert, der den Tag-Nacht-Rhythmus nachahmt. Die Lampe schaltet sich automatisch f\u00fcr 16 Stunden ein und f\u00fcr 8 Stunden aus. Auf diese Weise haben die Pflanzen gen\u00fcgend Zeit, ihre Glukose in der Nacht zu verbrennen. Helles Tageslicht: Mit 4000K erzeugt die Leuchte ein nat\u00fcrlich wei\u00dfes Licht, in dem jede Pflanze wachsen kann, sogar kleine Samen. Die 9-W-Lampe hat einen Abstrahlwinkel von 120\u2070, sodass jede Pflanze dieselbe Menge an Licht bekommt. Z\u00fcchte deine eigenen Pflanzen, Kr\u00e4uter und Gem\u00fcse in deinem Zuhause: Die Lampe wird \u00fcber ein Kabel mit Stecker betrieben und kann an jede Steckdose angeschlossen werden. Suche also einen geeigneten Platz f\u00fcr die elegante Lampe, pflanze deine Samen und warte darauf, dass dein Kr\u00e4utergarten zu wachsen beginnt.<\/p>\n<ul>\n<li>Farbe: Wei\u00df<\/li>\n<li>Material: Kunststoff<\/li>\n<li>Gr\u00f6\u00dfe: 21 x 51,7 cm (Durchmesser x H)<\/li>\n<li>Durchmesser des Lampenschirms: 14, 9 cm<\/li>\n<li>Stromversorgung: 230 V~, 50 Hz<\/li>\n<li>1 x 9-W-LED<\/li>\n<li>Z\u00fcchte deine eigenen Pflanzen, Kr\u00e4uter und Gem\u00fcse in deinem Zuhause<\/li>\n<li>Stimuliert den nat\u00fcrlichen Prozess der Photosynthese<\/li>\n<li>Mit Tag-\/Nacht-Rhythmus (16 h an, 8 h aus)<\/li>\n<li>PVC-Material mit sch\u00f6ner Holzoptik<\/li>\n<li>Lichtstrom: 550 lm<\/li>\n<li>Farbtemperatur: 4000 K<\/li>\n<li>Strahlwinkel: 120\u00b0<\/li>\n<li>Ein\/Aus-Schalter<\/li>\n<li>F\u00fcr den Innenbereich<\/li>\n<li>Schutzart: IP20<\/li>\n<li>Kabell\u00e4nge: 1,5 m<\/li>\n<li>H\u00f6henverstellbar (nach der Installation)<\/li>\n<li>Einfacher Zusammenbau durch Zusammenstecken der Teile<\/li>\n<\/ul>\n","protected":false},"excerpt":{"rendered":"<ul>\n<li>Farbe: Wei\u00df<\/li>\n<li>Material: Kunststoff<\/li>\n<li>Gr\u00f6\u00dfe: 21 x 51,7 cm (Durchmesser x H)<\/li>\n<li>Durchmesser des Lampenschirms: 14, 9 cm<\/li>\n<li>Stromversorgung: 230 V~, 50 Hz<\/li>\n<li>1 x 9-W-LED<\/li>\n<li>Z\u00fcchte deine eigenen Pflanzen, Kr\u00e4uter und Gem\u00fcse in deinem Zuhause<\/li>\n<li>Stimuliert den nat\u00fcrlichen Prozess der Photosynthese<\/li>\n<li>Mit Tag-\/Nacht-Rhythmus (16 h an, 8 h aus)<\/li>\n<li>PVC-Material mit sch\u00f6ner Holzoptik<\/li>\n<li>Lichtstrom: 550 lm<\/li>\n<li>Farbtemperatur: 4000 K<\/li>\n<li>Strahlwinkel: 120\u00b0<\/li>\n<li>Ein\/Aus-Schalter<\/li>\n<li>F\u00fcr den Innenbereich<\/li>\n<li>Schutzart: IP20<\/li>\n<li>Kabell\u00e4nge: 1,5 m<\/li>\n<li>H\u00f6henverstellbar (nach der Installation)<\/li>\n<li>Einfacher Zusammenbau durch Zusammenstecken der Teile<\/li>\n<\/ul>\n","protected":false},"featured_media":10000058728,"comment_status":"closed","ping_status":"closed","template":"","meta":[],"product_brand":[],"product_cat":[7054,7048,7101],"product_tag":[],"class_list":{"0":"post-58728","1":"product","2":"type-product","3":"status-publish","4":"has-post-thumbnail","6":"product_cat-beleuchtung","7":"product_cat-heim-garten","8":"product_cat-lampen","10":"first","11":"outofstock","12":"taxable","13":"shipping-taxable","14":"purchasable","15":"product-type-simple","16":"add-to-wishlist-after_add_to_cart"},"jetpack_sharing_enabled":true,"_links":{"self":[{"href":"https:\/\/de-prime.com\/index.php\/wp-json\/wp\/v2\/product\/58728","targetHints":{"allow":["GET"]}}],"collection":[{"href":"https:\/\/de-prime.com\/index.php\/wp-json\/wp\/v2\/product"}],"about":[{"href":"https:\/\/de-prime.com\/index.php\/wp-json\/wp\/v2\/types\/product"}],"replies":[{"embeddable":true,"href":"https:\/\/de-prime.com\/index.php\/wp-json\/wp\/v2\/comments?post=58728"}],"wp:featuredmedia":[{"embeddable":true,"href":"https:\/\/de-prime.com\/index.php\/wp-json\/"}],"wp:attachment":[{"href":"https:\/\/de-prime.com\/index.php\/wp-json\/wp\/v2\/media?parent=58728"}],"wp:term":[{"taxonomy":"product_brand","embeddable":true,"href":"https:\/\/de-prime.com\/index.php\/wp-json\/wp\/v2\/product_brand?post=58728"},{"taxonomy":"product_cat","embeddable":true,"href":"https:\/\/de-prime.com\/index.php\/wp-json\/wp\/v2\/product_cat?post=58728"},{"taxonomy":"product_tag","embeddable":true,"href":"https:\/\/de-prime.com\/index.php\/wp-json\/wp\/v2\/product_tag?post=58728"}],"curies":[{"name":"wp","href":"https:\/\/api.w.org\/{rel}","templated":true}]}}