{"id":58727,"date":"2024-10-03T21:13:23","date_gmt":"2024-10-03T19:13:23","guid":{"rendered":"https:\/\/de-prime.com\/?p=58727"},"modified":"2024-10-03T21:37:51","modified_gmt":"2024-10-03T19:37:51","slug":"stehleuchte-dreibein-massivholz-mango-140-cm","status":"publish","type":"product","link":"https:\/\/de-prime.com\/index.php\/product\/stehleuchte-dreibein-massivholz-mango-140-cm\/","title":{"rendered":"Stehleuchte Dreibein Massivholz Mango 140 cm"},"content":{"rendered":"<p>Beleuchte deinen Wohnraum mit dieser Stehlampe mit Dreibein aus Holz! Diese Stativ-Leuchte im Vintage-Design ist ein trendiger Blickfang in jedem Interieur. Der kippbare, schwenkbare Stahl-Lampenschirm mit silbernem Finish strahlt ein warmes und atmosph\u00e4risches Licht aus. Das robuste Dreibein besteht aus massivem Mangoholz. Es weist einen braunen Finish auf und gew\u00e4hrleistet einen sicheren Stand. Dar\u00fcber hinaus l\u00e4sst sich die Lampenh\u00f6he je nach Bedarf von 103 cm bis 140 cm einstellen. Die Hollywood-Leuchte ist einfach zusammenzubauen. Die Standleuchte verf\u00fcgt \u00fcber eine E27-Fassung f\u00fcr eine Gl\u00fchlampe mit maximal 25 Watt. Du kannst E27-Leuchtmittel mit verschiedenen Lichtfarben ausw\u00e4hlen und einsetzen. Hinweis: Die Leuchtmittel sind nicht im Lieferumfang enthalten.<\/p>\n<ul>\n<li>Farbe: Natur und Silber<\/li>\n<li>Material: Massives Mangoholz, Stahl, Aluminium<\/li>\n<li>Gesamth\u00f6he: 103 &#8211; 140 cm<\/li>\n<li>Lampenschirm-Gr\u00f6\u00dfe: 16 x 17 cm (Durchmesser x Tiefe)<\/li>\n<li>Stromversorgung: 220-240 V~, 50\/60 Hz<\/li>\n<li>Max. Wattleistung der Leuchtmittel: 25 W (nicht enthalten)<\/li>\n<li>Lampenfassung: E27<\/li>\n<li>Schwenkbarer Lampenschirm<\/li>\n<li>H\u00f6henverstellbar<\/li>\n<li>Poliert, gestrichen und lackiert<\/li>\n<li>Zusammenbau erforderlich: Ja<\/li>\n<\/ul>\n","protected":false},"excerpt":{"rendered":"<ul>\n<li>Farbe: Natur und Silber<\/li>\n<li>Material: Massives Mangoholz, Stahl, Aluminium<\/li>\n<li>Gesamth\u00f6he: 103 &#8211; 140 cm<\/li>\n<li>Lampenschirm-Gr\u00f6\u00dfe: 16 x 17 cm (Durchmesser x Tiefe)<\/li>\n<li>Stromversorgung: 220-240 V~, 50\/60 Hz<\/li>\n<li>Max. Wattleistung der Leuchtmittel: 25 W (nicht enthalten)<\/li>\n<li>Lampenfassung: E27<\/li>\n<li>Schwenkbarer Lampenschirm<\/li>\n<li>H\u00f6henverstellbar<\/li>\n<li>Poliert, gestrichen und lackiert<\/li>\n<li>Zusammenbau erforderlich: Ja<\/li>\n<\/ul>\n","protected":false},"featured_media":10000058727,"comment_status":"closed","ping_status":"closed","template":"","meta":[],"product_brand":[],"product_cat":[7054,7048,7101],"product_tag":[],"class_list":{"0":"post-58727","1":"product","2":"type-product","3":"status-publish","4":"has-post-thumbnail","6":"product_cat-beleuchtung","7":"product_cat-heim-garten","8":"product_cat-lampen","10":"first","11":"instock","12":"taxable","13":"shipping-taxable","14":"purchasable","15":"product-type-simple","16":"add-to-wishlist-after_add_to_cart"},"jetpack_sharing_enabled":true,"_links":{"self":[{"href":"https:\/\/de-prime.com\/index.php\/wp-json\/wp\/v2\/product\/58727","targetHints":{"allow":["GET"]}}],"collection":[{"href":"https:\/\/de-prime.com\/index.php\/wp-json\/wp\/v2\/product"}],"about":[{"href":"https:\/\/de-prime.com\/index.php\/wp-json\/wp\/v2\/types\/product"}],"replies":[{"embeddable":true,"href":"https:\/\/de-prime.com\/index.php\/wp-json\/wp\/v2\/comments?post=58727"}],"wp:featuredmedia":[{"embeddable":true,"href":"https:\/\/de-prime.com\/index.php\/wp-json\/"}],"wp:attachment":[{"href":"https:\/\/de-prime.com\/index.php\/wp-json\/wp\/v2\/media?parent=58727"}],"wp:term":[{"taxonomy":"product_brand","embeddable":true,"href":"https:\/\/de-prime.com\/index.php\/wp-json\/wp\/v2\/product_brand?post=58727"},{"taxonomy":"product_cat","embeddable":true,"href":"https:\/\/de-prime.com\/index.php\/wp-json\/wp\/v2\/product_cat?post=58727"},{"taxonomy":"product_tag","embeddable":true,"href":"https:\/\/de-prime.com\/index.php\/wp-json\/wp\/v2\/product_tag?post=58727"}],"curies":[{"name":"wp","href":"https:\/\/api.w.org\/{rel}","templated":true}]}}