{"id":58726,"date":"2024-10-04T11:24:50","date_gmt":"2024-10-04T09:24:50","guid":{"rendered":"https:\/\/de-prime.com\/?p=58726"},"modified":"2024-10-04T11:24:50","modified_gmt":"2024-10-04T09:24:50","slug":"wandleuchte-tier-25-w-15x24x25-cm-e27","status":"publish","type":"product","link":"https:\/\/de-prime.com\/index.php\/product\/wandleuchte-tier-25-w-15x24x25-cm-e27\/","title":{"rendered":"Wandleuchte Tier 25 W 15x24x25 cm E27"},"content":{"rendered":"<p>Diese Wandleuchte wird definitiv ein Hingucker im Wohnzimmer, Esszimmer, B\u00fcro und mehr. Massives Mangoholz: Massives Mangoholz ist ein starkes, tropisches Hartholz, aus dem robuste M\u00f6belst\u00fccke hergestellt werden. Die optisch ansprechende Holzmaserung macht jedes M\u00f6belst\u00fcck zu einem Unikat. E27-Fassung: Die Wandlampe verf\u00fcgt \u00fcber eine E27-Fassung f\u00fcr ein Leuchtmittel von maximal 25 Watt. Du kannst E27-Gl\u00fchbirnen mit verschiedenen Lichtfarben ausw\u00e4hlen, um eine Atmosph\u00e4re der Entspannung und Erholung zu schaffen. Tierkopf-Design: Diese Tier-Wandleuchte verleiht jedem Raum eine lustige und verspielte Note und ist ein wundersch\u00f6ner und auff\u00e4lliger Dekoartikel. Gut zu wissen: Diese Lampe im Industrie-Stil weist verschiedene Unvollkommenheiten und eine raue Optik auf, die ihr einen eigenen Charakter verleihen und sie zum Unikat machen. Leuchtmittel sind nicht im Lieferumfang enthalten.<\/p>\n<ul>\n<li>Material: Massives Mangoholz mit wetterfestem Finish<\/li>\n<li>Gesamtma\u00dfe: 15 x 24 x 25 cm (L x B x H)<\/li>\n<li>Lampenfassung: E27<\/li>\n<li>Maximale Leistung: 25 W<\/li>\n<li>Niederspannungsrichtlinie<\/li>\n<\/ul>\n","protected":false},"excerpt":{"rendered":"<ul>\n<li>Material: Massives Mangoholz mit wetterfestem Finish<\/li>\n<li>Gesamtma\u00dfe: 15 x 24 x 25 cm (L x B x H)<\/li>\n<li>Lampenfassung: E27<\/li>\n<li>Maximale Leistung: 25 W<\/li>\n<li>Niederspannungsrichtlinie<\/li>\n<\/ul>\n","protected":false},"featured_media":10000058726,"comment_status":"closed","ping_status":"closed","template":"","meta":[],"product_brand":[],"product_cat":[7054,7048,7101],"product_tag":[],"class_list":{"0":"post-58726","1":"product","2":"type-product","3":"status-publish","4":"has-post-thumbnail","6":"product_cat-beleuchtung","7":"product_cat-heim-garten","8":"product_cat-lampen","10":"first","11":"outofstock","12":"taxable","13":"shipping-taxable","14":"purchasable","15":"product-type-simple","16":"add-to-wishlist-after_add_to_cart"},"jetpack_sharing_enabled":true,"_links":{"self":[{"href":"https:\/\/de-prime.com\/index.php\/wp-json\/wp\/v2\/product\/58726","targetHints":{"allow":["GET"]}}],"collection":[{"href":"https:\/\/de-prime.com\/index.php\/wp-json\/wp\/v2\/product"}],"about":[{"href":"https:\/\/de-prime.com\/index.php\/wp-json\/wp\/v2\/types\/product"}],"replies":[{"embeddable":true,"href":"https:\/\/de-prime.com\/index.php\/wp-json\/wp\/v2\/comments?post=58726"}],"wp:featuredmedia":[{"embeddable":true,"href":"https:\/\/de-prime.com\/index.php\/wp-json\/"}],"wp:attachment":[{"href":"https:\/\/de-prime.com\/index.php\/wp-json\/wp\/v2\/media?parent=58726"}],"wp:term":[{"taxonomy":"product_brand","embeddable":true,"href":"https:\/\/de-prime.com\/index.php\/wp-json\/wp\/v2\/product_brand?post=58726"},{"taxonomy":"product_cat","embeddable":true,"href":"https:\/\/de-prime.com\/index.php\/wp-json\/wp\/v2\/product_cat?post=58726"},{"taxonomy":"product_tag","embeddable":true,"href":"https:\/\/de-prime.com\/index.php\/wp-json\/wp\/v2\/product_tag?post=58726"}],"curies":[{"name":"wp","href":"https:\/\/api.w.org\/{rel}","templated":true}]}}