{"id":58723,"date":"2024-10-03T21:13:25","date_gmt":"2024-10-03T19:13:25","guid":{"rendered":"https:\/\/de-prime.com\/?p=58723"},"modified":"2024-10-03T21:37:50","modified_gmt":"2024-10-03T19:37:50","slug":"stehleuchte-dreibein-massivholz-mango-165-cm","status":"publish","type":"product","link":"https:\/\/de-prime.com\/index.php\/product\/stehleuchte-dreibein-massivholz-mango-165-cm\/","title":{"rendered":"Stehleuchte Dreibein Massivholz Mango 165 cm"},"content":{"rendered":"<p>Beleuchte deinen Wohnraum mit dieser Stehlampe mit Dreibein aus Holz! Diese Stativ-Leuchte im Vintage-Design ist ein trendiger Blickfang in jedem Interieur. Der kippbare, schwenkbare Stahl-Lampenschirm mit messingfarbener Oberfl\u00e4che strahlt ein warmes und atmosph\u00e4risches Licht aus. Die robusten Beine bestehen aus massivem Mangoholz mit einem braunen Finish und gew\u00e4hrleisten einen sicheren Stand. Dar\u00fcber hinaus l\u00e4sst sich die Lampenh\u00f6he je nach Bedarf von 94 cm bis 165 cm einstellen. Die Hollywood-Lampe ist einfach zu montieren. Die Standleuchte verf\u00fcgt \u00fcber eine E27-Fassung f\u00fcr eine Gl\u00fchlampe mit maximal 25 Watt. Du kannst E27-Leuchtmittel mit verschiedenen Lichtfarben ausw\u00e4hlen und einsetzen. Hinweis: Die Leuchtmittel sind nicht im Lieferumfang enthalten.<\/p>\n<ul>\n<li>Farbe: Natur und Messing<\/li>\n<li>Material: Massives Mangoholz, Stahl, Aluminium<\/li>\n<li>Gesamth\u00f6he: 94 &#8211; 165 cm<\/li>\n<li>Lampenschirm-Gr\u00f6\u00dfe: 22 x 22 cm (Durchmesser x Tiefe)<\/li>\n<li>Stromversorgung: 220-240 V~, 50\/60 Hz<\/li>\n<li>Max. Wattleistung der Leuchtmittel: 25 W (nicht enthalten)<\/li>\n<li>Lampenfassung: E27<\/li>\n<li>Schwenkbarer Lampenschirm<\/li>\n<li>H\u00f6henverstellbar<\/li>\n<li>Poliert, gestrichen und lackiert<\/li>\n<li>Zusammenbau erforderlich: Ja<\/li>\n<\/ul>\n","protected":false},"excerpt":{"rendered":"<ul>\n<li>Farbe: Natur und Messing<\/li>\n<li>Material: Massives Mangoholz, Stahl, Aluminium<\/li>\n<li>Gesamth\u00f6he: 94 &#8211; 165 cm<\/li>\n<li>Lampenschirm-Gr\u00f6\u00dfe: 22 x 22 cm (Durchmesser x Tiefe)<\/li>\n<li>Stromversorgung: 220-240 V~, 50\/60 Hz<\/li>\n<li>Max. Wattleistung der Leuchtmittel: 25 W (nicht enthalten)<\/li>\n<li>Lampenfassung: E27<\/li>\n<li>Schwenkbarer Lampenschirm<\/li>\n<li>H\u00f6henverstellbar<\/li>\n<li>Poliert, gestrichen und lackiert<\/li>\n<li>Zusammenbau erforderlich: Ja<\/li>\n<\/ul>\n","protected":false},"featured_media":10000058723,"comment_status":"closed","ping_status":"closed","template":"","meta":[],"product_brand":[],"product_cat":[7054,7048,7101],"product_tag":[],"class_list":{"0":"post-58723","1":"product","2":"type-product","3":"status-publish","4":"has-post-thumbnail","6":"product_cat-beleuchtung","7":"product_cat-heim-garten","8":"product_cat-lampen","10":"first","11":"instock","12":"taxable","13":"shipping-taxable","14":"purchasable","15":"product-type-simple","16":"add-to-wishlist-after_add_to_cart"},"jetpack_sharing_enabled":true,"_links":{"self":[{"href":"https:\/\/de-prime.com\/index.php\/wp-json\/wp\/v2\/product\/58723","targetHints":{"allow":["GET"]}}],"collection":[{"href":"https:\/\/de-prime.com\/index.php\/wp-json\/wp\/v2\/product"}],"about":[{"href":"https:\/\/de-prime.com\/index.php\/wp-json\/wp\/v2\/types\/product"}],"replies":[{"embeddable":true,"href":"https:\/\/de-prime.com\/index.php\/wp-json\/wp\/v2\/comments?post=58723"}],"wp:featuredmedia":[{"embeddable":true,"href":"https:\/\/de-prime.com\/index.php\/wp-json\/"}],"wp:attachment":[{"href":"https:\/\/de-prime.com\/index.php\/wp-json\/wp\/v2\/media?parent=58723"}],"wp:term":[{"taxonomy":"product_brand","embeddable":true,"href":"https:\/\/de-prime.com\/index.php\/wp-json\/wp\/v2\/product_brand?post=58723"},{"taxonomy":"product_cat","embeddable":true,"href":"https:\/\/de-prime.com\/index.php\/wp-json\/wp\/v2\/product_cat?post=58723"},{"taxonomy":"product_tag","embeddable":true,"href":"https:\/\/de-prime.com\/index.php\/wp-json\/wp\/v2\/product_tag?post=58723"}],"curies":[{"name":"wp","href":"https:\/\/api.w.org\/{rel}","templated":true}]}}