{"id":58719,"date":"2024-10-03T21:13:28","date_gmt":"2024-10-03T19:13:28","guid":{"rendered":"https:\/\/de-prime.com\/?p=58719"},"modified":"2024-10-03T21:37:48","modified_gmt":"2024-10-03T19:37:48","slug":"stativlampe-schwarz-mango-massivholz-97-cm","status":"publish","type":"product","link":"https:\/\/de-prime.com\/index.php\/product\/stativlampe-schwarz-mango-massivholz-97-cm\/","title":{"rendered":"Stativlampe Schwarz Mango Massivholz 97 cm"},"content":{"rendered":"<p>Beleuchten Sie Ihren Wohnraum mit dieser Stativ-Stehlampe im Retro-Stil! Dieser Strahler im Vintage-Design ist ein trendiger Hingucker in jedem Interieur. Der kippbare, schwenkbare Stahl-Lampenschirm mit silberner Oberfl\u00e4che strahlt ein warmes und atmosph\u00e4risches Licht aus. Die robusten Beine bestehen aus massivem Mangoholz mit einem schwarzen Finish und gew\u00e4hrleisten einen sicheren Stand. Die Hollywood-Lampe ist einfach zu montieren. Die Standleuchte verf\u00fcgt \u00fcber eine E27 Fassung f\u00fcr eine Gl\u00fchlampe mit maximal 25 Watt. Sie k\u00f6nnen E27-Lampen mit verschiedenen Lichtfarben ausw\u00e4hlen und installieren. Hinweis: Die Gl\u00fchbirnen sind nicht im Lieferumfang enthalten.<\/p>\n<ul>\n<li>Farbe: Schwarz und Silbern<\/li>\n<li>Material: Massives Mangoholz, Stahl, Aluminium<\/li>\n<li>Gesamth\u00f6he: 97 cm<\/li>\n<li>Lampenschirmgr\u00f6\u00dfe: 15 x 24 cm (Durchmesser x Tiefe)<\/li>\n<li>Stromversorgung: 220-240 V~, 50\/60 Hz<\/li>\n<li>Max. Wattleistung der Leuchtmittel: 25 W (nicht enthalten)<\/li>\n<li>Lampenfassung: E27<\/li>\n<li>Schwenkbarer Lampenschirm<\/li>\n<li>Poliert, gestrichen und lackiert<\/li>\n<li>Zusammenbau erforderlich: Ja<\/li>\n<\/ul>\n","protected":false},"excerpt":{"rendered":"<ul>\n<li>Farbe: Schwarz und Silbern<\/li>\n<li>Material: Massives Mangoholz, Stahl, Aluminium<\/li>\n<li>Gesamth\u00f6he: 97 cm<\/li>\n<li>Lampenschirmgr\u00f6\u00dfe: 15 x 24 cm (Durchmesser x Tiefe)<\/li>\n<li>Stromversorgung: 220-240 V~, 50\/60 Hz<\/li>\n<li>Max. Wattleistung der Leuchtmittel: 25 W (nicht enthalten)<\/li>\n<li>Lampenfassung: E27<\/li>\n<li>Schwenkbarer Lampenschirm<\/li>\n<li>Poliert, gestrichen und lackiert<\/li>\n<li>Zusammenbau erforderlich: Ja<\/li>\n<\/ul>\n","protected":false},"featured_media":10000058719,"comment_status":"closed","ping_status":"closed","template":"","meta":[],"product_brand":[],"product_cat":[7054,7048,7101],"product_tag":[],"class_list":{"0":"post-58719","1":"product","2":"type-product","3":"status-publish","4":"has-post-thumbnail","6":"product_cat-beleuchtung","7":"product_cat-heim-garten","8":"product_cat-lampen","10":"first","11":"instock","12":"taxable","13":"shipping-taxable","14":"purchasable","15":"product-type-simple","16":"add-to-wishlist-after_add_to_cart"},"jetpack_sharing_enabled":true,"_links":{"self":[{"href":"https:\/\/de-prime.com\/index.php\/wp-json\/wp\/v2\/product\/58719","targetHints":{"allow":["GET"]}}],"collection":[{"href":"https:\/\/de-prime.com\/index.php\/wp-json\/wp\/v2\/product"}],"about":[{"href":"https:\/\/de-prime.com\/index.php\/wp-json\/wp\/v2\/types\/product"}],"replies":[{"embeddable":true,"href":"https:\/\/de-prime.com\/index.php\/wp-json\/wp\/v2\/comments?post=58719"}],"wp:featuredmedia":[{"embeddable":true,"href":"https:\/\/de-prime.com\/index.php\/wp-json\/"}],"wp:attachment":[{"href":"https:\/\/de-prime.com\/index.php\/wp-json\/wp\/v2\/media?parent=58719"}],"wp:term":[{"taxonomy":"product_brand","embeddable":true,"href":"https:\/\/de-prime.com\/index.php\/wp-json\/wp\/v2\/product_brand?post=58719"},{"taxonomy":"product_cat","embeddable":true,"href":"https:\/\/de-prime.com\/index.php\/wp-json\/wp\/v2\/product_cat?post=58719"},{"taxonomy":"product_tag","embeddable":true,"href":"https:\/\/de-prime.com\/index.php\/wp-json\/wp\/v2\/product_tag?post=58719"}],"curies":[{"name":"wp","href":"https:\/\/api.w.org\/{rel}","templated":true}]}}