{"id":58695,"date":"2024-10-03T21:13:48","date_gmt":"2024-10-03T19:13:48","guid":{"rendered":"https:\/\/de-prime.com\/?p=58695"},"modified":"2024-10-03T21:37:33","modified_gmt":"2024-10-03T19:37:33","slug":"deckenleuchte-mit-diamant-design-schwarz-3-x-e27-gluehbirnen","status":"publish","type":"product","link":"https:\/\/de-prime.com\/index.php\/product\/deckenleuchte-mit-diamant-design-schwarz-3-x-e27-gluehbirnen\/","title":{"rendered":"Deckenleuchte mit Diamant-Design Schwarz 3 x E27 Gl\u00fchbirnen"},"content":{"rendered":"<p>Diese wunderbare und moderne Deckenleuchte aus Metall, bestehend aus 3 diamantf\u00f6rmigen Lampenschirmen, wird sicherlich ein echter Blickfang in jedem Raum sein. Eine perfekte Erg\u00e4nzung zu Esszimmern, Bar, Foyers, Caf\u00e9s und Bars. Die Deckenleuchte besticht durch das einzigartige, h\u00f6henverstellbare Design. Und der Lampenschirm aus Metall sorgt f\u00fcr eine lange Lebensdauer. Sie k\u00f6nnen E27-Leuchtmittel in verschiedenen hellen Farben ausw\u00e4hlen und installieren, um eine Atmosph\u00e4re der Entspannung und Erholung zu schaffen. Bitte beachten Sie, dass Leuchtmittel nicht im Lieferumfang enthalten sind. Mit dem mitgelieferten Befestigungsmaterial k\u00f6nnen Sie die Strahler einfach und sicher anbringen und befestigen.<\/p>\n<ul>\n<li>Farbe: Schwarz <\/li>\n<li>Material: Metall<\/li>\n<li>Abmessungen: 60 x 100 cm (L x H)<\/li>\n<li>Lampenschirm-Durchmesser: 16 cm<\/li>\n<li>H\u00f6henverstellbar<\/li>\n<li>Lampenfassung: E27<\/li>\n<li>Mit 3 Lampensockeln<\/li>\n<li>Leuchtmittel nicht enthalten<\/li>\n<\/ul>\n","protected":false},"excerpt":{"rendered":"<ul>\n<li>Farbe: Schwarz <\/li>\n<li>Material: Metall<\/li>\n<li>Abmessungen: 60 x 100 cm (L x H)<\/li>\n<li>Lampenschirm-Durchmesser: 16 cm<\/li>\n<li>H\u00f6henverstellbar<\/li>\n<li>Lampenfassung: E27<\/li>\n<li>Mit 3 Lampensockeln<\/li>\n<li>Leuchtmittel nicht enthalten<\/li>\n<\/ul>\n","protected":false},"featured_media":10000058695,"comment_status":"closed","ping_status":"closed","template":"","meta":[],"product_brand":[],"product_cat":[7054,7048,7101],"product_tag":[],"class_list":{"0":"post-58695","1":"product","2":"type-product","3":"status-publish","4":"has-post-thumbnail","6":"product_cat-beleuchtung","7":"product_cat-heim-garten","8":"product_cat-lampen","10":"first","11":"instock","12":"taxable","13":"shipping-taxable","14":"purchasable","15":"product-type-simple","16":"add-to-wishlist-after_add_to_cart"},"jetpack_sharing_enabled":true,"_links":{"self":[{"href":"https:\/\/de-prime.com\/index.php\/wp-json\/wp\/v2\/product\/58695","targetHints":{"allow":["GET"]}}],"collection":[{"href":"https:\/\/de-prime.com\/index.php\/wp-json\/wp\/v2\/product"}],"about":[{"href":"https:\/\/de-prime.com\/index.php\/wp-json\/wp\/v2\/types\/product"}],"replies":[{"embeddable":true,"href":"https:\/\/de-prime.com\/index.php\/wp-json\/wp\/v2\/comments?post=58695"}],"wp:featuredmedia":[{"embeddable":true,"href":"https:\/\/de-prime.com\/index.php\/wp-json\/"}],"wp:attachment":[{"href":"https:\/\/de-prime.com\/index.php\/wp-json\/wp\/v2\/media?parent=58695"}],"wp:term":[{"taxonomy":"product_brand","embeddable":true,"href":"https:\/\/de-prime.com\/index.php\/wp-json\/wp\/v2\/product_brand?post=58695"},{"taxonomy":"product_cat","embeddable":true,"href":"https:\/\/de-prime.com\/index.php\/wp-json\/wp\/v2\/product_cat?post=58695"},{"taxonomy":"product_tag","embeddable":true,"href":"https:\/\/de-prime.com\/index.php\/wp-json\/wp\/v2\/product_tag?post=58695"}],"curies":[{"name":"wp","href":"https:\/\/api.w.org\/{rel}","templated":true}]}}