{"id":58691,"date":"2024-10-03T21:13:51","date_gmt":"2024-10-03T19:13:51","guid":{"rendered":"https:\/\/de-prime.com\/?p=58691"},"modified":"2024-10-03T21:37:30","modified_gmt":"2024-10-03T19:37:30","slug":"deckenleuchte-schwarz-3-x-e27-fassungen","status":"publish","type":"product","link":"https:\/\/de-prime.com\/index.php\/product\/deckenleuchte-schwarz-3-x-e27-fassungen\/","title":{"rendered":"Deckenleuchte Schwarz 3 x E27-Fassungen"},"content":{"rendered":"<p>Diese schlanke Deckenleuchte zeichnet sich durch ein modernes Design aus, das eine attraktive Erg\u00e4nzung zu jeder Inneneinrichtung darstellt. Das einzigartige Steampunk-Design wird sicherlich ein mutiges visuelles Statement setzen und ein Blickfang in Ihrer Wohnungseinrichtung sein. Es ist vielseitig einsetzbar in Wohn- und Gewerbeimmobilien. Sie k\u00f6nnen E27-Gl\u00fchlampen mit verschiedenen Lichtfarben ausw\u00e4hlen und installieren, um eine Atmosph\u00e4re der Entspannung und Erholung zu schaffen. Bitte beachten Sie, dass Leuchtmittel nicht im Lieferumfang enthalten sind. Mit dem mitgelieferten Befestigungsmaterial k\u00f6nnen Sie die Strahler einfach und sicher anbringen und befestigen.<\/p>\n<ul>\n<li>Farbe: Schwarz <\/li>\n<li>Material: Metall<\/li>\n<li>Gr\u00f6\u00dfe: 60 x 23 cm (B x H)<\/li>\n<li>Lampenfassung: E27<\/li>\n<li>Mit 3 Lampensockeln<\/li>\n<li>Leuchtmittel nicht enthalten<\/li>\n<\/ul>\n","protected":false},"excerpt":{"rendered":"<ul>\n<li>Farbe: Schwarz <\/li>\n<li>Material: Metall<\/li>\n<li>Gr\u00f6\u00dfe: 60 x 23 cm (B x H)<\/li>\n<li>Lampenfassung: E27<\/li>\n<li>Mit 3 Lampensockeln<\/li>\n<li>Leuchtmittel nicht enthalten<\/li>\n<\/ul>\n","protected":false},"featured_media":10000058691,"comment_status":"closed","ping_status":"closed","template":"","meta":[],"product_brand":[],"product_cat":[7054,7048,7101],"product_tag":[],"class_list":{"0":"post-58691","1":"product","2":"type-product","3":"status-publish","4":"has-post-thumbnail","6":"product_cat-beleuchtung","7":"product_cat-heim-garten","8":"product_cat-lampen","10":"first","11":"instock","12":"taxable","13":"shipping-taxable","14":"purchasable","15":"product-type-simple","16":"add-to-wishlist-after_add_to_cart"},"jetpack_sharing_enabled":true,"_links":{"self":[{"href":"https:\/\/de-prime.com\/index.php\/wp-json\/wp\/v2\/product\/58691","targetHints":{"allow":["GET"]}}],"collection":[{"href":"https:\/\/de-prime.com\/index.php\/wp-json\/wp\/v2\/product"}],"about":[{"href":"https:\/\/de-prime.com\/index.php\/wp-json\/wp\/v2\/types\/product"}],"replies":[{"embeddable":true,"href":"https:\/\/de-prime.com\/index.php\/wp-json\/wp\/v2\/comments?post=58691"}],"wp:featuredmedia":[{"embeddable":true,"href":"https:\/\/de-prime.com\/index.php\/wp-json\/"}],"wp:attachment":[{"href":"https:\/\/de-prime.com\/index.php\/wp-json\/wp\/v2\/media?parent=58691"}],"wp:term":[{"taxonomy":"product_brand","embeddable":true,"href":"https:\/\/de-prime.com\/index.php\/wp-json\/wp\/v2\/product_brand?post=58691"},{"taxonomy":"product_cat","embeddable":true,"href":"https:\/\/de-prime.com\/index.php\/wp-json\/wp\/v2\/product_cat?post=58691"},{"taxonomy":"product_tag","embeddable":true,"href":"https:\/\/de-prime.com\/index.php\/wp-json\/wp\/v2\/product_tag?post=58691"}],"curies":[{"name":"wp","href":"https:\/\/api.w.org\/{rel}","templated":true}]}}