{"id":58674,"date":"2024-10-03T21:14:04","date_gmt":"2024-10-03T19:14:04","guid":{"rendered":"https:\/\/de-prime.com\/?p=58674"},"modified":"2024-10-03T21:37:19","modified_gmt":"2024-10-03T19:37:19","slug":"kronleuchter-mit-perlen-rosa-rund-3xe14","status":"publish","type":"product","link":"https:\/\/de-prime.com\/index.php\/product\/kronleuchter-mit-perlen-rosa-rund-3xe14\/","title":{"rendered":"Kronleuchter mit Perlen Rosa Rund 3\u00d7E14"},"content":{"rendered":"<p>Mit seinem extravaganten und ausgefallenen Design wird dieser Kronleuchter mit glitzernden Perlen mit Sicherheit ein mutiges visuelles Statement setzen und ein Hingucker in Ihrem Zuhause sein! Die Tropfen und der 3-armige Rahmen sorgen f\u00fcr einen eleganten Charme und eine optimale Ausleuchtung. Sie k\u00f6nnen E14-Gl\u00fchbirnen mit verschiedenen Lichtfarben ausw\u00e4hlen und anbringen, um eine Atmosph\u00e4re der Entspannung und Ruhe zu schaffen. Bitte beachten Sie, dass die Leuchtmittel nicht im Lieferumfang enthalten sind. Mit den inbegriffenen Montagematerialien k\u00f6nnen Sie die H\u00e4ngelampe einfach und sicher montieren und sichern.<\/p>\n<ul>\n<li>Farbe: Rosa<\/li>\n<li>Material: Metall (Lampensockel) + Acryl (Perlen)<\/li>\n<li>Ma\u00dfe: 36 x 42 cm (Durchmesser x H)<\/li>\n<li>Stromversorgung: 220 V<\/li>\n<li>Lampenfassung: E14<\/li>\n<li>Mit 3 Lampensockeln<\/li>\n<li>Leuchtmittel nicht enthalten<\/li>\n<\/ul>\n","protected":false},"excerpt":{"rendered":"<ul>\n<li>Farbe: Rosa<\/li>\n<li>Material: Metall (Lampensockel) + Acryl (Perlen)<\/li>\n<li>Ma\u00dfe: 36 x 42 cm (Durchmesser x H)<\/li>\n<li>Stromversorgung: 220 V<\/li>\n<li>Lampenfassung: E14<\/li>\n<li>Mit 3 Lampensockeln<\/li>\n<li>Leuchtmittel nicht enthalten<\/li>\n<\/ul>\n","protected":false},"featured_media":10000058674,"comment_status":"closed","ping_status":"closed","template":"","meta":[],"product_brand":[],"product_cat":[7054,7048,7101],"product_tag":[],"class_list":{"0":"post-58674","1":"product","2":"type-product","3":"status-publish","4":"has-post-thumbnail","6":"product_cat-beleuchtung","7":"product_cat-heim-garten","8":"product_cat-lampen","10":"first","11":"instock","12":"taxable","13":"shipping-taxable","14":"purchasable","15":"product-type-simple","16":"add-to-wishlist-after_add_to_cart"},"jetpack_sharing_enabled":true,"_links":{"self":[{"href":"https:\/\/de-prime.com\/index.php\/wp-json\/wp\/v2\/product\/58674","targetHints":{"allow":["GET"]}}],"collection":[{"href":"https:\/\/de-prime.com\/index.php\/wp-json\/wp\/v2\/product"}],"about":[{"href":"https:\/\/de-prime.com\/index.php\/wp-json\/wp\/v2\/types\/product"}],"replies":[{"embeddable":true,"href":"https:\/\/de-prime.com\/index.php\/wp-json\/wp\/v2\/comments?post=58674"}],"wp:featuredmedia":[{"embeddable":true,"href":"https:\/\/de-prime.com\/index.php\/wp-json\/"}],"wp:attachment":[{"href":"https:\/\/de-prime.com\/index.php\/wp-json\/wp\/v2\/media?parent=58674"}],"wp:term":[{"taxonomy":"product_brand","embeddable":true,"href":"https:\/\/de-prime.com\/index.php\/wp-json\/wp\/v2\/product_brand?post=58674"},{"taxonomy":"product_cat","embeddable":true,"href":"https:\/\/de-prime.com\/index.php\/wp-json\/wp\/v2\/product_cat?post=58674"},{"taxonomy":"product_tag","embeddable":true,"href":"https:\/\/de-prime.com\/index.php\/wp-json\/wp\/v2\/product_tag?post=58674"}],"curies":[{"name":"wp","href":"https:\/\/api.w.org\/{rel}","templated":true}]}}