{"id":58663,"date":"2024-10-03T21:14:03","date_gmt":"2024-10-03T19:14:03","guid":{"rendered":"https:\/\/de-prime.com\/?p=58663"},"modified":"2024-10-03T21:37:20","modified_gmt":"2024-10-03T19:37:20","slug":"deckenleuchte-25-w-blau-29x18x85-cm-e27","status":"publish","type":"product","link":"https:\/\/de-prime.com\/index.php\/product\/deckenleuchte-25-w-blau-29x18x85-cm-e27\/","title":{"rendered":"Deckenleuchte 25 W Blau 29x18x85 cm E27"},"content":{"rendered":"<p>Diese Deckenleuchte wird definitiv ein Hingucker im Wohnzimmer, Esszimmer, B\u00fcro und mehr. Robust und stabil: Massives Mangoholz ist ein starkes, tropisches Hartholz, aus dem robuste M\u00f6belst\u00fccke hergestellt werden. Die optisch ansprechende Holzmaserung macht jedes St\u00fcck zu einem Unikat. Handbemalt: Da jedes St\u00fcck handgefertigt und einzigartig ist, k\u00f6nnen die Farben von Produkt zu Produkt variieren. 2-flammig: Die 2-flammige Deckenlampe verf\u00fcgt \u00fcber zwei E27-Fassungen f\u00fcr Gl\u00fchbirnen von maximal 25 Watt. Du kannst dabei E27-Gl\u00fchbirnen mit unterschiedlichen Lichtfarben ausw\u00e4hlen, um eine Atmosph\u00e4re der Entspannung und Ruhe schaffen. Industrial Style: Dank des Lampenschirms aus Eisen und des Finish in Blau passt die Lampe perfekt in ein Interieur im Landhaus- oder Industrie-Stil. Gut zu wissen:Diese Lampe im Industrie-Stil weist verschiedene Unvollkommenheiten und eine raue Optik auf, die ihr einen eigenen Charakter verleihen und sie zum Unikat machen. Leuchtmittel sind nicht im Lieferumfang enthalten.<\/p>\n<ul>\n<li>Farbe: Blau<\/li>\n<li>Material: Eisen und Mango-Massivholz<\/li>\n<li>Gesamtabmessungen: 29 x 18 x 85 cm (L x B x H)<\/li>\n<li>Lampenschirm-Durchmesser: 30 cm<\/li>\n<li>Lampenfassung: E27<\/li>\n<li>Maximale Leistung: 25 W<\/li>\n<li>Mit 2 Flammen<\/li>\n<li>Niederspannungsrichtlinie<\/li>\n<\/ul>\n","protected":false},"excerpt":{"rendered":"<ul>\n<li>Farbe: Blau<\/li>\n<li>Material: Eisen und Mango-Massivholz<\/li>\n<li>Gesamtabmessungen: 29 x 18 x 85 cm (L x B x H)<\/li>\n<li>Lampenschirm-Durchmesser: 30 cm<\/li>\n<li>Lampenfassung: E27<\/li>\n<li>Maximale Leistung: 25 W<\/li>\n<li>Mit 2 Flammen<\/li>\n<li>Niederspannungsrichtlinie<\/li>\n<\/ul>\n","protected":false},"featured_media":10000058663,"comment_status":"closed","ping_status":"closed","template":"","meta":[],"product_brand":[],"product_cat":[7054,7048,7101],"product_tag":[],"class_list":{"0":"post-58663","1":"product","2":"type-product","3":"status-publish","4":"has-post-thumbnail","6":"product_cat-beleuchtung","7":"product_cat-heim-garten","8":"product_cat-lampen","10":"first","11":"instock","12":"taxable","13":"shipping-taxable","14":"purchasable","15":"product-type-simple","16":"add-to-wishlist-after_add_to_cart"},"jetpack_sharing_enabled":true,"_links":{"self":[{"href":"https:\/\/de-prime.com\/index.php\/wp-json\/wp\/v2\/product\/58663","targetHints":{"allow":["GET"]}}],"collection":[{"href":"https:\/\/de-prime.com\/index.php\/wp-json\/wp\/v2\/product"}],"about":[{"href":"https:\/\/de-prime.com\/index.php\/wp-json\/wp\/v2\/types\/product"}],"replies":[{"embeddable":true,"href":"https:\/\/de-prime.com\/index.php\/wp-json\/wp\/v2\/comments?post=58663"}],"wp:featuredmedia":[{"embeddable":true,"href":"https:\/\/de-prime.com\/index.php\/wp-json\/"}],"wp:attachment":[{"href":"https:\/\/de-prime.com\/index.php\/wp-json\/wp\/v2\/media?parent=58663"}],"wp:term":[{"taxonomy":"product_brand","embeddable":true,"href":"https:\/\/de-prime.com\/index.php\/wp-json\/wp\/v2\/product_brand?post=58663"},{"taxonomy":"product_cat","embeddable":true,"href":"https:\/\/de-prime.com\/index.php\/wp-json\/wp\/v2\/product_cat?post=58663"},{"taxonomy":"product_tag","embeddable":true,"href":"https:\/\/de-prime.com\/index.php\/wp-json\/wp\/v2\/product_tag?post=58663"}],"curies":[{"name":"wp","href":"https:\/\/api.w.org\/{rel}","templated":true}]}}