{"id":58658,"date":"2024-10-03T21:14:19","date_gmt":"2024-10-03T19:14:19","guid":{"rendered":"https:\/\/de-prime.com\/?p=58658"},"modified":"2024-10-03T21:37:07","modified_gmt":"2024-10-03T19:37:07","slug":"deckenleuchte-mit-kristallperlen-silbern-rund-4x-g9-gluehbirnen","status":"publish","type":"product","link":"https:\/\/de-prime.com\/index.php\/product\/deckenleuchte-mit-kristallperlen-silbern-rund-4x-g9-gluehbirnen\/","title":{"rendered":"Deckenleuchte mit Kristallperlen Silbern Rund 4x G9 Gl\u00fchbirnen"},"content":{"rendered":"<p>Mit ihrem extravaganten und ausgefallenen Design wird diese Deckenleuchte mit Kristall- und glitzernden Perlen mit Sicherheit ein mutiges visuelles Statement setzen und ein Hingucker in Ihrem Zuhause sein! Die klaren Tr\u00f6pfchen und die spiegel\u00e4hnliche Chromoberfl\u00e4che sorgen f\u00fcr ein sch\u00f6nes Lichtbild und eine optimale Ausleuchtung. Sie k\u00f6nnen G9-Leuchtmitteln mit verschiedenen hellen Farben ausw\u00e4hlen und montieren, um eine Atmosph\u00e4re der Entspannung und Erholung zu schaffen. Bitte beachten Sie, dass die Leuchtmittel nicht im Lieferumfang enthalten sind. Mit den inbegriffenen Montagematerialien k\u00f6nnen Sie die Deckenleuchte einfach und sicher montieren und sichern.<\/p>\n<ul>\n<li>Farbe: Silbern (Lampensockel) + Transparent (Perlen)<\/li>\n<li>Material: Metall (Lampensockel) + Acryl (Perlen)<\/li>\n<li>Abmessungen: 45 x 22 cm (Durchmesser x H)<\/li>\n<li>Stromversorgung: 230 V<\/li>\n<li>Fassung: G9<\/li>\n<li>Mit 4 Lampensockeln<\/li>\n<li>Leuchtmittel nicht enthalten<\/li>\n<\/ul>\n","protected":false},"excerpt":{"rendered":"<ul>\n<li>Farbe: Silbern (Lampensockel) + Transparent (Perlen)<\/li>\n<li>Material: Metall (Lampensockel) + Acryl (Perlen)<\/li>\n<li>Abmessungen: 45 x 22 cm (Durchmesser x H)<\/li>\n<li>Stromversorgung: 230 V<\/li>\n<li>Fassung: G9<\/li>\n<li>Mit 4 Lampensockeln<\/li>\n<li>Leuchtmittel nicht enthalten<\/li>\n<\/ul>\n","protected":false},"featured_media":10000058658,"comment_status":"closed","ping_status":"closed","template":"","meta":[],"product_brand":[],"product_cat":[7054,7048,7101],"product_tag":[],"class_list":{"0":"post-58658","1":"product","2":"type-product","3":"status-publish","4":"has-post-thumbnail","6":"product_cat-beleuchtung","7":"product_cat-heim-garten","8":"product_cat-lampen","10":"first","11":"instock","12":"taxable","13":"shipping-taxable","14":"purchasable","15":"product-type-simple","16":"add-to-wishlist-after_add_to_cart"},"jetpack_sharing_enabled":true,"_links":{"self":[{"href":"https:\/\/de-prime.com\/index.php\/wp-json\/wp\/v2\/product\/58658","targetHints":{"allow":["GET"]}}],"collection":[{"href":"https:\/\/de-prime.com\/index.php\/wp-json\/wp\/v2\/product"}],"about":[{"href":"https:\/\/de-prime.com\/index.php\/wp-json\/wp\/v2\/types\/product"}],"replies":[{"embeddable":true,"href":"https:\/\/de-prime.com\/index.php\/wp-json\/wp\/v2\/comments?post=58658"}],"wp:featuredmedia":[{"embeddable":true,"href":"https:\/\/de-prime.com\/index.php\/wp-json\/"}],"wp:attachment":[{"href":"https:\/\/de-prime.com\/index.php\/wp-json\/wp\/v2\/media?parent=58658"}],"wp:term":[{"taxonomy":"product_brand","embeddable":true,"href":"https:\/\/de-prime.com\/index.php\/wp-json\/wp\/v2\/product_brand?post=58658"},{"taxonomy":"product_cat","embeddable":true,"href":"https:\/\/de-prime.com\/index.php\/wp-json\/wp\/v2\/product_cat?post=58658"},{"taxonomy":"product_tag","embeddable":true,"href":"https:\/\/de-prime.com\/index.php\/wp-json\/wp\/v2\/product_tag?post=58658"}],"curies":[{"name":"wp","href":"https:\/\/api.w.org\/{rel}","templated":true}]}}