{"id":58644,"date":"2024-10-03T21:14:34","date_gmt":"2024-10-03T19:14:34","guid":{"rendered":"https:\/\/de-prime.com\/?p=58644"},"modified":"2024-10-03T21:36:55","modified_gmt":"2024-10-03T19:36:55","slug":"stehlampe-grau","status":"publish","type":"product","link":"https:\/\/de-prime.com\/index.php\/product\/stehlampe-grau\/","title":{"rendered":"Stehlampe Grau"},"content":{"rendered":"<p>Diese Stehleuchte zeichnet sich durch ein stilvolles und modernes Design aus und stellt eine einfache, elegante Art dar, einen Raum zu beleuchten und hervorzuheben. Diese Stehleuchte mit doppeltem EIN\/AUS-Schalter ist sehr bequem zu bedienen und eignet sich hervorragend f\u00fcr jeden Raum, der eine Beleuchtungsl\u00f6sung ben\u00f6tigt. Diese Stehleuchte besteht aus einer Stehleuchte und einer Leselampe und erf\u00fcllt zwei Beleuchtungsfunktionen gleichzeitig. Diese Stehlampe ist aus hochwertigem Material gefertigt und daher sehr langlebig.<\/p>\n<ul>\n<li>Material: Stahl mit grauer Lackierung<\/li>\n<li>Abmessungen: 180 x 22,5 cm (H x Durchmesser)<\/li>\n<li>Kabell\u00e4nge: 2,8 m<\/li>\n<li>Spannung: 220-240 V, AC<\/li>\n<li>Lichtquelle: 1 x 25 W E14, 1 x 60 W E27<\/li>\n<li>Mit doppelten EIN \/ AUS-Schaltern<\/li>\n<li>Leuchtmittel nicht enthalten<\/li>\n<\/ul>\n","protected":false},"excerpt":{"rendered":"<ul>\n<li>Material: Stahl mit grauer Lackierung<\/li>\n<li>Abmessungen: 180 x 22,5 cm (H x Durchmesser)<\/li>\n<li>Kabell\u00e4nge: 2,8 m<\/li>\n<li>Spannung: 220-240 V, AC<\/li>\n<li>Lichtquelle: 1 x 25 W E14, 1 x 60 W E27<\/li>\n<li>Mit doppelten EIN \/ AUS-Schaltern<\/li>\n<li>Leuchtmittel nicht enthalten<\/li>\n<\/ul>\n","protected":false},"featured_media":10000058644,"comment_status":"closed","ping_status":"closed","template":"","meta":[],"product_brand":[],"product_cat":[7054,7048,7101],"product_tag":[],"class_list":{"0":"post-58644","1":"product","2":"type-product","3":"status-publish","4":"has-post-thumbnail","6":"product_cat-beleuchtung","7":"product_cat-heim-garten","8":"product_cat-lampen","10":"first","11":"instock","12":"taxable","13":"shipping-taxable","14":"purchasable","15":"product-type-simple","16":"add-to-wishlist-after_add_to_cart"},"jetpack_sharing_enabled":true,"_links":{"self":[{"href":"https:\/\/de-prime.com\/index.php\/wp-json\/wp\/v2\/product\/58644","targetHints":{"allow":["GET"]}}],"collection":[{"href":"https:\/\/de-prime.com\/index.php\/wp-json\/wp\/v2\/product"}],"about":[{"href":"https:\/\/de-prime.com\/index.php\/wp-json\/wp\/v2\/types\/product"}],"replies":[{"embeddable":true,"href":"https:\/\/de-prime.com\/index.php\/wp-json\/wp\/v2\/comments?post=58644"}],"wp:featuredmedia":[{"embeddable":true,"href":"https:\/\/de-prime.com\/index.php\/wp-json\/"}],"wp:attachment":[{"href":"https:\/\/de-prime.com\/index.php\/wp-json\/wp\/v2\/media?parent=58644"}],"wp:term":[{"taxonomy":"product_brand","embeddable":true,"href":"https:\/\/de-prime.com\/index.php\/wp-json\/wp\/v2\/product_brand?post=58644"},{"taxonomy":"product_cat","embeddable":true,"href":"https:\/\/de-prime.com\/index.php\/wp-json\/wp\/v2\/product_cat?post=58644"},{"taxonomy":"product_tag","embeddable":true,"href":"https:\/\/de-prime.com\/index.php\/wp-json\/wp\/v2\/product_tag?post=58644"}],"curies":[{"name":"wp","href":"https:\/\/api.w.org\/{rel}","templated":true}]}}