{"id":58640,"date":"2024-10-03T21:14:37","date_gmt":"2024-10-03T19:14:37","guid":{"rendered":"https:\/\/de-prime.com\/?p=58640"},"modified":"2024-10-03T21:36:52","modified_gmt":"2024-10-03T19:36:52","slug":"stehleuchte-dimmbar-led-23-w","status":"publish","type":"product","link":"https:\/\/de-prime.com\/index.php\/product\/stehleuchte-dimmbar-led-23-w\/","title":{"rendered":"Stehleuchte Dimmbar LED 23 W"},"content":{"rendered":"<p>Diese Stehlampe zeichnet sich durch ein stilvolles und modernes Design aus und ist eine einfache und elegante Art, einen Raum zu beleuchten und in Szene zu setzen. Diese LED-Lampe mit Doppel-Dimmer ist sehr benutzerfreundlich und eignet sich f\u00fcr jeden Raum, der eine Beleuchtungsl\u00f6sung ben\u00f6tigt. Diese Stehlampe ist zugleich ein Deckenfluter und eine Leselampe und erf\u00fcllt somit zwei unterschiedliche Funktionen auf einmal. Dank ihres geringen Stromverbrauchs hilft diese LED-Stehlampe dir, deine Stromrechnung zu senken. Das warmwei\u00dfe Licht schafft eine entspannende und angenehme Atmosph\u00e4re. Diese LED-Stehleuchte ist aus hochwertigem Material gefertigt und daher sehr langlebig.<\/p>\n<ul>\n<li>Material: Stahl mit satiniertem Nickel-Finish <\/li>\n<li>Abmessungen: 180 x 25 cm (H x Durchmesser)<\/li>\n<li>Kabell\u00e4nge: 1,8 m<\/li>\n<li>Spannung: 220-240 V, AC<\/li>\n<li>Leuchtmittel: 1 x 18W LED, 1 x 5W LED<\/li>\n<li>Lichtfarbe: Warmwei\u00df<\/li>\n<li>Farbtemperatur: 3000 K<\/li>\n<li>Lichtstrom (Deckenfluter ): 1620 Lumen<\/li>\n<li>Lichtstrom (Leselampe): 450 Lumen<\/li>\n<li>Mit Doppeldimmer<\/li>\n<\/ul>\n","protected":false},"excerpt":{"rendered":"<ul>\n<li>Material: Stahl mit satiniertem Nickel-Finish <\/li>\n<li>Abmessungen: 180 x 25 cm (H x Durchmesser)<\/li>\n<li>Kabell\u00e4nge: 1,8 m<\/li>\n<li>Spannung: 220-240 V, AC<\/li>\n<li>Leuchtmittel: 1 x 18W LED, 1 x 5W LED<\/li>\n<li>Lichtfarbe: Warmwei\u00df<\/li>\n<li>Farbtemperatur: 3000 K<\/li>\n<li>Lichtstrom (Deckenfluter ): 1620 Lumen<\/li>\n<li>Lichtstrom (Leselampe): 450 Lumen<\/li>\n<li>Mit Doppeldimmer<\/li>\n<\/ul>\n","protected":false},"featured_media":10000058640,"comment_status":"closed","ping_status":"closed","template":"","meta":[],"product_brand":[],"product_cat":[7054,7048,7101],"product_tag":[],"class_list":{"0":"post-58640","1":"product","2":"type-product","3":"status-publish","4":"has-post-thumbnail","6":"product_cat-beleuchtung","7":"product_cat-heim-garten","8":"product_cat-lampen","10":"first","11":"instock","12":"taxable","13":"shipping-taxable","14":"purchasable","15":"product-type-simple","16":"add-to-wishlist-after_add_to_cart"},"jetpack_sharing_enabled":true,"_links":{"self":[{"href":"https:\/\/de-prime.com\/index.php\/wp-json\/wp\/v2\/product\/58640","targetHints":{"allow":["GET"]}}],"collection":[{"href":"https:\/\/de-prime.com\/index.php\/wp-json\/wp\/v2\/product"}],"about":[{"href":"https:\/\/de-prime.com\/index.php\/wp-json\/wp\/v2\/types\/product"}],"replies":[{"embeddable":true,"href":"https:\/\/de-prime.com\/index.php\/wp-json\/wp\/v2\/comments?post=58640"}],"wp:featuredmedia":[{"embeddable":true,"href":"https:\/\/de-prime.com\/index.php\/wp-json\/"}],"wp:attachment":[{"href":"https:\/\/de-prime.com\/index.php\/wp-json\/wp\/v2\/media?parent=58640"}],"wp:term":[{"taxonomy":"product_brand","embeddable":true,"href":"https:\/\/de-prime.com\/index.php\/wp-json\/wp\/v2\/product_brand?post=58640"},{"taxonomy":"product_cat","embeddable":true,"href":"https:\/\/de-prime.com\/index.php\/wp-json\/wp\/v2\/product_cat?post=58640"},{"taxonomy":"product_tag","embeddable":true,"href":"https:\/\/de-prime.com\/index.php\/wp-json\/wp\/v2\/product_tag?post=58640"}],"curies":[{"name":"wp","href":"https:\/\/api.w.org\/{rel}","templated":true}]}}