{"id":58639,"date":"2024-10-03T21:14:21","date_gmt":"2024-10-03T19:14:21","guid":{"rendered":"https:\/\/de-prime.com\/?p=58639"},"modified":"2024-10-03T21:37:06","modified_gmt":"2024-10-03T19:37:06","slug":"deckenleuchte-25-w-vintage-silbern-105x30x65-108-cm-e27","status":"publish","type":"product","link":"https:\/\/de-prime.com\/index.php\/product\/deckenleuchte-25-w-vintage-silbern-105x30x65-108-cm-e27\/","title":{"rendered":"Deckenleuchte 25 W Vintage Silbern 105x30x65-108 cm E27"},"content":{"rendered":"<p>Diese Deckenleuchte wird definitiv ein Hingucker im Wohnzimmer, Esszimmer, B\u00fcro und mehr. Robust und stabil: Massives Mangoholz ist ein starkes, tropisches Hartholz, aus dem robuste M\u00f6belst\u00fccke hergestellt werden. Die optisch ansprechende Holzmaserung macht jedes St\u00fcck zu einem Unikat. Handbemalt: Da jedes St\u00fcck handgefertigt und einzigartig ist, k\u00f6nnen die Farben von Produkt zu Produkt variieren. E27-Fassung: Die Deckenlampe verf\u00fcgt \u00fcber eine E27-Fassung f\u00fcr eine Gl\u00fchbirne von maximal 25 Watt. Du kannst E27-Gl\u00fchbirnen mit unterschiedlichen Lichtfarben ausw\u00e4hlen und anbringen, um eine Atmosph\u00e4re der Entspannung und Ruhe zu schaffen. Industrial Style: Dank des Lampenschirms aus Eisen und des Vintage-Finish passt die Lampe perfekt in ein Interieur im Landhaus- oder Industrie-Stil. Gut zu wissen:Diese Lampe im Industrie-Stil weist verschiedene Unvollkommenheiten und eine raue Optik auf, die ihr einen eigenen Charakter verleihen und sie zum Unikat machen. Leuchtmittel sind nicht im Lieferumfang enthalten.<\/p>\n<ul>\n<li>Farbe: Vintage-Silbern<\/li>\n<li>Material: Eisen und Mango-Massivholz<\/li>\n<li>Gesamtabmessungen: 105 x 30 x 65-108 cm (L x B x H)<\/li>\n<li>Lampenschirm-Durchmesser: 30 cm<\/li>\n<li>Lampenfassung: E27<\/li>\n<li>Maximale Leistung: 25 W<\/li>\n<li>Niederspannungsrichtlinie<\/li>\n<\/ul>\n","protected":false},"excerpt":{"rendered":"<ul>\n<li>Farbe: Vintage-Silbern<\/li>\n<li>Material: Eisen und Mango-Massivholz<\/li>\n<li>Gesamtabmessungen: 105 x 30 x 65-108 cm (L x B x H)<\/li>\n<li>Lampenschirm-Durchmesser: 30 cm<\/li>\n<li>Lampenfassung: E27<\/li>\n<li>Maximale Leistung: 25 W<\/li>\n<li>Niederspannungsrichtlinie<\/li>\n<\/ul>\n","protected":false},"featured_media":10000058639,"comment_status":"closed","ping_status":"closed","template":"","meta":[],"product_brand":[],"product_cat":[7054,7048,7101],"product_tag":[],"class_list":{"0":"post-58639","1":"product","2":"type-product","3":"status-publish","4":"has-post-thumbnail","6":"product_cat-beleuchtung","7":"product_cat-heim-garten","8":"product_cat-lampen","10":"first","11":"instock","12":"taxable","13":"shipping-taxable","14":"purchasable","15":"product-type-simple","16":"add-to-wishlist-after_add_to_cart"},"jetpack_sharing_enabled":true,"_links":{"self":[{"href":"https:\/\/de-prime.com\/index.php\/wp-json\/wp\/v2\/product\/58639","targetHints":{"allow":["GET"]}}],"collection":[{"href":"https:\/\/de-prime.com\/index.php\/wp-json\/wp\/v2\/product"}],"about":[{"href":"https:\/\/de-prime.com\/index.php\/wp-json\/wp\/v2\/types\/product"}],"replies":[{"embeddable":true,"href":"https:\/\/de-prime.com\/index.php\/wp-json\/wp\/v2\/comments?post=58639"}],"wp:featuredmedia":[{"embeddable":true,"href":"https:\/\/de-prime.com\/index.php\/wp-json\/"}],"wp:attachment":[{"href":"https:\/\/de-prime.com\/index.php\/wp-json\/wp\/v2\/media?parent=58639"}],"wp:term":[{"taxonomy":"product_brand","embeddable":true,"href":"https:\/\/de-prime.com\/index.php\/wp-json\/wp\/v2\/product_brand?post=58639"},{"taxonomy":"product_cat","embeddable":true,"href":"https:\/\/de-prime.com\/index.php\/wp-json\/wp\/v2\/product_cat?post=58639"},{"taxonomy":"product_tag","embeddable":true,"href":"https:\/\/de-prime.com\/index.php\/wp-json\/wp\/v2\/product_tag?post=58639"}],"curies":[{"name":"wp","href":"https:\/\/api.w.org\/{rel}","templated":true}]}}