{"id":58581,"date":"2024-10-03T21:16:05","date_gmt":"2024-10-03T19:16:05","guid":{"rendered":"https:\/\/de-prime.com\/?p=58581"},"modified":"2024-10-03T21:35:50","modified_gmt":"2024-10-03T19:35:50","slug":"stehleuchte-25-w-weiss-35x35x65-95-cm-e27","status":"publish","type":"product","link":"https:\/\/de-prime.com\/index.php\/product\/stehleuchte-25-w-weiss-35x35x65-95-cm-e27\/","title":{"rendered":"Stehleuchte 25 W Wei\u00df 35x35x65\/95 cm E27"},"content":{"rendered":"<p>Diese Stehleuchte wird definitiv ein Hingucker im Wohnzimmer, Esszimmer, B\u00fcro und mehr. Robustes Material: Eisen ist ein starkes und festes Material. Es ist ein fester Favorit im Industrie- und M\u00f6belbau. Handbemalt: Da jedes St\u00fcck handgefertigt und einzigartig ist, k\u00f6nnen die Farben von Produkt zu Produkt variieren. E27-Fassung: Die Stehleuchte verf\u00fcgt \u00fcber eine E27-Fassung f\u00fcr eine Gl\u00fchbirne von maximal 25 Watt. Du kannst E27-Gl\u00fchbirnen mit unterschiedlichen Lichtfarben ausw\u00e4hlen und anbringen, um eine Atmosph\u00e4re der Entspannung und Ruhe zu schaffen. Verstellbares Design: Die H\u00f6he und der Lampenschirm dieser Leuchte sind vollst\u00e4ndig verstellbar, um die perfekte Beleuchtung f\u00fcr eine Ecke oder den Schreibtisch zu bieten. Industrial Style: Dank des Lampenschirms aus Eisen und des wei\u00dfen Finish passt die Lampe perfekt in ein Interieur im Landhaus- oder Industrie-Stil. Gut zu wissen: Diese Lampe im Industrie-Stil weist verschiedene Unvollkommenheiten und eine raue Optik auf, die ihr einen eigenen Charakter verleihen und sie zum Unikat machen. Leuchtmittel sind nicht im Lieferumfang enthalten.<\/p>\n<ul>\n<li>Farbe: Wei\u00df und Schwarz<\/li>\n<li>Material: Eisen<\/li>\n<li>Gesamtabmessungen: 35 x 35 x 65\/95 cm (L x B x H)<\/li>\n<li>Durchmesser des Lampenschirms: 17 cm<\/li>\n<li>Lampenfassung: E27<\/li>\n<li>Maximale Leistung: 25 W<\/li>\n<li>Niederspannungsrichtlinie<\/li>\n<\/ul>\n","protected":false},"excerpt":{"rendered":"<ul>\n<li>Farbe: Wei\u00df und Schwarz<\/li>\n<li>Material: Eisen<\/li>\n<li>Gesamtabmessungen: 35 x 35 x 65\/95 cm (L x B x H)<\/li>\n<li>Durchmesser des Lampenschirms: 17 cm<\/li>\n<li>Lampenfassung: E27<\/li>\n<li>Maximale Leistung: 25 W<\/li>\n<li>Niederspannungsrichtlinie<\/li>\n<\/ul>\n","protected":false},"featured_media":10000058581,"comment_status":"closed","ping_status":"closed","template":"","meta":[],"product_brand":[],"product_cat":[7054,7048,7101],"product_tag":[],"class_list":{"0":"post-58581","1":"product","2":"type-product","3":"status-publish","4":"has-post-thumbnail","6":"product_cat-beleuchtung","7":"product_cat-heim-garten","8":"product_cat-lampen","10":"first","11":"instock","12":"taxable","13":"shipping-taxable","14":"purchasable","15":"product-type-simple","16":"add-to-wishlist-after_add_to_cart"},"jetpack_sharing_enabled":true,"_links":{"self":[{"href":"https:\/\/de-prime.com\/index.php\/wp-json\/wp\/v2\/product\/58581","targetHints":{"allow":["GET"]}}],"collection":[{"href":"https:\/\/de-prime.com\/index.php\/wp-json\/wp\/v2\/product"}],"about":[{"href":"https:\/\/de-prime.com\/index.php\/wp-json\/wp\/v2\/types\/product"}],"replies":[{"embeddable":true,"href":"https:\/\/de-prime.com\/index.php\/wp-json\/wp\/v2\/comments?post=58581"}],"wp:featuredmedia":[{"embeddable":true,"href":"https:\/\/de-prime.com\/index.php\/wp-json\/"}],"wp:attachment":[{"href":"https:\/\/de-prime.com\/index.php\/wp-json\/wp\/v2\/media?parent=58581"}],"wp:term":[{"taxonomy":"product_brand","embeddable":true,"href":"https:\/\/de-prime.com\/index.php\/wp-json\/wp\/v2\/product_brand?post=58581"},{"taxonomy":"product_cat","embeddable":true,"href":"https:\/\/de-prime.com\/index.php\/wp-json\/wp\/v2\/product_cat?post=58581"},{"taxonomy":"product_tag","embeddable":true,"href":"https:\/\/de-prime.com\/index.php\/wp-json\/wp\/v2\/product_tag?post=58581"}],"curies":[{"name":"wp","href":"https:\/\/api.w.org\/{rel}","templated":true}]}}