{"id":58574,"date":"2024-10-04T11:23:21","date_gmt":"2024-10-04T09:23:21","guid":{"rendered":"https:\/\/de-prime.com\/?p=58574"},"modified":"2024-10-04T11:23:21","modified_gmt":"2024-10-04T09:23:21","slug":"metaltex-schrankauszug-mit-2-ablagen-limpio","status":"publish","type":"product","link":"https:\/\/de-prime.com\/index.php\/product\/metaltex-schrankauszug-mit-2-ablagen-limpio\/","title":{"rendered":"Metaltex Schrankauszug mit 2 Ablagen Limpio"},"content":{"rendered":"<p>Der Limpio Unterschrankauszug mit 2 Ablagen von Metaltex eignet sich ideal zum Aufbewahren und Organisieren von Reinigungs- und Waschmitteln und spart gleichzeitig Platz in deinen K\u00fcchenschr\u00e4nken.. Der intelligente und platzsparende Unterschrank-Auszug weist ein kompaktes Design auf und l\u00e4sst sich auf seinen Schienen leicht schieben. Der Einh\u00e4ngekorb von Metaltex l\u00e4sst sich mit den mitgelieferten Schrauben in deinem K\u00fcchenunterschrank einbauen. Der ausziehbare Schrankauszug verf\u00fcgt \u00fcber einen silbernen Metallrahmen. Der Rahmen ist mit Polytherm-Beschichtung versehen, die antistatisch, rost- und kratzfest ist und sich zudem leicht reinigen l\u00e4sst.<\/p>\n<ul>\n<li>Farbe: Silber<\/li>\n<li>Material: Beschichtetes Metall<\/li>\n<li>Starke Polytherm-Beschichtung<\/li>\n<li>Abmessungen: 58 x 20 x 28 cm (B x T x H)<\/li>\n<li>Auszugskorb mit 2 Ablagen auf Schienen<\/li>\n<li>Rostfrei<\/li>\n<li>Leicht zu reinigen<\/li>\n<li>Lieferung umfasst Schrauben<\/li>\n<\/ul>\n","protected":false},"excerpt":{"rendered":"<ul>\n<li>Farbe: Silber<\/li>\n<li>Material: Beschichtetes Metall<\/li>\n<li>Starke Polytherm-Beschichtung<\/li>\n<li>Abmessungen: 58 x 20 x 28 cm (B x T x H)<\/li>\n<li>Auszugskorb mit 2 Ablagen auf Schienen<\/li>\n<li>Rostfrei<\/li>\n<li>Leicht zu reinigen<\/li>\n<li>Lieferung umfasst Schrauben<\/li>\n<\/ul>\n","protected":false},"featured_media":10000058574,"comment_status":"closed","ping_status":"closed","template":"","meta":[],"product_brand":[],"product_cat":[7048,7051,7062,7063,7100],"product_tag":[],"class_list":{"0":"post-58574","1":"product","2":"type-product","3":"status-publish","4":"has-post-thumbnail","6":"product_cat-heim-garten","7":"product_cat-kueche-esszimmer","8":"product_cat-kuechenhelfer-utensilien","9":"product_cat-kuechenorganizer","10":"product_cat-kuechenschranksysteme","12":"first","13":"outofstock","14":"taxable","15":"shipping-taxable","16":"purchasable","17":"product-type-simple","18":"add-to-wishlist-after_add_to_cart"},"jetpack_sharing_enabled":true,"_links":{"self":[{"href":"https:\/\/de-prime.com\/index.php\/wp-json\/wp\/v2\/product\/58574","targetHints":{"allow":["GET"]}}],"collection":[{"href":"https:\/\/de-prime.com\/index.php\/wp-json\/wp\/v2\/product"}],"about":[{"href":"https:\/\/de-prime.com\/index.php\/wp-json\/wp\/v2\/types\/product"}],"replies":[{"embeddable":true,"href":"https:\/\/de-prime.com\/index.php\/wp-json\/wp\/v2\/comments?post=58574"}],"wp:featuredmedia":[{"embeddable":true,"href":"https:\/\/de-prime.com\/index.php\/wp-json\/"}],"wp:attachment":[{"href":"https:\/\/de-prime.com\/index.php\/wp-json\/wp\/v2\/media?parent=58574"}],"wp:term":[{"taxonomy":"product_brand","embeddable":true,"href":"https:\/\/de-prime.com\/index.php\/wp-json\/wp\/v2\/product_brand?post=58574"},{"taxonomy":"product_cat","embeddable":true,"href":"https:\/\/de-prime.com\/index.php\/wp-json\/wp\/v2\/product_cat?post=58574"},{"taxonomy":"product_tag","embeddable":true,"href":"https:\/\/de-prime.com\/index.php\/wp-json\/wp\/v2\/product_tag?post=58574"}],"curies":[{"name":"wp","href":"https:\/\/api.w.org\/{rel}","templated":true}]}}