{"id":58571,"date":"2024-10-03T21:17:23","date_gmt":"2024-10-03T19:17:23","guid":{"rendered":"https:\/\/de-prime.com\/?p=58571"},"modified":"2024-10-03T21:34:54","modified_gmt":"2024-10-03T19:34:54","slug":"metaltex-kuechenrollenhalter-roll-n-roll","status":"publish","type":"product","link":"https:\/\/de-prime.com\/index.php\/product\/metaltex-kuechenrollenhalter-roll-n-roll\/","title":{"rendered":"Metaltex K\u00fcchenrollenhalter Roll &#8217;n roll"},"content":{"rendered":"<p>Der Metaltex Roll&#8217;n roll ist ein Wandrollenhalter, der 3 verschiedene K\u00fcchenrollen aufnehmen kann: K\u00fcchenpapier, Aluminiumfolie und Frischhaltefolie. Auf der obersten Ablage k\u00f6nnen sie Gew\u00fcrze platzieren. Durch die 2 eingebauten Klingen lassen sich die Aluminium- und Frischhaltefolien leicht schneiden. Dar\u00fcber hinau lassen sich die Rollen ohne Probleme wechseln. Der K\u00fcchenrollenspender wird mit Montagematerial geliefert.<\/p>\n<ul>\n<li>Farbe: Wei\u00df<\/li>\n<li>Material: PP (Polypropylen)<\/li>\n<li>Ma\u00dfe: 39 x 10 x 25 cm (L x B x H)<\/li>\n<li>F\u00fcr 3 verschiedene Rollen<\/li>\n<li>Mit Platz f\u00fcr Gew\u00fcrzdosen<\/li>\n<li>2 eingebaute Klingen zum Schneiden von Folien<\/li>\n<\/ul>\n","protected":false},"excerpt":{"rendered":"<ul>\n<li>Farbe: Wei\u00df<\/li>\n<li>Material: PP (Polypropylen)<\/li>\n<li>Ma\u00dfe: 39 x 10 x 25 cm (L x B x H)<\/li>\n<li>F\u00fcr 3 verschiedene Rollen<\/li>\n<li>Mit Platz f\u00fcr Gew\u00fcrzdosen<\/li>\n<li>2 eingebaute Klingen zum Schneiden von Folien<\/li>\n<\/ul>\n","protected":false},"featured_media":10000058571,"comment_status":"closed","ping_status":"closed","template":"","meta":[],"product_brand":[],"product_cat":[7048,7051,7062,7063,7099],"product_tag":[],"class_list":{"0":"post-58571","1":"product","2":"type-product","3":"status-publish","4":"has-post-thumbnail","6":"product_cat-heim-garten","7":"product_cat-kueche-esszimmer","8":"product_cat-kuechenhelfer-utensilien","9":"product_cat-kuechenorganizer","10":"product_cat-kuechenrollenhalter-spender","12":"first","13":"instock","14":"taxable","15":"shipping-taxable","16":"purchasable","17":"product-type-simple","18":"add-to-wishlist-after_add_to_cart"},"jetpack_sharing_enabled":true,"_links":{"self":[{"href":"https:\/\/de-prime.com\/index.php\/wp-json\/wp\/v2\/product\/58571","targetHints":{"allow":["GET"]}}],"collection":[{"href":"https:\/\/de-prime.com\/index.php\/wp-json\/wp\/v2\/product"}],"about":[{"href":"https:\/\/de-prime.com\/index.php\/wp-json\/wp\/v2\/types\/product"}],"replies":[{"embeddable":true,"href":"https:\/\/de-prime.com\/index.php\/wp-json\/wp\/v2\/comments?post=58571"}],"wp:featuredmedia":[{"embeddable":true,"href":"https:\/\/de-prime.com\/index.php\/wp-json\/"}],"wp:attachment":[{"href":"https:\/\/de-prime.com\/index.php\/wp-json\/wp\/v2\/media?parent=58571"}],"wp:term":[{"taxonomy":"product_brand","embeddable":true,"href":"https:\/\/de-prime.com\/index.php\/wp-json\/wp\/v2\/product_brand?post=58571"},{"taxonomy":"product_cat","embeddable":true,"href":"https:\/\/de-prime.com\/index.php\/wp-json\/wp\/v2\/product_cat?post=58571"},{"taxonomy":"product_tag","embeddable":true,"href":"https:\/\/de-prime.com\/index.php\/wp-json\/wp\/v2\/product_tag?post=58571"}],"curies":[{"name":"wp","href":"https:\/\/api.w.org\/{rel}","templated":true}]}}