{"id":58569,"date":"2024-10-03T21:17:26","date_gmt":"2024-10-03T19:17:26","guid":{"rendered":"https:\/\/de-prime.com\/?p=58569"},"modified":"2024-10-03T21:34:53","modified_gmt":"2024-10-03T19:34:53","slug":"leifheit-wand-rollenhalter-parat-f2-weiss-25771","status":"publish","type":"product","link":"https:\/\/de-prime.com\/index.php\/product\/leifheit-wand-rollenhalter-parat-f2-weiss-25771\/","title":{"rendered":"Leifheit Wand-Rollenhalter Parat F2 Wei\u00df 25771"},"content":{"rendered":"<p>Der Parat F2 Wand-Rollenhalter von Leifheit besticht durch seine robuste Kunststoff-Konstruktion. Er schneidet mit seinen speziellen rasiermesserscharfen Klingen Alufolie und Frischhaltefolie sauber und glatt, sodass man weder zeitaufwendig in der Schublade herumsuchen muss, noch schlechte und nicht ebene Ecken sowie in sich verklebte Alufolie erh\u00e4lt, da man nur schlecht das Ende der Folie findet. Nach dem Schneiden ist das Folienende immer einfach zu finden und stets griffbereit f\u00fcr die n\u00e4chste Verwendung. Die rasiermesserscharfen Klingen liegen sicher hinter ergonomisch geformten Schneidegriffen verborgen. Der Wand-Rollenhalter bietet Raum f\u00fcr Alu- und Frischhaltefolie und an der Oberkante findet man hochgezogene R\u00e4nder, sodass man es auch als Gew\u00fcrzregal verwenden kann. Der K\u00fcchenrollenhalter hat eine integrierte Rollenbremse, um das Abziehen einzelner K\u00fcchenrollenbl\u00e4tter zu erleichtern. Nehmen Sie das Kunststoff-Geh\u00e4use ab, setzen Sie die Rollen ein und der Wand-Rollenhalter steht zur Verwendung bereit. Er eignet sich f\u00fcr alle kommerziell erh\u00e4ltlichen Rollengr\u00f6\u00dfen (Rollen und Gew\u00fcrze nicht im Lieferumfang enthalten).<\/p>\n<ul>\n<li>Farbe: Wei\u00df<\/li>\n<li>Material: Kunststoff<\/li>\n<li>Verl\u00e4sslicher Rollenhalter f\u00fcr drei Rollen<\/li>\n<li>Kann auch als Gew\u00fcrzregal verwendet werden<\/li>\n<li>Abnehmbarer K\u00fcchenrollenhalter mit integrierter Rollenbremse<\/li>\n<li>Saubere Folienenden dank der rasiermesserscharfen Klingen<\/li>\n<li>Folienenden sind immer einfach zu finden und zu greifen<\/li>\n<li>Einfache Wandmontage<\/li>\n<li>Rollen und Gew\u00fcrze sind nicht im Lieferumfang enthalten<\/li>\n<\/ul>\n","protected":false},"excerpt":{"rendered":"<ul>\n<li>Farbe: Wei\u00df<\/li>\n<li>Material: Kunststoff<\/li>\n<li>Verl\u00e4sslicher Rollenhalter f\u00fcr drei Rollen<\/li>\n<li>Kann auch als Gew\u00fcrzregal verwendet werden<\/li>\n<li>Abnehmbarer K\u00fcchenrollenhalter mit integrierter Rollenbremse<\/li>\n<li>Saubere Folienenden dank der rasiermesserscharfen Klingen<\/li>\n<li>Folienenden sind immer einfach zu finden und zu greifen<\/li>\n<li>Einfache Wandmontage<\/li>\n<li>Rollen und Gew\u00fcrze sind nicht im Lieferumfang enthalten<\/li>\n<\/ul>\n","protected":false},"featured_media":10000058569,"comment_status":"closed","ping_status":"closed","template":"","meta":[],"product_brand":[],"product_cat":[7048,7051,7062,7063,7099],"product_tag":[],"class_list":{"0":"post-58569","1":"product","2":"type-product","3":"status-publish","4":"has-post-thumbnail","6":"product_cat-heim-garten","7":"product_cat-kueche-esszimmer","8":"product_cat-kuechenhelfer-utensilien","9":"product_cat-kuechenorganizer","10":"product_cat-kuechenrollenhalter-spender","12":"first","13":"instock","14":"taxable","15":"shipping-taxable","16":"purchasable","17":"product-type-simple","18":"add-to-wishlist-after_add_to_cart"},"jetpack_sharing_enabled":true,"_links":{"self":[{"href":"https:\/\/de-prime.com\/index.php\/wp-json\/wp\/v2\/product\/58569","targetHints":{"allow":["GET"]}}],"collection":[{"href":"https:\/\/de-prime.com\/index.php\/wp-json\/wp\/v2\/product"}],"about":[{"href":"https:\/\/de-prime.com\/index.php\/wp-json\/wp\/v2\/types\/product"}],"replies":[{"embeddable":true,"href":"https:\/\/de-prime.com\/index.php\/wp-json\/wp\/v2\/comments?post=58569"}],"wp:featuredmedia":[{"embeddable":true,"href":"https:\/\/de-prime.com\/index.php\/wp-json\/"}],"wp:attachment":[{"href":"https:\/\/de-prime.com\/index.php\/wp-json\/wp\/v2\/media?parent=58569"}],"wp:term":[{"taxonomy":"product_brand","embeddable":true,"href":"https:\/\/de-prime.com\/index.php\/wp-json\/wp\/v2\/product_brand?post=58569"},{"taxonomy":"product_cat","embeddable":true,"href":"https:\/\/de-prime.com\/index.php\/wp-json\/wp\/v2\/product_cat?post=58569"},{"taxonomy":"product_tag","embeddable":true,"href":"https:\/\/de-prime.com\/index.php\/wp-json\/wp\/v2\/product_tag?post=58569"}],"curies":[{"name":"wp","href":"https:\/\/api.w.org\/{rel}","templated":true}]}}