{"id":58567,"date":"2024-10-03T21:17:30","date_gmt":"2024-10-03T19:17:30","guid":{"rendered":"https:\/\/de-prime.com\/?p=58567"},"modified":"2024-10-03T21:34:50","modified_gmt":"2024-10-03T19:34:50","slug":"leifheit-wand-rollenhalter-parat-weiss-25703","status":"publish","type":"product","link":"https:\/\/de-prime.com\/index.php\/product\/leifheit-wand-rollenhalter-parat-weiss-25703\/","title":{"rendered":"Leifheit Wand-Rollenhalter Parat Wei\u00df 25703"},"content":{"rendered":"<p>Der Parat Wand-Rollenhalter von Leifheit besticht durch seine robuste Kunststoff-Konstruktion. Er schneidet sauber und glatt Alufolie und Frischhaltefolie mit seinen speziellen rasiermesserscharfen Klingen, ohne dass man zeitaufwendig in der Schublade herumsuchen muss, ohne dass man schlechte und nicht ebene Ecken erh\u00e4lt und ohne in sich verklebte Alufolie, da man nur schlecht das Ende der Folie findet. Nach dem Schneiden ist das Folienende immer einfach zu finden und ist griffbereit f\u00fcr die n\u00e4chste Verwendung. Die rasiermesserscharfen Klingen liegen sicher hinter ergonomisch geformten Schneidegriffen verborgen. Der Wand-Rollenhalter bietet Raum f\u00fcr Alu- und Frischhaltefolie. Ein zus\u00e4tzlicher Halter wird f\u00fcr die K\u00fcchenrolle mitgeliefert. Nehmen Sie das Kunststoff-Geh\u00e4use ab, setzen Sie die Rollen ein und der Wand-Rollenhalter steht zur Verwendung bereit. Er eignet sich f\u00fcr alle kommerziell erh\u00e4ltlichen Rollengr\u00f6\u00dfen (Rollen nicht im Lieferumfang enthalten).<\/p>\n<ul>\n<li>Farbe: Wei\u00df<\/li>\n<li>Material: Kunststoff<\/li>\n<li>Folienenden sind immer einfach zu finden und zu greifen<\/li>\n<li>Saubere Folienenden dank der rasiermesserscharfen Klingen<\/li>\n<li>Getesteter Rollenhalter f\u00fcr drei Rollen<\/li>\n<li>Einfache Wandmontage<\/li>\n<li>Rollen sind nicht im Lieferumfang enthalten<\/li>\n<\/ul>\n","protected":false},"excerpt":{"rendered":"<ul>\n<li>Farbe: Wei\u00df<\/li>\n<li>Material: Kunststoff<\/li>\n<li>Folienenden sind immer einfach zu finden und zu greifen<\/li>\n<li>Saubere Folienenden dank der rasiermesserscharfen Klingen<\/li>\n<li>Getesteter Rollenhalter f\u00fcr drei Rollen<\/li>\n<li>Einfache Wandmontage<\/li>\n<li>Rollen sind nicht im Lieferumfang enthalten<\/li>\n<\/ul>\n","protected":false},"featured_media":10000058567,"comment_status":"closed","ping_status":"closed","template":"","meta":[],"product_brand":[],"product_cat":[7048,7051,7062,7063,7099],"product_tag":[],"class_list":{"0":"post-58567","1":"product","2":"type-product","3":"status-publish","4":"has-post-thumbnail","6":"product_cat-heim-garten","7":"product_cat-kueche-esszimmer","8":"product_cat-kuechenhelfer-utensilien","9":"product_cat-kuechenorganizer","10":"product_cat-kuechenrollenhalter-spender","12":"first","13":"instock","14":"taxable","15":"shipping-taxable","16":"purchasable","17":"product-type-simple","18":"add-to-wishlist-after_add_to_cart"},"jetpack_sharing_enabled":true,"_links":{"self":[{"href":"https:\/\/de-prime.com\/index.php\/wp-json\/wp\/v2\/product\/58567","targetHints":{"allow":["GET"]}}],"collection":[{"href":"https:\/\/de-prime.com\/index.php\/wp-json\/wp\/v2\/product"}],"about":[{"href":"https:\/\/de-prime.com\/index.php\/wp-json\/wp\/v2\/types\/product"}],"replies":[{"embeddable":true,"href":"https:\/\/de-prime.com\/index.php\/wp-json\/wp\/v2\/comments?post=58567"}],"wp:featuredmedia":[{"embeddable":true,"href":"https:\/\/de-prime.com\/index.php\/wp-json\/"}],"wp:attachment":[{"href":"https:\/\/de-prime.com\/index.php\/wp-json\/wp\/v2\/media?parent=58567"}],"wp:term":[{"taxonomy":"product_brand","embeddable":true,"href":"https:\/\/de-prime.com\/index.php\/wp-json\/wp\/v2\/product_brand?post=58567"},{"taxonomy":"product_cat","embeddable":true,"href":"https:\/\/de-prime.com\/index.php\/wp-json\/wp\/v2\/product_cat?post=58567"},{"taxonomy":"product_tag","embeddable":true,"href":"https:\/\/de-prime.com\/index.php\/wp-json\/wp\/v2\/product_tag?post=58567"}],"curies":[{"name":"wp","href":"https:\/\/api.w.org\/{rel}","templated":true}]}}