{"id":58551,"date":"2024-10-04T11:10:05","date_gmt":"2024-10-04T09:10:05","guid":{"rendered":"https:\/\/de-prime.com\/?p=58551"},"modified":"2024-10-04T11:10:05","modified_gmt":"2024-10-04T09:10:05","slug":"kuechenrueckwand-weiss-90x40-cm-hartglas","status":"publish","type":"product","link":"https:\/\/de-prime.com\/index.php\/product\/kuechenrueckwand-weiss-90x40-cm-hartglas\/","title":{"rendered":"K\u00fcchenr\u00fcckwand Wei\u00df 90&#215;40 cm Hartglas"},"content":{"rendered":"<p>Die aus Hartglas gefertigte K\u00fcchenr\u00fcckwand dient als zuverl\u00e4ssiger Spritzschutz und ist eine praktische und dekorative Erg\u00e4nzung zu deiner K\u00fcche. Das geh\u00e4rtete Glas ist hitzebest\u00e4ndig und sorgt f\u00fcr Ihre Sicherheit beim Kochen. Au\u00dferdem ist es kratzfester als normales Glas, sodass es sich leicht sauber halten l\u00e4sst und wartungsfrei ist. Sie k\u00f6nnen sich viele Jahre lang daran erfreuen. Mit den mitgelieferten Montagezubeh\u00f6r l\u00e4sst sich die K\u00fcchenr\u00fcckwand einfach und sicher anbringen. Hinweis: Das Glas ist bis zu einer Temperatur von 240 Grad getestet. Die Verwendung dieser K\u00fcchenr\u00fcckwand an einem Gasherd NICHT empfohlen.<\/p>\n<ul>\n<li>Farbe: Wei\u00df<\/li>\n<li>Abmessungen: 90 x 40 cm (L x B)<\/li>\n<li>Dicke: 6 mm<\/li>\n<li>Material: Hartglas<\/li>\n<li>Einfache Reinigung<\/li>\n<li>Sch\u00fctzt die K\u00fcchenwand vor Fettspritzern<\/li>\n<li>Montagematerialien enthalten<\/li>\n<\/ul>\n","protected":false},"excerpt":{"rendered":"<ul>\n<li>Farbe: Wei\u00df<\/li>\n<li>Abmessungen: 90 x 40 cm (L x B)<\/li>\n<li>Dicke: 6 mm<\/li>\n<li>Material: Hartglas<\/li>\n<li>Einfache Reinigung<\/li>\n<li>Sch\u00fctzt die K\u00fcchenwand vor Fettspritzern<\/li>\n<li>Montagematerialien enthalten<\/li>\n<\/ul>\n","protected":false},"featured_media":10000058551,"comment_status":"closed","ping_status":"closed","template":"","meta":[],"product_brand":[],"product_cat":[7048,7051,7062],"product_tag":[],"class_list":{"0":"post-58551","1":"product","2":"type-product","3":"status-publish","4":"has-post-thumbnail","6":"product_cat-heim-garten","7":"product_cat-kueche-esszimmer","8":"product_cat-kuechenhelfer-utensilien","10":"first","11":"instock","12":"taxable","13":"shipping-taxable","14":"purchasable","15":"product-type-simple","16":"add-to-wishlist-after_add_to_cart"},"jetpack_sharing_enabled":true,"_links":{"self":[{"href":"https:\/\/de-prime.com\/index.php\/wp-json\/wp\/v2\/product\/58551","targetHints":{"allow":["GET"]}}],"collection":[{"href":"https:\/\/de-prime.com\/index.php\/wp-json\/wp\/v2\/product"}],"about":[{"href":"https:\/\/de-prime.com\/index.php\/wp-json\/wp\/v2\/types\/product"}],"replies":[{"embeddable":true,"href":"https:\/\/de-prime.com\/index.php\/wp-json\/wp\/v2\/comments?post=58551"}],"wp:featuredmedia":[{"embeddable":true,"href":"https:\/\/de-prime.com\/index.php\/wp-json\/"}],"wp:attachment":[{"href":"https:\/\/de-prime.com\/index.php\/wp-json\/wp\/v2\/media?parent=58551"}],"wp:term":[{"taxonomy":"product_brand","embeddable":true,"href":"https:\/\/de-prime.com\/index.php\/wp-json\/wp\/v2\/product_brand?post=58551"},{"taxonomy":"product_cat","embeddable":true,"href":"https:\/\/de-prime.com\/index.php\/wp-json\/wp\/v2\/product_cat?post=58551"},{"taxonomy":"product_tag","embeddable":true,"href":"https:\/\/de-prime.com\/index.php\/wp-json\/wp\/v2\/product_tag?post=58551"}],"curies":[{"name":"wp","href":"https:\/\/api.w.org\/{rel}","templated":true}]}}