{"id":58542,"date":"2024-10-03T21:14:55","date_gmt":"2024-10-03T19:14:55","guid":{"rendered":"https:\/\/de-prime.com\/?p=58542"},"modified":"2024-10-03T21:36:38","modified_gmt":"2024-10-03T19:36:38","slug":"kristall-kronleuchter-mit-85-echten-glas-kristallen-schwarz","status":"publish","type":"product","link":"https:\/\/de-prime.com\/index.php\/product\/kristall-kronleuchter-mit-85-echten-glas-kristallen-schwarz\/","title":{"rendered":"Kristall Kronleuchter mit 85 echten Glas Kristallen schwarz"},"content":{"rendered":"<p>Der Kristall Kronleuchter verleiht jedem Raum durch seine 85 echten Glas Kristalle eine einzigartige Eleganz. Der 3-flammige Kronleuchter wird durch seine geschliffenen Prismen und seine majest\u00e4tische Erscheinung in jedem Ambiente zu einem richtigen Blickfang. Die Prismen des Kronleuchters strahlen bei Lichteinwirkung (auch einer anderen Lichtquelle) in allen Spektralfarben und sorgen f\u00fcr eine angenehme und warme Lichtentfaltung. Der Kronleuchter verf\u00fcgt au\u00dferdem \u00fcber ein verchromtes Metall Geh\u00e4use sowie einen schwarzen Lampenschirm, was den Raum in ein gediegenes, atmosph\u00e4risches Licht taucht.<\/p>\n<ul>\n<li>Anzahl Kristalle: 85<\/li>\n<li>Material: Metall, Glass Kristall<\/li>\n<li>Gesamth\u00f6he: 50 cm<\/li>\n<li>Gesamtdurchmesser: 45 cm<\/li>\n<li>Gl\u00fchbirne: 3 x E14 (nicht im Lieferumfang enthalten!!!)<\/li>\n<li>Material:<\/li>\n<li>Material:<\/li>\n<\/ul>\n","protected":false},"excerpt":{"rendered":"<ul>\n<li>Anzahl Kristalle: 85<\/li>\n<li>Material: Metall, Glass Kristall<\/li>\n<li>Gesamth\u00f6he: 50 cm<\/li>\n<li>Gesamtdurchmesser: 45 cm<\/li>\n<li>Gl\u00fchbirne: 3 x E14 (nicht im Lieferumfang enthalten!!!)<\/li>\n<li>Material:<\/li>\n<li>Material:<\/li>\n<\/ul>\n","protected":false},"featured_media":10000058542,"comment_status":"closed","ping_status":"closed","template":"","meta":[],"product_brand":[],"product_cat":[7054,7048,7098,7070],"product_tag":[],"class_list":{"0":"post-58542","1":"product","2":"type-product","3":"status-publish","4":"has-post-thumbnail","6":"product_cat-beleuchtung","7":"product_cat-heim-garten","8":"product_cat-kronleuchter","9":"product_cat-kronleuchter-wand-deckenbeleuchtung","11":"first","12":"instock","13":"taxable","14":"shipping-taxable","15":"purchasable","16":"product-type-simple","17":"add-to-wishlist-after_add_to_cart"},"jetpack_sharing_enabled":true,"_links":{"self":[{"href":"https:\/\/de-prime.com\/index.php\/wp-json\/wp\/v2\/product\/58542","targetHints":{"allow":["GET"]}}],"collection":[{"href":"https:\/\/de-prime.com\/index.php\/wp-json\/wp\/v2\/product"}],"about":[{"href":"https:\/\/de-prime.com\/index.php\/wp-json\/wp\/v2\/types\/product"}],"replies":[{"embeddable":true,"href":"https:\/\/de-prime.com\/index.php\/wp-json\/wp\/v2\/comments?post=58542"}],"wp:featuredmedia":[{"embeddable":true,"href":"https:\/\/de-prime.com\/index.php\/wp-json\/"}],"wp:attachment":[{"href":"https:\/\/de-prime.com\/index.php\/wp-json\/wp\/v2\/media?parent=58542"}],"wp:term":[{"taxonomy":"product_brand","embeddable":true,"href":"https:\/\/de-prime.com\/index.php\/wp-json\/wp\/v2\/product_brand?post=58542"},{"taxonomy":"product_cat","embeddable":true,"href":"https:\/\/de-prime.com\/index.php\/wp-json\/wp\/v2\/product_cat?post=58542"},{"taxonomy":"product_tag","embeddable":true,"href":"https:\/\/de-prime.com\/index.php\/wp-json\/wp\/v2\/product_tag?post=58542"}],"curies":[{"name":"wp","href":"https:\/\/api.w.org\/{rel}","templated":true}]}}