{"id":58529,"date":"2024-10-03T21:15:26","date_gmt":"2024-10-03T19:15:26","guid":{"rendered":"https:\/\/de-prime.com\/?p=58529"},"modified":"2024-10-03T21:36:16","modified_gmt":"2024-10-03T19:36:16","slug":"kronleuchter-2-lagig-golden-15xe14-gluehbirnen","status":"publish","type":"product","link":"https:\/\/de-prime.com\/index.php\/product\/kronleuchter-2-lagig-golden-15xe14-gluehbirnen\/","title":{"rendered":"Kronleuchter 2-lagig Golden 15\u00d7E14-Gl\u00fchbirnen"},"content":{"rendered":"<p>Mit seinem klassischen und eleganten Design wird dieser ausgefallene Kronleuchter mit Kristall und glitzernden Perlen sicherlich ein mutiges optisches Statement setzen und ein Blickfang in Ihrer Wohnungseinrichtung sein. Es ist sowohl f\u00fcr den privaten als auch f\u00fcr den gewerblichen Gebrauch geeignet. Der kerzenartige Lampensockel und die kristallklaren Perlen verleihen dem Ganzen einen Hauch von antikem Charme und sorgen f\u00fcr eine sch\u00f6ne Lichtdarstellung. Sie k\u00f6nnen E14-Gl\u00fchbirnen mit verschiedenen Lichtfarben ausw\u00e4hlen, um eine Atmosph\u00e4re der Entspannung und Entspannung zu schaffen. Bitte beachten Sie, dass die Leuchtmittel nicht im Lieferumfang enthalten sind. Mit den inbegriffenen Montagematerialien k\u00f6nnen Sie die H\u00e4ngelampe einfach und sicher montieren und sichern.<\/p>\n<ul>\n<li>Farbe: Golden (Rahmen) + Transparent (Perlen)<\/li>\n<li>Tischma\u00dfe: 80 x 74 cm (Durchmesser x H)<\/li>\n<li>Material: Metall (Rahmen) + Acryl (Perlen)<\/li>\n<li>Stromversorgung: 230 V<\/li>\n<li>Maximale Lampenleistung: 40 W<\/li>\n<li>Lampenfassung: E14<\/li>\n<li>Mit 15 Lampensockeln<\/li>\n<li>Leuchtmittel sind nicht im Lieferumfang enthalten<\/li>\n<\/ul>\n","protected":false},"excerpt":{"rendered":"<ul>\n<li>Farbe: Golden (Rahmen) + Transparent (Perlen)<\/li>\n<li>Tischma\u00dfe: 80 x 74 cm (Durchmesser x H)<\/li>\n<li>Material: Metall (Rahmen) + Acryl (Perlen)<\/li>\n<li>Stromversorgung: 230 V<\/li>\n<li>Maximale Lampenleistung: 40 W<\/li>\n<li>Lampenfassung: E14<\/li>\n<li>Mit 15 Lampensockeln<\/li>\n<li>Leuchtmittel sind nicht im Lieferumfang enthalten<\/li>\n<\/ul>\n","protected":false},"featured_media":10000058529,"comment_status":"closed","ping_status":"closed","template":"","meta":[],"product_brand":[],"product_cat":[7054,7048,7098,7070],"product_tag":[],"class_list":{"0":"post-58529","1":"product","2":"type-product","3":"status-publish","4":"has-post-thumbnail","6":"product_cat-beleuchtung","7":"product_cat-heim-garten","8":"product_cat-kronleuchter","9":"product_cat-kronleuchter-wand-deckenbeleuchtung","11":"first","12":"instock","13":"taxable","14":"shipping-taxable","15":"purchasable","16":"product-type-simple","17":"add-to-wishlist-after_add_to_cart"},"jetpack_sharing_enabled":true,"_links":{"self":[{"href":"https:\/\/de-prime.com\/index.php\/wp-json\/wp\/v2\/product\/58529","targetHints":{"allow":["GET"]}}],"collection":[{"href":"https:\/\/de-prime.com\/index.php\/wp-json\/wp\/v2\/product"}],"about":[{"href":"https:\/\/de-prime.com\/index.php\/wp-json\/wp\/v2\/types\/product"}],"replies":[{"embeddable":true,"href":"https:\/\/de-prime.com\/index.php\/wp-json\/wp\/v2\/comments?post=58529"}],"wp:featuredmedia":[{"embeddable":true,"href":"https:\/\/de-prime.com\/index.php\/wp-json\/"}],"wp:attachment":[{"href":"https:\/\/de-prime.com\/index.php\/wp-json\/wp\/v2\/media?parent=58529"}],"wp:term":[{"taxonomy":"product_brand","embeddable":true,"href":"https:\/\/de-prime.com\/index.php\/wp-json\/wp\/v2\/product_brand?post=58529"},{"taxonomy":"product_cat","embeddable":true,"href":"https:\/\/de-prime.com\/index.php\/wp-json\/wp\/v2\/product_cat?post=58529"},{"taxonomy":"product_tag","embeddable":true,"href":"https:\/\/de-prime.com\/index.php\/wp-json\/wp\/v2\/product_tag?post=58529"}],"curies":[{"name":"wp","href":"https:\/\/api.w.org\/{rel}","templated":true}]}}