{"id":58512,"date":"2024-10-03T21:16:14","date_gmt":"2024-10-03T19:16:14","guid":{"rendered":"https:\/\/de-prime.com\/?p=58512"},"modified":"2024-10-03T21:35:44","modified_gmt":"2024-10-03T19:35:44","slug":"kronleuchter-365x46-cm","status":"publish","type":"product","link":"https:\/\/de-prime.com\/index.php\/product\/kronleuchter-365x46-cm\/","title":{"rendered":"Kronleuchter 36,5&#215;46 cm"},"content":{"rendered":"<p>Mit seinem klassischen und eleganten Design ist dieser wundersch\u00f6ne Kronleuchter ein Blickfang in jedem Raum und eignet sich sowohl f\u00fcr private als auch f\u00fcr gewerbliche Zwecke. Dank seines luxuri\u00f6sen Designs findet dieser markante Kronleuchter den perfekten Platz in deinem Eingangsbereich, Esszimmer oder Wohnzimmer. Die hochwertigen Perlen gl\u00e4nzen und funkeln wie Sterne; sie fangen das Licht effektiv ein und reflektieren es, wobei das Lichtspektrum f\u00fcr ein grandioses Farbenspiel sorgt. Mit dieser eleganten H\u00e4ngeleuchte kannst du dein Zuhause auf luxuri\u00f6se Weise dekorieren und erhellen. Das Leuchtmittel ist nicht im Lieferumfang enthalten.<\/p>\n<ul>\n<li>Stromspannung 220-240V~<\/li>\n<li>Frequenz: 50\/60 Hz<\/li>\n<li>Lampenschirmmaterial: Kunststoff<\/li>\n<li>Material des Gestells: Stahl<\/li>\n<li>Gr\u00f6\u00dfe der Lampe: 36,5 x 46 cm (\u03a6 x H)<\/li>\n<li>Kabell\u00e4nge: 1,2 m<\/li>\n<li>Geeignet f\u00fcr E27-Gl\u00fchbirne, max. Leistung 40 W (nicht im Lieferumfang enthalten)<\/li>\n<li>Der Lampensockel und das Kabel sind im Lieferumfang enthalten<\/li>\n<\/ul>\n","protected":false},"excerpt":{"rendered":"<ul>\n<li>Stromspannung 220-240V~<\/li>\n<li>Frequenz: 50\/60 Hz<\/li>\n<li>Lampenschirmmaterial: Kunststoff<\/li>\n<li>Material des Gestells: Stahl<\/li>\n<li>Gr\u00f6\u00dfe der Lampe: 36,5 x 46 cm (\u03a6 x H)<\/li>\n<li>Kabell\u00e4nge: 1,2 m<\/li>\n<li>Geeignet f\u00fcr E27-Gl\u00fchbirne, max. Leistung 40 W (nicht im Lieferumfang enthalten)<\/li>\n<li>Der Lampensockel und das Kabel sind im Lieferumfang enthalten<\/li>\n<\/ul>\n","protected":false},"featured_media":10000058512,"comment_status":"closed","ping_status":"closed","template":"","meta":[],"product_brand":[],"product_cat":[7054,7048,7098,7070],"product_tag":[],"class_list":{"0":"post-58512","1":"product","2":"type-product","3":"status-publish","4":"has-post-thumbnail","6":"product_cat-beleuchtung","7":"product_cat-heim-garten","8":"product_cat-kronleuchter","9":"product_cat-kronleuchter-wand-deckenbeleuchtung","11":"first","12":"instock","13":"taxable","14":"shipping-taxable","15":"purchasable","16":"product-type-simple","17":"add-to-wishlist-after_add_to_cart"},"jetpack_sharing_enabled":true,"_links":{"self":[{"href":"https:\/\/de-prime.com\/index.php\/wp-json\/wp\/v2\/product\/58512","targetHints":{"allow":["GET"]}}],"collection":[{"href":"https:\/\/de-prime.com\/index.php\/wp-json\/wp\/v2\/product"}],"about":[{"href":"https:\/\/de-prime.com\/index.php\/wp-json\/wp\/v2\/types\/product"}],"replies":[{"embeddable":true,"href":"https:\/\/de-prime.com\/index.php\/wp-json\/wp\/v2\/comments?post=58512"}],"wp:featuredmedia":[{"embeddable":true,"href":"https:\/\/de-prime.com\/index.php\/wp-json\/"}],"wp:attachment":[{"href":"https:\/\/de-prime.com\/index.php\/wp-json\/wp\/v2\/media?parent=58512"}],"wp:term":[{"taxonomy":"product_brand","embeddable":true,"href":"https:\/\/de-prime.com\/index.php\/wp-json\/wp\/v2\/product_brand?post=58512"},{"taxonomy":"product_cat","embeddable":true,"href":"https:\/\/de-prime.com\/index.php\/wp-json\/wp\/v2\/product_cat?post=58512"},{"taxonomy":"product_tag","embeddable":true,"href":"https:\/\/de-prime.com\/index.php\/wp-json\/wp\/v2\/product_tag?post=58512"}],"curies":[{"name":"wp","href":"https:\/\/api.w.org\/{rel}","templated":true}]}}