{"id":58508,"date":"2024-10-03T21:16:23","date_gmt":"2024-10-03T19:16:23","guid":{"rendered":"https:\/\/de-prime.com\/?p=58508"},"modified":"2024-10-03T21:35:38","modified_gmt":"2024-10-03T19:35:38","slug":"pendelleuchte-lampe-leuchte-6-lampenfassung","status":"publish","type":"product","link":"https:\/\/de-prime.com\/index.php\/product\/pendelleuchte-lampe-leuchte-6-lampenfassung\/","title":{"rendered":"Pendelleuchte Lampe Leuchte 6 Lampenfassung"},"content":{"rendered":"<p>Dieser prachtvolle Kristall-Kronleuchter, der \u00fcber 6 elegante Lampenfassungen verf\u00fcgt, macht \u00fcberall eine gute Figur, egal ob im Wohnzimmer, Essbereich oder in der K\u00fcche. Dank des k\u00f6niglichen Kristall-Designs ist dieser atemberaubende Kronleuchter sicherlich ein Blickfang zum Beleuchten Ihres Esszimmers, Wohnzimmers, der Eingangshalle und vieles mehr! Mit diesem sch\u00f6nen Kronleuchter werden Sie in der Lage, Ihr Haus auf luxuri\u00f6se Art und Weise zu dekorieren. Notiz: Leuchtmittel sind im Lieferumfang nicht enthalten.<\/p>\n<ul>\n<li>Voltage: 230 V~<\/li>\n<li>Anzahl der Lampenfassungen: 6<\/li>\n<li>Haltbarer Metallrahmen<\/li>\n<li>Material der gl\u00e4nzenden Kristalls: Acryl<\/li>\n<li>Ma\u00dfe der Lampe: 55,5 x 46 cm (\u03a6 x H)<\/li>\n<li>Kabell\u00e4nge: 42 cm<\/li>\n<li>Leuchtmittel: 6 x E14,Max. 40 W(nicht mitgeliefert)<\/li>\n<li>Farbe: Schwarz<\/li>\n<\/ul>\n","protected":false},"excerpt":{"rendered":"<ul>\n<li>Voltage: 230 V~<\/li>\n<li>Anzahl der Lampenfassungen: 6<\/li>\n<li>Haltbarer Metallrahmen<\/li>\n<li>Material der gl\u00e4nzenden Kristalls: Acryl<\/li>\n<li>Ma\u00dfe der Lampe: 55,5 x 46 cm (\u03a6 x H)<\/li>\n<li>Kabell\u00e4nge: 42 cm<\/li>\n<li>Leuchtmittel: 6 x E14,Max. 40 W(nicht mitgeliefert)<\/li>\n<li>Farbe: Schwarz<\/li>\n<\/ul>\n","protected":false},"featured_media":10000058508,"comment_status":"closed","ping_status":"closed","template":"","meta":[],"product_brand":[],"product_cat":[7054,7048,7098,7070],"product_tag":[],"class_list":{"0":"post-58508","1":"product","2":"type-product","3":"status-publish","4":"has-post-thumbnail","6":"product_cat-beleuchtung","7":"product_cat-heim-garten","8":"product_cat-kronleuchter","9":"product_cat-kronleuchter-wand-deckenbeleuchtung","11":"first","12":"instock","13":"taxable","14":"shipping-taxable","15":"purchasable","16":"product-type-simple","17":"add-to-wishlist-after_add_to_cart"},"jetpack_sharing_enabled":true,"_links":{"self":[{"href":"https:\/\/de-prime.com\/index.php\/wp-json\/wp\/v2\/product\/58508","targetHints":{"allow":["GET"]}}],"collection":[{"href":"https:\/\/de-prime.com\/index.php\/wp-json\/wp\/v2\/product"}],"about":[{"href":"https:\/\/de-prime.com\/index.php\/wp-json\/wp\/v2\/types\/product"}],"replies":[{"embeddable":true,"href":"https:\/\/de-prime.com\/index.php\/wp-json\/wp\/v2\/comments?post=58508"}],"wp:featuredmedia":[{"embeddable":true,"href":"https:\/\/de-prime.com\/index.php\/wp-json\/"}],"wp:attachment":[{"href":"https:\/\/de-prime.com\/index.php\/wp-json\/wp\/v2\/media?parent=58508"}],"wp:term":[{"taxonomy":"product_brand","embeddable":true,"href":"https:\/\/de-prime.com\/index.php\/wp-json\/wp\/v2\/product_brand?post=58508"},{"taxonomy":"product_cat","embeddable":true,"href":"https:\/\/de-prime.com\/index.php\/wp-json\/wp\/v2\/product_cat?post=58508"},{"taxonomy":"product_tag","embeddable":true,"href":"https:\/\/de-prime.com\/index.php\/wp-json\/wp\/v2\/product_tag?post=58508"}],"curies":[{"name":"wp","href":"https:\/\/api.w.org\/{rel}","templated":true}]}}