{"id":58483,"date":"2024-10-03T21:17:29","date_gmt":"2024-10-03T19:17:29","guid":{"rendered":"https:\/\/de-prime.com\/?p=58483"},"modified":"2024-10-03T21:34:51","modified_gmt":"2024-10-03T19:34:51","slug":"kuechenrueckwaende-2-stk-weiss-80x50-cm-hartglas","status":"publish","type":"product","link":"https:\/\/de-prime.com\/index.php\/product\/kuechenrueckwaende-2-stk-weiss-80x50-cm-hartglas\/","title":{"rendered":"K\u00fcchenr\u00fcckw\u00e4nde 2 Stk. Wei\u00df 80&#215;50 cm Hartglas"},"content":{"rendered":"<p>Die aus geh\u00e4rtetem Glas gefertigten K\u00fcchenr\u00fcckw\u00e4nde dienen als zuverl\u00e4ssiger Spritzschutz und sind eine praktische und dekorative Erg\u00e4nzung zu jeder K\u00fccheneinrichtung. St\u00e4rke und Sicherheit: Die K\u00fcchenr\u00fcckwand ist aus starkem und haltbarem Hartglas hergestellt und damit ist sie sto\u00dffest und temperaturbest\u00e4ndig (kann hohen Temperaturen von bis zu 240 \u2103 standhalten).Einfache Reinigung: Schmutz und Fett lassen sich von dieser R\u00fcckwand leicht entfernen.Einfache Montage: Mit dem mitgelieferten Montagezubeh\u00f6r l\u00e4sst sich die K\u00fcchenr\u00fcckwand einfach und sicher anbringen. Gut zu wissen:Das Glas ist bis zu einer Temperatur von 240 Grad getestet worden. Die Verwendung dieser K\u00fcchenr\u00fcckwand an einem Gasherd wird NICHT empfohlen.<\/p>\n<ul>\n<li>Farbe: Wei\u00df<\/li>\n<li>Material: Hartglas<\/li>\n<li>Abmessungen: 80 x 50 cm (L x B)<\/li>\n<li>Dicke: 6 mm<\/li>\n<li>Leicht zu reinigen<\/li>\n<li>Sch\u00fctzt die K\u00fcchenwand vor Fettspritzern<\/li>\n<li>Montagematerialien enthalten<\/li>\n<li><strong>Lieferung umfasst:<\/strong><\/li>\n<li>2 x K\u00fcchenr\u00fcckwand<\/li>\n<\/ul>\n","protected":false},"excerpt":{"rendered":"<ul>\n<li>Farbe: Wei\u00df<\/li>\n<li>Material: Hartglas<\/li>\n<li>Abmessungen: 80 x 50 cm (L x B)<\/li>\n<li>Dicke: 6 mm<\/li>\n<li>Leicht zu reinigen<\/li>\n<li>Sch\u00fctzt die K\u00fcchenwand vor Fettspritzern<\/li>\n<li>Montagematerialien enthalten<\/li>\n<li><strong>Lieferung umfasst:<\/strong><\/li>\n<li>2 x K\u00fcchenr\u00fcckwand<\/li>\n<\/ul>\n","protected":false},"featured_media":10000058483,"comment_status":"closed","ping_status":"closed","template":"","meta":[],"product_brand":[],"product_cat":[7048,7051,7062],"product_tag":[],"class_list":{"0":"post-58483","1":"product","2":"type-product","3":"status-publish","4":"has-post-thumbnail","6":"product_cat-heim-garten","7":"product_cat-kueche-esszimmer","8":"product_cat-kuechenhelfer-utensilien","10":"first","11":"instock","12":"taxable","13":"shipping-taxable","14":"purchasable","15":"product-type-simple","16":"add-to-wishlist-after_add_to_cart"},"jetpack_sharing_enabled":true,"_links":{"self":[{"href":"https:\/\/de-prime.com\/index.php\/wp-json\/wp\/v2\/product\/58483","targetHints":{"allow":["GET"]}}],"collection":[{"href":"https:\/\/de-prime.com\/index.php\/wp-json\/wp\/v2\/product"}],"about":[{"href":"https:\/\/de-prime.com\/index.php\/wp-json\/wp\/v2\/types\/product"}],"replies":[{"embeddable":true,"href":"https:\/\/de-prime.com\/index.php\/wp-json\/wp\/v2\/comments?post=58483"}],"wp:featuredmedia":[{"embeddable":true,"href":"https:\/\/de-prime.com\/index.php\/wp-json\/"}],"wp:attachment":[{"href":"https:\/\/de-prime.com\/index.php\/wp-json\/wp\/v2\/media?parent=58483"}],"wp:term":[{"taxonomy":"product_brand","embeddable":true,"href":"https:\/\/de-prime.com\/index.php\/wp-json\/wp\/v2\/product_brand?post=58483"},{"taxonomy":"product_cat","embeddable":true,"href":"https:\/\/de-prime.com\/index.php\/wp-json\/wp\/v2\/product_cat?post=58483"},{"taxonomy":"product_tag","embeddable":true,"href":"https:\/\/de-prime.com\/index.php\/wp-json\/wp\/v2\/product_tag?post=58483"}],"curies":[{"name":"wp","href":"https:\/\/api.w.org\/{rel}","templated":true}]}}